{"id":4740,"date":"2026-03-31T06:57:46","date_gmt":"2026-03-31T06:57:46","guid":{"rendered":"https:\/\/writology.com\/?page_id=4740"},"modified":"2026-03-31T06:57:46","modified_gmt":"2026-03-31T06:57:46","slug":"custom-writing-service","status":"publish","type":"page","link":"https:\/\/writology.com\/","title":{"rendered":"Schreibweise"},"content":{"rendered":"<div class=\"sc-text sc\">\n<div class=\"sc-content\">\n<h2>Gr\u00fcnde, um Hilfe beim benutzerdefinierten Schreiben zu erhalten<\/h2>\n<p>Heutzutage sind die Studierenden mit Studien und pers\u00f6nlichen Aktivit\u00e4ten \u00fcberfordert und verbinden h\u00e4ufig Studium, Arbeit und Familienleben. Bildungseinrichtungen k\u00fcmmern sich jedoch nicht wirklich darum, dass Studenten ihr Leben \u00fcber das Studium hinaus haben, und \u00dcberlastung mit Aufgaben kann einfach get\u00f6tet werden. Dennoch ist das Schreiben von Essays aus mehreren Gr\u00fcnden wichtig:<\/p>\n<div class=\"styled-list\">\n<ul>\n<li>Professoren k\u00f6nnen den Fortschritt und das Verst\u00e4ndnis des gelernten Materials \u00fcberpr\u00fcfen<\/li>\n<li>Sch\u00fcler k\u00f6nnen schriftliche Kommunikationsf\u00e4higkeiten entwickeln<\/li>\n<li>Sch\u00fcler verbessern die F\u00e4higkeiten des kritischen Denkens.<\/li>\n<\/ul>\n<\/div>\n<p>Wenn die Sch\u00fcler herausgefordert werden, so viele Schreibaufgaben rechtzeitig zu erledigen, hilft Writology.com dabei, Ideen zu recherchieren, Argumente zu entwickeln und benutzerdefinierte Papiere zu schreiben, die die Sch\u00fcler in ihren Klassen verwenden k\u00f6nnen. Das Anliegen von benutzerdefiniertem Schreiben ist normal und kann ein sicherer Ausweg f\u00fcr den ganzen Aufwand mit akademischen Aufgaben sein. Bei der Erbringung unserer Dienstleistungen k\u00f6nnen Sie akademische Erwartungen erf\u00fcllen und Zeit f\u00fcr Ihr pers\u00f6nliches Leben haben.<\/p>\n<p>Writology.com bietet Unterst\u00fctzung in \u00fcber 60 Disziplinen, und die meisten unserer Kunden sind Medizinstudenten. Unser Team versteht, dass die Sch\u00fcler ein extremes Leben haben, einschlie\u00dflich aller Aufgaben und Projekte, die Sie erledigen m\u00fcssen, und die lustige Zeit, die jeder Mensch einfach haben muss. Daher haben wir ein enormes Team, das alle unterst\u00fctzt, die professionelle Schreibdienste f\u00fcr die Pflege suchen.<\/p>\n<p>Wir haben ein gro\u00dfartiges Team von Experten f\u00fcr kundenspezifisches Schreiben, das alle Ihre Anforderungen an das akademische Schreiben erf\u00fcllt und Ihnen bei Ihren Aufgaben hilft. Wir sind sicher, dass Sie sich freuen werden, wenn Sie sich f\u00fcr unsere individuelle Hilfe beim Schreiben von Aufs\u00e4tzen entscheiden.<\/p>\n<h2>Beste benutzerdefinierte Essays von der vertrauensw\u00fcrdigen benutzerdefinierten Schreibfirma<\/h2>\n<p>Writology.com ist ein Premium-Anbieter von benutzerdefinierten Papierschreibdiensten, der seit \u00fcber 7 Jahren verschiedene Schreibanforderungen abdeckt. Wir haben Tausenden von Kunden unsere Dienstleistungen des benutzerdefinierten Schreibens erfolgreich erbracht, und die meisten von ihnen sind zu unseren treuen Kunden geworden, die ihre Freunde und Kollegen bei der Nutzung unserer Dienstleistungen beraten. Wir sind stolz darauf, von 4,7 bis 5-Sterne-Ranking auf Business Review-Websites zu absolvieren, was bedeutet, dass unsere Kunden unsere Dienstleistungen in hohem Ma\u00dfe bewerten und von ihnen profitieren.<\/p>\n<p>Wir haben ein professionelles Team, das Sie durch den gesamten Prozess f\u00fchrt, von der Bestellung Ihres Aufsatzes bis zum Erhalt Ihres benutzerdefinierten Papiers. Sie k\u00f6nnen benutzerdefinierte Essays von writology.com kaufen und sich den Dingen widmen, die wichtiger und dringender sind. Wir sind sicher, dass Sie und Ihre Kollegen benutzerdefinierte Essays lieben werden, die bei uns bestellt wurden, und sp\u00e4ter f\u00fcr unsere Schreibdienste zur\u00fcckkehren.<\/p>\n<h2>Vorteile der Verwendung von writology.com Custom Writing Service<\/h2>\n<p>Wir bieten zahlreiche attraktive Features, die Sie nur bei der Bestellung erhalten. Nur einige der grundlegenden Funktionen sind:<\/p>\n<div class=\"styled-list\">\n<ul>\n<li>Top-Qualit\u00e4t. Die Qualit\u00e4t unserer Dienstleistungen und Papiere ist eine unserer Priorit\u00e4ten. Wir garantieren, dass jede Bestellung ma\u00dfgeschneidert und individuell nach individuellen Anweisungen und Anforderungen aufbereitet wird. Wenn das Schreiben abgeschlossen ist, \u00fcberpr\u00fcft unsere Qualit\u00e4tskontrolle au\u00dferdem Konsistenz, Plagiat und andere m\u00f6gliche \u00fcbersehene Fehler, um sicherzustellen, dass Sie vollst\u00e4ndig polierte Papiere erhalten. <\/li>\n<li> Plagiatsfreies Schreiben. Plagiat ist ein Thema, auf das Hochschulen und Universit\u00e4ten aufmerksam achten. Wir verwenden nur ausgefeilte Plagiatssoftware, die Ihr Papier gegen Millionen von Papieren und Artikeln online \u00fcberpr\u00fcft. Sie k\u00f6nnen einen einfachen PDF-Plagiatsbericht als VIP-Service-Option oder einen detaillierten Bericht mit Kommentaren zu sogar zuf\u00e4lligen Plagiaten w\u00e4hlen, wenn Sie unser Premium- oder Premium-Schreibqualit\u00e4tspaket w\u00e4hlen.<\/li>\n<li>Vollzeit-Kundensupport. Unser Kundensupport-Team steht Ihnen rund um die Uhr zur Verf\u00fcgung. Sie k\u00f6nnen uns entweder im Live-Chat schreiben, anrufen oder einen R\u00fcckruf bestellen, um Antworten auf alle m\u00f6glichen Fragen zu erhalten, bevor Sie Ihre Bestellung aufgeben. Unser Kundensupport erkl\u00e4rt Ihnen alle Besonderheiten verschiedener Bestelltypen und Bestellprozesse, hilft Ihnen bei der Bestellung oder bei Ihrem Verfasser.<\/li>\n<li>Zus\u00e4tzliche Optionen und Funktionen. Wir bieten eine Vielzahl von VIP-Optionen, die Sie separat oder im Paket kaufen k\u00f6nnen. Au\u00dferdem verf\u00fcgen wir \u00fcber erstklassige und erstklassige Qualit\u00e4tsfunktionen, die die M\u00f6glichkeit bieten, einen unserer Top-Autoren dazu zu bringen, an Ihren Bestellungen zu arbeiten und einen detaillierten Plagiatsbericht zu erhalten.<\/li>\n<li>Preise und Rabatte. Wir sind r\u00fccksichtsvoll gegen\u00fcber allen unseren Kunden und haben solche Preisstrategien entwickelt, die sich verschiedene Kunden leisten k\u00f6nnen, um individuelles Schreiben von Papier zu kaufen. <\/li>\n<li> Kosteneffiziente L\u00e4nge. Wir z\u00e4hlen 300 W\u00f6rter pro Seite, was die Kosten f\u00fcr den Kauf eines benutzerdefinierten Papiers bei uns kosteng\u00fcnstiger macht. <\/li>\n<\/ul>\n<\/div>\n<h2>Team von qualifizierten benutzerdefinierten Essay-Autoren<\/h2>\n<p>Quality Custom Writing ist unser Hauptziel und unsere Priorit\u00e4t, und wir erreichen dies dank unseres Teams von professionellen, ma\u00dfgeschneiderten Essay-Autoren. Wir stellen nur diejenigen Autoren ein, die unser Engagement f\u00fcr Qualit\u00e4t teilen und strenge Tests und den Einstellungsprozess bestehen. Auf diese Weise stellen wir sicher, dass unsere Essay-Autoren den erforderlichen Abschluss in ihrem Bereich haben, gro\u00dfartige benutzerdefinierte Papiere entwickeln k\u00f6nnen und eine flei\u00dfige Einstellung zu ihrer Arbeit haben. So besteht das Team aus ma\u00dfgeschneiderten Essay-Autoren, die einen Master- oder Doktorgrad in Bereichen wie Sprachen und Literatur, Krankenpflege, Wirtschaft und Management, Geschichte, Philosophie und viele andere haben.<\/p>\n<h2>Sicherheit der Nutzung unserer Dienste<\/h2>\n<p>Datenschutz und Informationssicherheit sind heutzutage von gr\u00f6\u00dfter Bedeutung. Wir arbeiten nur \u00fcber sichere Verbindungen und sorgen daf\u00fcr, dass alle sensiblen Informationen privat bleiben. Daf\u00fcr:<\/p>\n<div class=\"styled-list\">\n<ul>\n<li>Wir sammeln und speichern keine sensiblen Informationen.<\/li>\n<li>Wir geben niemals irgendwelche Teile Ihrer pers\u00f6nlichen Daten an Dritte weiter. Auch Autoren k\u00f6nnen Ihre pers\u00f6nlichen Daten wie Ihren Namen nicht sehen.<\/li>\n<li>Wir verwenden nur vertrauensw\u00fcrdige sichere Zahlungsmethoden.<\/li>\n<\/ul>\n<\/div>\n<p>Wenn Sie unseren benutzerdefinierten Aufsatzschreibservice nutzen, k\u00f6nnen Sie sicher sein, dass Ihre Anonymit\u00e4t erhalten bleibt.<\/p>\n<h2>Gro\u00dfe Auswahl an benutzerdefinierten Schreibdiensten<\/h2>\n<p>Unser Leistungsspektrum variiert von akademischem Schreiben f\u00fcr Studenten bis hin zu individuellem Schreiben f\u00fcr gesch\u00e4ftliche Zwecke. Auf diese Weise k\u00f6nnen wir alle Studien- oder Universit\u00e4tsaufgaben f\u00fcr Studenten vorbereiten, die Schwierigkeiten haben oder keine Zeit f\u00fcr den Abschluss ihrer Aufs\u00e4tze haben.<\/p>\n<p>Wir bieten auch Dienstleistungen f\u00fcr Unternehmen und Autoren an, darunter SEO-Schreiben, Social-Media-Schreiben, Artikelschreibdienst und viele andere. Somit k\u00f6nnen wir alle inhaltlichen Schreibanforderungen abdecken, die Sie haben k\u00f6nnen.<\/p>\n<p>Neben dem benutzerdefinierten Schreiben von Grund auf neu sind unsere Autoren sehr an <a data-ft-id=\"0\">Umschreibdiensten <\/a> interessiert, was es f\u00fcr Sie erschwinglicher und effizienter macht, wenn Sie neue Inhalte ben\u00f6tigen, die die Hauptideen Ihres Textes bewahren w\u00fcrden.<\/p>\n<h2>Geben Sie Ihre Bestellungen bei writology.com auf und ernten Sie die Belohnungen des professionellen Schreibens<\/h2>\n<p>Writology.com ist hier, um Ihnen bei jeder Schreibaufgabe zu helfen. Wir bieten professionelle kundenspezifische Papierschreibdienste f\u00fcr Studenten, die das Gef\u00fchl haben, nicht mit der Menge an Aufgaben fertig zu werden oder Stress, wenn sie alle schreiben.<\/p>\n<p>Wir haben bereits Tausenden von Studenten beim Schreiben meiner Aufs\u00e4tze geholfen und sind stolz darauf, ihre erste Wahl zu sein, wenn sie Hilfe bei ihren Papieren ben\u00f6tigen. Um von der Expertise unserer professionellen, ma\u00dfgeschneiderten Essay-Autoren zu profitieren, m\u00fcssen Sie nur eine Bestellung bei uns aufgeben oder Ihre benutzerdefinierten Schreibanfrage an unseren Support richten.<\/p>\n<\/p>\n<\/div>\n<\/div>\n","protected":false},"excerpt":{"rendered":"<p>Gr\u00fcnde, um Hilfe beim benutzerdefinierten Schreiben zu erhalten Heutzutage sind die Studierenden mit Studien und pers\u00f6nlichen Aktivit\u00e4ten \u00fcberfordert und verbinden h\u00e4ufig Studium, Arbeit und Familienleben. Bildungseinrichtungen k\u00fcmmern sich jedoch nicht wirklich darum, dass Studenten ihr Leben \u00fcber das Studium hinaus&#8230;<\/p>\n","protected":false},"author":1,"featured_media":0,"parent":0,"menu_order":0,"comment_status":"closed","ping_status":"closed","template":"index.php","meta":{"_acf_changed":false,"_locale":"de_DE","_original_post":"http:\/\/writology.com\/?page_id=5","footnotes":""},"class_list":["post-4740","page","type-page","status-publish","hentry","de-DE","entry"],"acf":[],"yoast_head":"<!-- This site is optimized with the Yoast SEO plugin v27.3 - https:\/\/yoast.com\/product\/yoast-seo-wordpress\/ -->\n<title>Writologie\u270d\ufe0f: Experte Custom Writing Services<\/title>\n<meta name=\"description\" content=\"Writology&#039;s Custom Essay Writing Service - Steigerung Ihrer Noten und Seelenfrieden. Erleben Sie au\u00dfergew\u00f6hnliche Qualit\u00e4t, p\u00fcnktliche Lieferung und pers\u00f6nlichen Service, um Ihre Schreibprojekte zu verbessern.\" \/>\n<meta name=\"robots\" content=\"index, follow, max-snippet:-1, max-image-preview:large, max-video-preview:-1\" \/>\n<link rel=\"canonical\" href=\"https:\/\/writology.com\/de\/\" \/>\n<meta property=\"og:locale\" content=\"de_DE\" \/>\n<meta property=\"og:type\" content=\"article\" \/>\n<meta property=\"og:title\" content=\"Writologie\u270d\ufe0f: Experte Custom Writing Services\" \/>\n<meta property=\"og:description\" content=\"Writology&#039;s Custom Essay Writing Service - Steigerung Ihrer Noten und Seelenfrieden. Erleben Sie au\u00dfergew\u00f6hnliche Qualit\u00e4t, p\u00fcnktliche Lieferung und pers\u00f6nlichen Service, um Ihre Schreibprojekte zu verbessern.\" \/>\n<meta property=\"og:url\" content=\"https:\/\/writology.com\/de\/\" \/>\n<meta property=\"og:site_name\" content=\"Writology\" \/>\n<meta property=\"article:publisher\" content=\"https:\/\/www.facebook.com\/writologyofficial\" \/>\n<meta property=\"og:image\" content=\"https:\/\/writology.com\/wp-content\/uploads\/2023\/05\/writology-home.png\" \/>\n\t<meta property=\"og:image:width\" content=\"1200\" \/>\n\t<meta property=\"og:image:height\" content=\"675\" \/>\n\t<meta property=\"og:image:type\" content=\"image\/png\" \/>\n<meta name=\"twitter:card\" content=\"summary_large_image\" \/>\n<meta name=\"twitter:site\" content=\"@FWritings\" \/>\n<meta name=\"twitter:label1\" content=\"Est. reading time\" \/>\n\t<meta name=\"twitter:data1\" content=\"6\u00a0Minuten\" \/>\n<!-- \/ Yoast SEO plugin. -->","yoast_head_json":{"title":"Writologie\u270d\ufe0f: Experte Custom Writing Services","description":"Writology's Custom Essay Writing Service - Steigerung Ihrer Noten und Seelenfrieden. Erleben Sie au\u00dfergew\u00f6hnliche Qualit\u00e4t, p\u00fcnktliche Lieferung und pers\u00f6nlichen Service, um Ihre Schreibprojekte zu verbessern.","robots":{"index":"index","follow":"follow","max-snippet":"max-snippet:-1","max-image-preview":"max-image-preview:large","max-video-preview":"max-video-preview:-1"},"canonical":"https:\/\/writology.com\/de\/","og_locale":"de_DE","og_type":"article","og_title":"Writologie\u270d\ufe0f: Experte Custom Writing Services","og_description":"Writology's Custom Essay Writing Service - Steigerung Ihrer Noten und Seelenfrieden. Erleben Sie au\u00dfergew\u00f6hnliche Qualit\u00e4t, p\u00fcnktliche Lieferung und pers\u00f6nlichen Service, um Ihre Schreibprojekte zu verbessern.","og_url":"https:\/\/writology.com\/de\/","og_site_name":"Writology","article_publisher":"https:\/\/www.facebook.com\/writologyofficial","og_image":[{"width":1200,"height":675,"url":"https:\/\/writology.com\/wp-content\/uploads\/2023\/05\/writology-home.png","type":"image\/png"}],"twitter_card":"summary_large_image","twitter_site":"@FWritings","twitter_misc":{"Est. reading time":"6\u00a0Minuten"},"schema":{"@context":"https:\/\/schema.org","@graph":[{"@type":"WebPage","@id":"https:\/\/writology.com\/de\/","url":"https:\/\/writology.com\/de\/","name":"Writologie\u270d\ufe0f: Experte Custom Writing Services","isPartOf":{"@id":"https:\/\/writology.com\/#website"},"datePublished":"2026-03-31T06:57:46+00:00","description":"Writology's Custom Essay Writing Service - Steigerung Ihrer Noten und Seelenfrieden. Erleben Sie au\u00dfergew\u00f6hnliche Qualit\u00e4t, p\u00fcnktliche Lieferung und pers\u00f6nlichen Service, um Ihre Schreibprojekte zu verbessern.","breadcrumb":{"@id":"https:\/\/writology.com\/de\/#breadcrumb"},"inLanguage":"de","potentialAction":[{"@type":"ReadAction","target":["https:\/\/writology.com\/de\/"]}]},{"@type":"BreadcrumbList","@id":"https:\/\/writology.com\/de\/#breadcrumb","itemListElement":[{"@type":"ListItem","position":1,"name":"Home","item":"https:\/\/writology.com\/de\/"},{"@type":"ListItem","position":2,"name":"Schreibweise"}]},{"@type":"WebSite","@id":"https:\/\/writology.com\/#website","url":"https:\/\/writology.com\/","name":"Writology","description":"Order writing and editing services from Writology professionals","publisher":{"@id":"https:\/\/writology.com\/#organization"},"potentialAction":[{"@type":"SearchAction","target":{"@type":"EntryPoint","urlTemplate":"https:\/\/writology.com\/?s={search_term_string}"},"query-input":{"@type":"PropertyValueSpecification","valueRequired":true,"valueName":"search_term_string"}}],"inLanguage":"de"},{"@type":"Organization","@id":"https:\/\/writology.com\/#organization","name":"Writology.com","url":"https:\/\/writology.com\/","logo":{"@type":"ImageObject","inLanguage":"de","@id":"https:\/\/writology.com\/#\/schema\/logo\/image\/","url":"https:\/\/writology.com\/wp-content\/uploads\/2021\/12\/header-logo.svg","contentUrl":"https:\/\/writology.com\/wp-content\/uploads\/2021\/12\/header-logo.svg","width":1,"height":1,"caption":"Writology.com"},"image":{"@id":"https:\/\/writology.com\/#\/schema\/logo\/image\/"},"sameAs":["https:\/\/www.facebook.com\/writologyofficial","https:\/\/x.com\/FWritings"]}]}},"_links":{"self":[{"href":"https:\/\/writology.com\/wp-json\/wp\/v2\/pages\/4740","targetHints":{"allow":["GET"]}}],"collection":[{"href":"https:\/\/writology.com\/wp-json\/wp\/v2\/pages"}],"about":[{"href":"https:\/\/writology.com\/wp-json\/wp\/v2\/types\/page"}],"author":[{"embeddable":true,"href":"https:\/\/writology.com\/wp-json\/wp\/v2\/users\/1"}],"replies":[{"embeddable":true,"href":"https:\/\/writology.com\/wp-json\/wp\/v2\/comments?post=4740"}],"version-history":[{"count":1,"href":"https:\/\/writology.com\/wp-json\/wp\/v2\/pages\/4740\/revisions"}],"predecessor-version":[{"id":5082,"href":"https:\/\/writology.com\/wp-json\/wp\/v2\/pages\/4740\/revisions\/5082"}],"wp:attachment":[{"href":"https:\/\/writology.com\/wp-json\/wp\/v2\/media?parent=4740"}],"curies":[{"name":"wp","href":"https:\/\/api.w.org\/{rel}","templated":true}]}}