{"id":4750,"date":"2026-03-31T06:57:45","date_gmt":"2026-03-31T06:57:45","guid":{"rendered":"https:\/\/writology.com\/?page_id=4750"},"modified":"2026-03-31T06:57:45","modified_gmt":"2026-03-31T06:57:45","slug":"fair-use-policy","status":"publish","type":"page","link":"https:\/\/writology.com\/de\/fair-use-policy","title":{"rendered":"Fair-Use-Richtlinie"},"content":{"rendered":"<p>Unter den Gesch\u00e4ftsbedingungen unseres Unternehmens ist die Fair-Use-Politik von gro\u00dfer Bedeutung, da sie Stabilit\u00e4t und Transparenz der Beziehungen zwischen dem Kunden und dem Unternehmen gew\u00e4hrleistet. Im Falle von Konflikten oder Missverst\u00e4ndnissen ist die Fair-Use-Richtlinie daher die Richtlinie, auf die Sie sich verlassen k\u00f6nnen.<\/p>\n<p>Im Einzelnen werden die wichtigsten Prinzipien der Zusammenarbeit sowie die Garantien des Unternehmens beschrieben. Dar\u00fcber hinaus finden Sie eine klare Anleitung, wie Sie unsere Dienste nutzen k\u00f6nnen, um Missverst\u00e4ndnisse oder Verwirrung zu vermeiden.<\/p>\n<h2>Was ist eine faire Nutzungspolitik?<\/h2>\n<p>Unser Unternehmen bietet erstklassige Dienstleistungen mit dem Ziel, Studierende unterschiedlicher akademischer Ebenen bei Schreibaufgaben zu unterst\u00fctzen. Neben der Bereitstellung von kundenspezifischen Schreibdiensten bietet unser Unternehmen auch professionelle Anleitungen bei allen anderen Schreibaufgaben, die Studenten auf ihrem akademischen Weg erhalten. Unser Unternehmen besteht aus fachkundigen Fachleuten, die auch den kompliziertesten akademischen Aufgaben mehr Verst\u00e4ndnis vermitteln k\u00f6nnen.<\/p>\n<p>Sie werden sich in Ihrem Studium sicher \u00fcbertreffen und mit Hilfe unseres Unternehmens angenehm finden. Wenn Sie Papiere von uns erhalten, k\u00f6nnen Sie diese als Muster f\u00fcr Ihre zuk\u00fcnftigen Aufgaben verwenden, d. H. Sie lernen, wie Sie Papiere strukturieren und Ideen auf logische und konsistente Weise entwickeln. Sie sollten sich auf jeden Fall mit der Richtlinie vertraut machen, um zu wissen, welche Papiersorten Sie bei uns bestellen k\u00f6nnen und welche Formen der Zusammenarbeit verf\u00fcgbar sind.<\/p>\n<p>Die Unterst\u00fctzung unserer Autoren richtet sich an Studenten, die Schwierigkeiten haben, akademisches Schreiben zu erreichen. Wenn Sie Ihren Lehrplan wirklich herausfordernd und kompliziert finden oder viele Materialien recherchieren m\u00fcssen, aber keine Zeit daf\u00fcr haben, k\u00f6nnen Sie sich auf unser Unternehmen verlassen.<\/p>\n<p>Unser Service ist legitim, daher sollten alle Papiere, die Sie von uns erhalten, nur f\u00fcr Ihre eigenen akademischen Zwecke verwendet werden, aber nicht f\u00fcr irgendeine Art von Fehlverhalten. Sie k\u00f6nnen sich auf unsere Autoren als Vorbild verlassen, die Sie durch den Prozess des Schreibens f\u00fchren k\u00f6nnen. Unser Ziel ist es nicht nur, Ihnen qualitativ hochwertige Hilfe beim Schreiben zu bieten, sondern Ihnen auch die grundlegenden Richtlinien f\u00fcr das Schreiben zu pr\u00e4sentieren, damit Sie auch selbst wissenschaftliche Arbeiten bew\u00e4ltigen k\u00f6nnen.<\/p>\n<p>Bestellungen, die Sie von uns erhalten, dienen folgenden Zwecken:<\/p>\n<ol>\n<li>\n<p role=\"presentation\">Geben Sie Ihnen Verst\u00e4ndnis f\u00fcr das allgemeine Konzept \/ die Idee \/ das Thema, das Sie untersuchen m\u00fcssen.<\/p>\n<\/li>\n<li>\n<p role=\"presentation\">Kl\u00e4ren Sie die Papieranforderungen und geben Sie einen Musterentwurf gem\u00e4\u00df den Anweisungen an.<\/p>\n<\/li>\n<li>\n<p role=\"presentation\">Geben Sie Klarheit dar\u00fcber, wie Sie mit der Aufgabe oder dem Forschungsbereich umgehen sollen.<\/p>\n<\/li>\n<li>\n<p role=\"presentation\">Teilen Sie eine Gliederung \/ einen Plan f\u00fcr Ihre zuk\u00fcnftigen Arbeiten oder Studien.<\/p>\n<\/li>\n<li>\n<p role=\"presentation\">Geben Sie ein ausreichendes Verst\u00e4ndnis der Terminologie oder des Fachjargons, um das Thema angemessen zu bew\u00e4ltigen.<\/p>\n<\/li>\n<li>\n<p role=\"presentation\">Strukturieren Sie das Wissen, das Sie bereits zu dem gegebenen Thema haben.<\/p>\n<\/li>\n<li>\n<p role=\"presentation\">Stellen Sie glaubw\u00fcrdige und von Experten begutachtete Quellen zur Verf\u00fcgung, die als Beweismittel verwendet werden k\u00f6nnten.<\/p>\n<\/li>\n<\/ol>\n<p>Bestellungen von unserer Website sollten wie folgt behandelt werden:<\/p>\n<ol>\n<li>\n<p role=\"presentation\">zus\u00e4tzliche Ressourcen zu erhalten, um das gegebene Thema zu recherchieren.<\/p>\n<\/li>\n<li>\n<p role=\"presentation\">Die allgemeine Idee zu erfassen und als Ausgangspunkt f\u00fcr die Erstellung eines Originalschreibens selbst zu verwenden.<\/p>\n<\/li>\n<li>\n<p role=\"presentation\">Um sicherzustellen, dass Ihr eigenes Verst\u00e4ndnis des Themas korrekt ist.<\/p>\n<\/li>\n<li>\n<p role=\"presentation\">Um die grundlegenden Punkte des Themas kennenzulernen, damit Sie sich in Ihrem eigenen Papier konzentrieren k\u00f6nnen.<\/p>\n<\/li>\n<li>\n<p role=\"presentation\">Neue Ideen, Argumente, Meinungen zum zugewiesenen Thema zu formulieren.<\/p>\n<\/li>\n<li>\n<p role=\"presentation\">sich gegens\u00e4tzliche Argumente einfallen lassen.<\/p>\n<\/li>\n<li>\n<p role=\"presentation\">sicherzustellen, dass die Forschung den akademischen Schreib- und Formatierungsstandards entspricht.<\/p>\n<\/li>\n<\/ol>\n<p>Wir bitten Sie, die Regeln der akademischen Integrit\u00e4t zu befolgen und Papiere, die Sie von uns erhalten, als fehlerfreie Muster f\u00fcr Ihre eigene Originalrecherche zu verwenden.<\/p>\n<h2>Null Plagiatspolitik<\/h2>\n<p>Wir tolerieren kein Plagiat, das die Verwendung der Arbeit oder des geistigen Eigentums anderer bezeichnet und es als w\u00e4re es Ihr eigenes. Plagiat geh\u00f6rt zu den strengsten Verst\u00f6\u00dfen gegen die Prinzipien der akademischen Integrit\u00e4t. Wenn Sie also Papiere als Ihre eigenen einreichen, werden Sie diese nicht ordnungsgem\u00e4\u00df verwenden und sich sogar diskreditieren.<\/p>\n<h2>Gew\u00e4hrleistung einer fairen Nutzung<\/h2>\n<p>Wenn Sie unseren Service nutzen, reichen Sie keine Papiere ein, als w\u00e4ren sie Ihre eigenen. Das Beanspruchen Ihrer Urheberschaft ist eine Verletzung der geistigen Rechte. Verwenden Sie daher die Muster als Vorlage f\u00fcr Ihre eigenen Originalwerke. Weitere Informationen \u00fcber die Originalit\u00e4t von Inhalten finden Sie in den Gr\u00fcnden f\u00fcr die faire Verwendung. Denken Sie au\u00dferdem daran, Ihre akademischen Arbeiten \u00fcber Anti-Plagiat-Software zu scannen.<\/p>\n<p>Alle Papiermuster, die Sie von unserem Service erhalten, sollen Ihnen helfen, die akademischen Aufgaben besser zu verstehen. Insbesondere k\u00f6nnen Sie sie verwenden, um die Struktur und Organisation Ihrer akademischen Arbeit zu verbessern. Denken Sie au\u00dferdem daran, dass Sie keine Papiere an Ihre Bekannten oder Gruppenkameraden verteilen oder weiterverkaufen sollten.<\/p>\n<p>Wenn Sie Dienstleistungen nicht gem\u00e4\u00df unserer Fair-Use-Richtlinie nutzen, k\u00f6nnen Sie auf die durch die Regeln und Vorschriften Ihrer Bildungseinrichtung beschriebenen Konsequenzen sto\u00dfen. Halten Sie sich daher an die Richtlinie, um Missverst\u00e4ndnisse zu vermeiden. Wenn Sie mit der Fair-Use-Politik nicht einverstanden sind, bedeutet dies, dass die Zusammenarbeit mit uns f\u00fcr Sie kaum wirksam und fruchtbar ist.<\/p>\n<h2>Kontaktieren Sie unseren Service<\/h2>\n<p>Wir freuen uns immer, wenn sich neue Kunden an uns wenden, um Hilfe zu erhalten. Unsererseits arbeiten wir lieber mit denen zusammen, die Prinzipien der akademischen Integrit\u00e4t teilen. Unser professionelles Team ist bereit, sich mit Fragen der unfairen Servicenutzung zu befassen. Wir garantieren Anti-Plagiat-Ma\u00dfnahmen zur Durchf\u00fchrung von Inhaltspr\u00fcfungen aller Bestellungen.<\/p>\n<p>Wenn Sie Fragen zu unserem Unternehmen oder zur Fair-Use-Richtlinie haben, k\u00f6nnen Sie uns gerne per E-Mail support@writology.com kontaktieren.<\/p>\n","protected":false},"excerpt":{"rendered":"<p>Unter den Gesch\u00e4ftsbedingungen unseres Unternehmens ist die Fair-Use-Politik von gro\u00dfer Bedeutung, da sie Stabilit\u00e4t und Transparenz der Beziehungen zwischen dem Kunden und dem Unternehmen gew\u00e4hrleistet. Im Falle von Konflikten oder Missverst\u00e4ndnissen ist die Fair-Use-Richtlinie daher die Richtlinie, auf die Sie&#8230;<\/p>\n","protected":false},"author":1,"featured_media":0,"parent":0,"menu_order":0,"comment_status":"closed","ping_status":"closed","template":"","meta":{"_acf_changed":false,"_locale":"de_DE","_original_post":"https:\/\/writology.com\/?page_id=2335","footnotes":""},"class_list":["post-4750","page","type-page","status-publish","hentry","de-DE","entry"],"acf":[],"yoast_head":"<!-- This site is optimized with the Yoast SEO plugin v27.3 - https:\/\/yoast.com\/product\/yoast-seo-wordpress\/ -->\n<title>Fair-Use-Richtlinie<\/title>\n<meta name=\"description\" content=\"Was ist eine faire Nutzungspolitik?\" \/>\n<meta name=\"robots\" content=\"index, follow, max-snippet:-1, max-image-preview:large, max-video-preview:-1\" \/>\n<link rel=\"canonical\" href=\"https:\/\/writology.com\/de\/fair-use-policy\" \/>\n<meta property=\"og:locale\" content=\"de_DE\" \/>\n<meta property=\"og:type\" content=\"article\" \/>\n<meta property=\"og:title\" content=\"Fair-Use-Richtlinie\" \/>\n<meta property=\"og:description\" content=\"Was ist eine faire Nutzungspolitik?\" \/>\n<meta property=\"og:url\" content=\"https:\/\/writology.com\/de\/fair-use-policy\" \/>\n<meta property=\"og:site_name\" content=\"Writology\" \/>\n<meta property=\"article:publisher\" content=\"https:\/\/www.facebook.com\/writologyofficial\" \/>\n<meta property=\"og:image\" content=\"https:\/\/writology.com\/wp-content\/uploads\/2023\/05\/writology-home.png\" \/>\n\t<meta property=\"og:image:width\" content=\"1200\" \/>\n\t<meta property=\"og:image:height\" content=\"675\" \/>\n\t<meta property=\"og:image:type\" content=\"image\/png\" \/>\n<meta name=\"twitter:card\" content=\"summary_large_image\" \/>\n<meta name=\"twitter:site\" content=\"@FWritings\" \/>\n<meta name=\"twitter:label1\" content=\"Est. reading time\" \/>\n\t<meta name=\"twitter:data1\" content=\"5\u00a0Minuten\" \/>\n<!-- \/ Yoast SEO plugin. -->","yoast_head_json":{"title":"Fair-Use-Richtlinie","description":"Was ist eine faire Nutzungspolitik?","robots":{"index":"index","follow":"follow","max-snippet":"max-snippet:-1","max-image-preview":"max-image-preview:large","max-video-preview":"max-video-preview:-1"},"canonical":"https:\/\/writology.com\/de\/fair-use-policy","og_locale":"de_DE","og_type":"article","og_title":"Fair-Use-Richtlinie","og_description":"Was ist eine faire Nutzungspolitik?","og_url":"https:\/\/writology.com\/de\/fair-use-policy","og_site_name":"Writology","article_publisher":"https:\/\/www.facebook.com\/writologyofficial","og_image":[{"width":1200,"height":675,"url":"https:\/\/writology.com\/wp-content\/uploads\/2023\/05\/writology-home.png","type":"image\/png"}],"twitter_card":"summary_large_image","twitter_site":"@FWritings","twitter_misc":{"Est. reading time":"5\u00a0Minuten"},"schema":{"@context":"https:\/\/schema.org","@graph":[{"@type":"WebPage","@id":"https:\/\/writology.com\/de\/fair-use-policy","url":"https:\/\/writology.com\/de\/fair-use-policy","name":"Fair-Use-Richtlinie","isPartOf":{"@id":"https:\/\/writology.com\/#website"},"datePublished":"2026-03-31T06:57:45+00:00","description":"Was ist eine faire Nutzungspolitik?","breadcrumb":{"@id":"https:\/\/writology.com\/de\/fair-use-policy#breadcrumb"},"inLanguage":"de","potentialAction":[{"@type":"ReadAction","target":["https:\/\/writology.com\/de\/fair-use-policy"]}]},{"@type":"BreadcrumbList","@id":"https:\/\/writology.com\/de\/fair-use-policy#breadcrumb","itemListElement":[{"@type":"ListItem","position":1,"name":"Home","item":"https:\/\/writology.com\/de\/"},{"@type":"ListItem","position":2,"name":"Fair-Use-Richtlinie"}]},{"@type":"WebSite","@id":"https:\/\/writology.com\/#website","url":"https:\/\/writology.com\/","name":"Writology","description":"Order writing and editing services from Writology professionals","publisher":{"@id":"https:\/\/writology.com\/#organization"},"potentialAction":[{"@type":"SearchAction","target":{"@type":"EntryPoint","urlTemplate":"https:\/\/writology.com\/?s={search_term_string}"},"query-input":{"@type":"PropertyValueSpecification","valueRequired":true,"valueName":"search_term_string"}}],"inLanguage":"de"},{"@type":"Organization","@id":"https:\/\/writology.com\/#organization","name":"Writology.com","url":"https:\/\/writology.com\/","logo":{"@type":"ImageObject","inLanguage":"de","@id":"https:\/\/writology.com\/#\/schema\/logo\/image\/","url":"https:\/\/writology.com\/wp-content\/uploads\/2021\/12\/header-logo.svg","contentUrl":"https:\/\/writology.com\/wp-content\/uploads\/2021\/12\/header-logo.svg","width":1,"height":1,"caption":"Writology.com"},"image":{"@id":"https:\/\/writology.com\/#\/schema\/logo\/image\/"},"sameAs":["https:\/\/www.facebook.com\/writologyofficial","https:\/\/x.com\/FWritings"]}]}},"_links":{"self":[{"href":"https:\/\/writology.com\/wp-json\/wp\/v2\/pages\/4750","targetHints":{"allow":["GET"]}}],"collection":[{"href":"https:\/\/writology.com\/wp-json\/wp\/v2\/pages"}],"about":[{"href":"https:\/\/writology.com\/wp-json\/wp\/v2\/types\/page"}],"author":[{"embeddable":true,"href":"https:\/\/writology.com\/wp-json\/wp\/v2\/users\/1"}],"replies":[{"embeddable":true,"href":"https:\/\/writology.com\/wp-json\/wp\/v2\/comments?post=4750"}],"version-history":[{"count":1,"href":"https:\/\/writology.com\/wp-json\/wp\/v2\/pages\/4750\/revisions"}],"predecessor-version":[{"id":5076,"href":"https:\/\/writology.com\/wp-json\/wp\/v2\/pages\/4750\/revisions\/5076"}],"wp:attachment":[{"href":"https:\/\/writology.com\/wp-json\/wp\/v2\/media?parent=4750"}],"curies":[{"name":"wp","href":"https:\/\/api.w.org\/{rel}","templated":true}]}}