{"id":4751,"date":"2026-03-31T06:57:45","date_gmt":"2026-03-31T06:57:45","guid":{"rendered":"https:\/\/writology.com\/?page_id=4751"},"modified":"2026-03-31T06:57:45","modified_gmt":"2026-03-31T06:57:45","slug":"cookie-policy","status":"publish","type":"page","link":"https:\/\/writology.com\/de\/cookie-policy","title":{"rendered":"Cookie-Richtlinie"},"content":{"rendered":"<p>Um die Transparenz unserer Gesch\u00e4ftst\u00e4tigkeit zu gew\u00e4hrleisten, zielt diese Cookie-Richtlinie darauf ab, zu skizzieren, wie wir Cookies zur Erfassung und Verarbeitung von Daten verwenden. In dieser Richtlinie bezieht sich \u201ewir\u201c, \u201eunser\u201c, \u201euns\u201c auf writology.com, den Datenverarbeiter, wie in unseren <a href=\"https:\/\/writology.com\/terms\">Nutzungsbedingungen<\/a> und <a href=\"https:\/\/writology.com\/policy\">Datenschutzrichtlinie<\/a> definiert. Durch die Verwendung von Cookies und anderen Tracking-Technologien wie Beacons und Pixeln sammeln wir Daten \u00fcber Browsing-Ger\u00e4te und Erlebnisse, die Sie nicht als Person identifizieren k\u00f6nnen.<\/p>\n<h2>Verwendung von Cookies<\/h2>\n<p>Cookies sind kleine Datendateien auf Ihrem Ger\u00e4t, die uns bei der Bereitstellung ma\u00dfgeschneiderter Dienste unterst\u00fctzen. Sie k\u00f6nnen sich beispielsweise jederzeit anmelden, ohne Ihren Benutzernamen einzugeben, sich an Ihre Einstellungen und Einstellungen zu merken und die Funktionalit\u00e4t unseres Bestellsystems sicherzustellen.<\/p>\n<h2>Arten von Cookies, die wir verwenden<\/h2>\n<ul>\n<li>\n<p role=\"presentation\">Grundlegende Cookies: Diese sind f\u00fcr den Betrieb unserer Website von entscheidender Bedeutung, da sie Kernfunktionen erm\u00f6glichen, die mit dem sofortigen Betrieb unserer Website verbunden sind, wie z. B. Sicherheit, Netzwerkverwaltung und Zug\u00e4nglichkeit.<\/p>\n<\/li>\n<li>\n<p role=\"presentation\">Leistungs-Cookies: Diese sammeln Informationen dar\u00fcber, wie Sie unsere Website nutzen, und helfen uns dabei, unsere Dienste und Ihre Erfahrung zu verbessern, indem sie Muster des Benutzerverhaltens und der Informationen der Besucher unserer Website verstehen.<\/p>\n<\/li>\n<li>\n<p role=\"presentation\">Funktionale Cookies: Diese werden verwendet, um sich an Ihre Pr\u00e4ferenzen und Entscheidungen wie Sprache oder Region zu erinnern und ein personalisierteres Erlebnis beim Surfen auf der Website und bei der Nutzung unserer Dienste zu bieten.<\/p>\n<\/li>\n<li>\n<p role=\"presentation\">Werbe-Cookies: Diese werden verwendet, um Ihnen relevante Anzeigen zu liefern und die Effizienz unserer Werbe- und Werbekampagnen zu verfolgen.<\/p>\n<\/li>\n<\/ul>\n<h2>Andere Tracking-Technologien<\/h2>\n<p>Zus\u00e4tzlich zu Cookies k\u00f6nnen wir Web Beacons, Pixel und andere Tracking-Technologien verwenden, um Informationen \u00fcber Ihre Aktivit\u00e4ten auf unserer Website zu sammeln. Diese Technologien helfen uns, Ihre Pr\u00e4ferenzen zu verstehen, die Relevanz der Inhalte, die wir Ihnen pr\u00e4sentieren, zu verbessern und das allgemeine Benutzererlebnis beim Surfen auf unserer Website und der Nutzung unserer Dienste zu verbessern.<\/p>\n<h2>Verwalten von Cookies<\/h2>\n<p>Sie k\u00f6nnen Cookies auf Ihrem Ger\u00e4t steuern und verwalten, indem Sie alle akzeptieren oder ausw\u00e4hlen, die Sie beim ersten Besuch unserer Website f\u00fcr notwendig halten und aufgefordert werden, sich mit den Cookie-Richtlinien vertraut zu machen und diese zu akzeptieren. Sie k\u00f6nnen Cookies blockieren oder Benachrichtigungen erhalten, wenn sie gesendet werden. Es ist jedoch erw\u00e4hnenswert, dass das Deaktivieren von Cookies die Verf\u00fcgbarkeit und Funktionalit\u00e4t unserer Dienste beeintr\u00e4chtigen kann.<\/p>\n<p>Dar\u00fcber hinaus k\u00f6nnen Sie die Arten von Cookies verwalten, die Sie in den Einstellungen Ihres Browsers zulassen. F\u00fcr weitere Informationen zur Steuerung und Verwaltung von Cookies folgen Sie dem f\u00fcr Sie relevanten Link:<\/p>\n<p><a data-ft-id=\"0\">Microsoft Edge Internet Explorer<\/a><\/p>\n<p><a data-ft-id=\"0\">Chrom-Browser-Cookies<\/a><\/p>\n<p><a data-ft-id=\"0\">Mozilla Firefox-Browser-Cookies<\/a><\/p>\n<p><a data-ft-id=\"0\">Safari-Browser-Cookies<\/a><\/p>\n<p>Sie k\u00f6nnen auch mehr dar\u00fcber lesen und erfahren, was Cookies ausmachen, wie sie allgemein verwendet werden und zu welchen Zwecken, ob ihre Verwendung gesetzeskonform ist, und andere wertvolle Informationen in diesem <a data-ft-id=\"0\">Detailhandbuch<\/a> von AllaboutCookies.org.<\/p>\n<p>Unser Engagement f\u00fcr Transparenz bedeutet, dass Sie sich dar\u00fcber im Klaren sind, wie Tracking-Technologien wie Cookies zur Funktionalit\u00e4t unserer Dienste beitragen. Wenn Sie Fragen zu unserer Verwendung von Cookies und anderen Technologien haben, k\u00f6nnen Sie uns unter support@writology.com kontaktieren, um alle Fragen beantwortet zu bekommen.<\/p>\n","protected":false},"excerpt":{"rendered":"<p>Um die Transparenz unserer Gesch\u00e4ftst\u00e4tigkeit zu gew\u00e4hrleisten, zielt diese Cookie-Richtlinie darauf ab, zu skizzieren, wie wir Cookies zur Erfassung und Verarbeitung von Daten verwenden. In dieser Richtlinie bezieht sich \u201ewir\u201c, \u201eunser\u201c, \u201euns\u201c auf writology.com, den Datenverarbeiter, wie in unseren Nutzungsbedingungen&#8230;<\/p>\n","protected":false},"author":1,"featured_media":0,"parent":0,"menu_order":0,"comment_status":"closed","ping_status":"closed","template":"","meta":{"_acf_changed":false,"_locale":"de_DE","_original_post":"https:\/\/writology.com\/?page_id=3095","footnotes":""},"class_list":["post-4751","page","type-page","status-publish","hentry","de-DE","entry"],"acf":[],"yoast_head":"<!-- This site is optimized with the Yoast SEO plugin v27.3 - https:\/\/yoast.com\/product\/yoast-seo-wordpress\/ -->\n<title>Cookie-Richtlinie - Writology<\/title>\n<meta name=\"robots\" content=\"index, follow, max-snippet:-1, max-image-preview:large, max-video-preview:-1\" \/>\n<link rel=\"canonical\" href=\"https:\/\/writology.com\/de\/cookie-policy\" \/>\n<meta property=\"og:locale\" content=\"de_DE\" \/>\n<meta property=\"og:type\" content=\"article\" \/>\n<meta property=\"og:title\" content=\"Cookie-Richtlinie - Writology\" \/>\n<meta property=\"og:description\" content=\"Um die Transparenz unserer Gesch\u00e4ftst\u00e4tigkeit zu gew\u00e4hrleisten, zielt diese Cookie-Richtlinie darauf ab, zu skizzieren, wie wir Cookies zur Erfassung und Verarbeitung von Daten verwenden. In dieser Richtlinie bezieht sich \u201ewir\u201c, \u201eunser\u201c, \u201euns\u201c auf writology.com, den Datenverarbeiter, wie in unseren Nutzungsbedingungen...\" \/>\n<meta property=\"og:url\" content=\"https:\/\/writology.com\/de\/cookie-policy\" \/>\n<meta property=\"og:site_name\" content=\"Writology\" \/>\n<meta property=\"article:publisher\" content=\"https:\/\/www.facebook.com\/writologyofficial\" \/>\n<meta property=\"og:image\" content=\"https:\/\/writology.com\/wp-content\/uploads\/2023\/05\/writology-home.png\" \/>\n\t<meta property=\"og:image:width\" content=\"1200\" \/>\n\t<meta property=\"og:image:height\" content=\"675\" \/>\n\t<meta property=\"og:image:type\" content=\"image\/png\" \/>\n<meta name=\"twitter:card\" content=\"summary_large_image\" \/>\n<meta name=\"twitter:site\" content=\"@FWritings\" \/>\n<meta name=\"twitter:label1\" content=\"Est. reading time\" \/>\n\t<meta name=\"twitter:data1\" content=\"3\u00a0Minuten\" \/>\n<!-- \/ Yoast SEO plugin. -->","yoast_head_json":{"title":"Cookie-Richtlinie - Writology","robots":{"index":"index","follow":"follow","max-snippet":"max-snippet:-1","max-image-preview":"max-image-preview:large","max-video-preview":"max-video-preview:-1"},"canonical":"https:\/\/writology.com\/de\/cookie-policy","og_locale":"de_DE","og_type":"article","og_title":"Cookie-Richtlinie - Writology","og_description":"Um die Transparenz unserer Gesch\u00e4ftst\u00e4tigkeit zu gew\u00e4hrleisten, zielt diese Cookie-Richtlinie darauf ab, zu skizzieren, wie wir Cookies zur Erfassung und Verarbeitung von Daten verwenden. In dieser Richtlinie bezieht sich \u201ewir\u201c, \u201eunser\u201c, \u201euns\u201c auf writology.com, den Datenverarbeiter, wie in unseren Nutzungsbedingungen...","og_url":"https:\/\/writology.com\/de\/cookie-policy","og_site_name":"Writology","article_publisher":"https:\/\/www.facebook.com\/writologyofficial","og_image":[{"width":1200,"height":675,"url":"https:\/\/writology.com\/wp-content\/uploads\/2023\/05\/writology-home.png","type":"image\/png"}],"twitter_card":"summary_large_image","twitter_site":"@FWritings","twitter_misc":{"Est. reading time":"3\u00a0Minuten"},"schema":{"@context":"https:\/\/schema.org","@graph":[{"@type":"WebPage","@id":"https:\/\/writology.com\/de\/cookie-policy","url":"https:\/\/writology.com\/de\/cookie-policy","name":"Cookie-Richtlinie - Writology","isPartOf":{"@id":"https:\/\/writology.com\/#website"},"datePublished":"2026-03-31T06:57:45+00:00","breadcrumb":{"@id":"https:\/\/writology.com\/de\/cookie-policy#breadcrumb"},"inLanguage":"de","potentialAction":[{"@type":"ReadAction","target":["https:\/\/writology.com\/de\/cookie-policy"]}]},{"@type":"BreadcrumbList","@id":"https:\/\/writology.com\/de\/cookie-policy#breadcrumb","itemListElement":[{"@type":"ListItem","position":1,"name":"Home","item":"https:\/\/writology.com\/de\/"},{"@type":"ListItem","position":2,"name":"Cookie-Richtlinie"}]},{"@type":"WebSite","@id":"https:\/\/writology.com\/#website","url":"https:\/\/writology.com\/","name":"Writology","description":"Order writing and editing services from Writology professionals","publisher":{"@id":"https:\/\/writology.com\/#organization"},"potentialAction":[{"@type":"SearchAction","target":{"@type":"EntryPoint","urlTemplate":"https:\/\/writology.com\/?s={search_term_string}"},"query-input":{"@type":"PropertyValueSpecification","valueRequired":true,"valueName":"search_term_string"}}],"inLanguage":"de"},{"@type":"Organization","@id":"https:\/\/writology.com\/#organization","name":"Writology.com","url":"https:\/\/writology.com\/","logo":{"@type":"ImageObject","inLanguage":"de","@id":"https:\/\/writology.com\/#\/schema\/logo\/image\/","url":"https:\/\/writology.com\/wp-content\/uploads\/2021\/12\/header-logo.svg","contentUrl":"https:\/\/writology.com\/wp-content\/uploads\/2021\/12\/header-logo.svg","width":1,"height":1,"caption":"Writology.com"},"image":{"@id":"https:\/\/writology.com\/#\/schema\/logo\/image\/"},"sameAs":["https:\/\/www.facebook.com\/writologyofficial","https:\/\/x.com\/FWritings"]}]}},"_links":{"self":[{"href":"https:\/\/writology.com\/wp-json\/wp\/v2\/pages\/4751","targetHints":{"allow":["GET"]}}],"collection":[{"href":"https:\/\/writology.com\/wp-json\/wp\/v2\/pages"}],"about":[{"href":"https:\/\/writology.com\/wp-json\/wp\/v2\/types\/page"}],"author":[{"embeddable":true,"href":"https:\/\/writology.com\/wp-json\/wp\/v2\/users\/1"}],"replies":[{"embeddable":true,"href":"https:\/\/writology.com\/wp-json\/wp\/v2\/comments?post=4751"}],"version-history":[{"count":1,"href":"https:\/\/writology.com\/wp-json\/wp\/v2\/pages\/4751\/revisions"}],"predecessor-version":[{"id":5075,"href":"https:\/\/writology.com\/wp-json\/wp\/v2\/pages\/4751\/revisions\/5075"}],"wp:attachment":[{"href":"https:\/\/writology.com\/wp-json\/wp\/v2\/media?parent=4751"}],"curies":[{"name":"wp","href":"https:\/\/api.w.org\/{rel}","templated":true}]}}