{"id":4753,"date":"2026-03-31T06:57:45","date_gmt":"2026-03-31T06:57:45","guid":{"rendered":"https:\/\/writology.com\/?page_id=4753"},"modified":"2026-03-31T06:57:45","modified_gmt":"2026-03-31T06:57:45","slug":"additional-services","status":"publish","type":"page","link":"https:\/\/writology.com\/de\/additional-services","title":{"rendered":"Zus\u00e4tzliche Dienstleistungen"},"content":{"rendered":"<h3>Progressiver Lieferservice<\/h3>\n<p>Unsere kundenspezifische Schreibagentur bietet ihren Kunden die M\u00f6glichkeit, progressive Lieferoptionen zu bestellen, insbesondere wenn sie ein langes Papier bestellt haben. Progressive Lieferung bezeichnet die Lieferung von Papier in Teilen, Kapiteln oder Entw\u00fcrfen. Mit dieser Option k\u00f6nnen Kunden den Schreibfortschritt von Papieren mit mehr als 20 Seiten mit doppeltem Abstand (oder 10 Einzelabst\u00e4nden) \u00fcberwachen.<\/p>\n<h3>Mit dem zus\u00e4tzlich bezahlten Service unseres Unternehmens profitieren Sie von folgenden Vorteilen:<\/h3>\n<ol>\n<li>Die Verwaltung des Unternehmens bietet eine solide Garantie daf\u00fcr, dass Ihre Bestellung von demselben Schriftsteller abgeschlossen wird, der einer der Top-Autoren unseres Unternehmens ist und sich auf Ihr Haupt- oder Ihren Forschungsbereich spezialisiert hat.<\/li>\n<li>Ihr Papier wird von unserer fachkundigen Redaktion bearbeitet und Korrektur gelesen.<\/li>\n<li>Sie k\u00f6nnen Ihre Arbeit in Kapiteln oder Entw\u00fcrfen erhalten. So haben Sie die M\u00f6glichkeit, die einzelnen Abschnitte durchzusehen und Ihrem Verfasser bei Bedarf eine Revisionsanfrage zu senden. Nach Anpassungen zu fragen war noch nie so einfach. Mit dieser Option k\u00f6nnen Sie Zeit f\u00fcr die \u00dcberarbeitung sparen, bevor die Frist abl\u00e4uft.<\/li>\n<li>Sie k\u00f6nnen insgesamt 30 Tage lang eine kostenlose \u00dcberarbeitungsanfrage anstelle der regul\u00e4ren zwei Tage genie\u00dfen.<\/li>\n<li>Ihnen wird ein pers\u00f6nlicher Manager zugewiesen, der Ihnen bei der Formatierung, verschiedenen Problemen mit dem Schreibstil und der Struktur usw. hilft. Au\u00dferdem hilft Ihnen Ihr pers\u00f6nlicher Manager, sich an Ihren zugewiesenen Schriftsteller zu wenden, und er \/ sie hilft Ihnen auch bei Fragen oder Anfragen.<\/li>\n<\/ol>\n<h3>Verfahren zum Erhalten von Papierentw\u00fcrfen<\/h3>\n<ul>\n<li>Wenn Sie Ihrem zugewiesenen Schreiber 0-4 Tage f\u00fcr die Papierabwicklung gew\u00e4hren k\u00f6nnen, erhalten Sie einen Entwurf, der aus 25% des gesamten Papiervolumens besteht. Der Entwurf wird Ihnen nach Ablauf von 50% der Frist zugesandt.<\/li>\n<li>Wenn Sie Ihrem zugewiesenen Schreiber von 5 bis 11 Tagen f\u00fcr die Papierabwicklung gew\u00e4hren, erhalten Sie nach Ablauf von 25% und 50% der Fristzeit zwei Entw\u00fcrfe mit 25% und 50% des Gesamtinhalts.<\/li>\n<li>Wenn Sie Ihrem zugewiesenen Schreiber mehr als 12 Tage f\u00fcr die Papierfertigstellung zur Verf\u00fcgung stellen, erhalten Sie drei Entw\u00fcrfe mit 25%, 50% und 75% des gesamten Papierinhalts, der Ihnen nach 25%, 50% und 75% der Frist abgelaufen ist.<\/li>\n<\/ul>\n<p>Wenn Sie diesen Entwurfsservice erhalten m\u00f6chten, seien Sie bereit, 15% f\u00fcr die gesamte Bestellsumme zu zahlen.<\/p>\n<p>Wenn der Kunde das Papier oder die Entw\u00fcrfe auf andere Weise erhalten m\u00f6chte, ist es f\u00fcr ihn wichtig, sich an den pers\u00f6nlichen Manager oder die Unternehmensverwaltung zu wenden und sich auf dieses Problem zu einigen.<\/p>\n<h3>Zus\u00e4tzliche Dienstleistungen f\u00fcr kurze Papiere (weniger als 20 Seiten)<\/h3>\n<ol>\n<li><strong>Zusammenfassung<\/strong>. Die Papierzusammenfassung bezieht sich auf die Liste der zus\u00e4tzlichen Dienste, die es den Kunden des Unternehmens erm\u00f6glichen, einen \u00dcberblick \u00fcber die wichtigsten Papierpunkte oder das gesamte Thema zu erhalten. Wenn Sie also eine Zusammenfassung oder einen \u00dcberblick \u00fcber Ihr Papier ben\u00f6tigen, ist dieser Service genau das Richtige f\u00fcr Sie.<\/li>\n<li><strong>Entwurf<\/strong>. Nachdem 50% der Bestellfrist abgelaufen ist, k\u00f6nnen Sie einen einseitigen Entwurf des Papiers in H\u00f6he von 300 W\u00f6rtern erhalten (wenn es sich um ein Papier mit zwei Abst\u00e4nden und 600 W\u00f6rtern handelt, wenn das Papier einseitig ist). Mit Hilfe des Serviceentwurfs wird es f\u00fcr Sie einfacher zu \u00fcberwachen, wie gut Ihr zugewiesener Schreiber mit der Arbeit voranschreitet und ob er konsequent daran arbeitet.<\/li>\n<li><strong>Erweiterte \u00dcberarbeitung<\/strong>. Mit dieser Option erhalten Sie insgesamt 14 Tage, um eine kostenlose Revisionsanfrage anstelle der \u00fcblichen zwei Tage zu senden.<\/li>\n<\/ol>\n","protected":false},"excerpt":{"rendered":"<p>Progressiver Lieferservice Unsere kundenspezifische Schreibagentur bietet ihren Kunden die M\u00f6glichkeit, progressive Lieferoptionen zu bestellen, insbesondere wenn sie ein langes Papier bestellt haben. Progressive Lieferung bezeichnet die Lieferung von Papier in Teilen, Kapiteln oder Entw\u00fcrfen. Mit dieser Option k\u00f6nnen Kunden den&#8230;<\/p>\n","protected":false},"author":1,"featured_media":0,"parent":0,"menu_order":0,"comment_status":"closed","ping_status":"closed","template":"","meta":{"_acf_changed":false,"_locale":"de_DE","_original_post":"https:\/\/writology.com\/?page_id=1419","footnotes":""},"class_list":["post-4753","page","type-page","status-publish","hentry","de-DE","entry"],"acf":[],"yoast_head":"<!-- This site is optimized with the Yoast SEO plugin v27.3 - https:\/\/yoast.com\/product\/yoast-seo-wordpress\/ -->\n<title>Benutzerdefinierte Schreibdienste f\u00fcr zus\u00e4tzliche Zahlung<\/title>\n<meta name=\"robots\" content=\"index, follow, max-snippet:-1, max-image-preview:large, max-video-preview:-1\" \/>\n<link rel=\"canonical\" href=\"https:\/\/writology.com\/de\/additional-services\" \/>\n<meta property=\"og:locale\" content=\"de_DE\" \/>\n<meta property=\"og:type\" content=\"article\" \/>\n<meta property=\"og:title\" content=\"Benutzerdefinierte Schreibdienste f\u00fcr zus\u00e4tzliche Zahlung\" \/>\n<meta property=\"og:description\" content=\"Progressiver Lieferservice Unsere kundenspezifische Schreibagentur bietet ihren Kunden die M\u00f6glichkeit, progressive Lieferoptionen zu bestellen, insbesondere wenn sie ein langes Papier bestellt haben. Progressive Lieferung bezeichnet die Lieferung von Papier in Teilen, Kapiteln oder Entw\u00fcrfen. Mit dieser Option k\u00f6nnen Kunden den...\" \/>\n<meta property=\"og:url\" content=\"https:\/\/writology.com\/de\/additional-services\" \/>\n<meta property=\"og:site_name\" content=\"Writology\" \/>\n<meta property=\"article:publisher\" content=\"https:\/\/www.facebook.com\/writologyofficial\" \/>\n<meta property=\"og:image\" content=\"https:\/\/writology.com\/wp-content\/uploads\/2023\/05\/writology-home.png\" \/>\n\t<meta property=\"og:image:width\" content=\"1200\" \/>\n\t<meta property=\"og:image:height\" content=\"675\" \/>\n\t<meta property=\"og:image:type\" content=\"image\/png\" \/>\n<meta name=\"twitter:card\" content=\"summary_large_image\" \/>\n<meta name=\"twitter:site\" content=\"@FWritings\" \/>\n<meta name=\"twitter:label1\" content=\"Est. reading time\" \/>\n\t<meta name=\"twitter:data1\" content=\"3\u00a0Minuten\" \/>\n<!-- \/ Yoast SEO plugin. -->","yoast_head_json":{"title":"Benutzerdefinierte Schreibdienste f\u00fcr zus\u00e4tzliche Zahlung","robots":{"index":"index","follow":"follow","max-snippet":"max-snippet:-1","max-image-preview":"max-image-preview:large","max-video-preview":"max-video-preview:-1"},"canonical":"https:\/\/writology.com\/de\/additional-services","og_locale":"de_DE","og_type":"article","og_title":"Benutzerdefinierte Schreibdienste f\u00fcr zus\u00e4tzliche Zahlung","og_description":"Progressiver Lieferservice Unsere kundenspezifische Schreibagentur bietet ihren Kunden die M\u00f6glichkeit, progressive Lieferoptionen zu bestellen, insbesondere wenn sie ein langes Papier bestellt haben. Progressive Lieferung bezeichnet die Lieferung von Papier in Teilen, Kapiteln oder Entw\u00fcrfen. Mit dieser Option k\u00f6nnen Kunden den...","og_url":"https:\/\/writology.com\/de\/additional-services","og_site_name":"Writology","article_publisher":"https:\/\/www.facebook.com\/writologyofficial","og_image":[{"width":1200,"height":675,"url":"https:\/\/writology.com\/wp-content\/uploads\/2023\/05\/writology-home.png","type":"image\/png"}],"twitter_card":"summary_large_image","twitter_site":"@FWritings","twitter_misc":{"Est. reading time":"3\u00a0Minuten"},"schema":{"@context":"https:\/\/schema.org","@graph":[{"@type":"WebPage","@id":"https:\/\/writology.com\/de\/additional-services","url":"https:\/\/writology.com\/de\/additional-services","name":"Benutzerdefinierte Schreibdienste f\u00fcr zus\u00e4tzliche Zahlung","isPartOf":{"@id":"https:\/\/writology.com\/#website"},"datePublished":"2026-03-31T06:57:45+00:00","breadcrumb":{"@id":"https:\/\/writology.com\/de\/additional-services#breadcrumb"},"inLanguage":"de","potentialAction":[{"@type":"ReadAction","target":["https:\/\/writology.com\/de\/additional-services"]}]},{"@type":"BreadcrumbList","@id":"https:\/\/writology.com\/de\/additional-services#breadcrumb","itemListElement":[{"@type":"ListItem","position":1,"name":"Home","item":"https:\/\/writology.com\/de\/"},{"@type":"ListItem","position":2,"name":"Zus\u00e4tzliche Dienstleistungen"}]},{"@type":"WebSite","@id":"https:\/\/writology.com\/#website","url":"https:\/\/writology.com\/","name":"Writology","description":"Order writing and editing services from Writology professionals","publisher":{"@id":"https:\/\/writology.com\/#organization"},"potentialAction":[{"@type":"SearchAction","target":{"@type":"EntryPoint","urlTemplate":"https:\/\/writology.com\/?s={search_term_string}"},"query-input":{"@type":"PropertyValueSpecification","valueRequired":true,"valueName":"search_term_string"}}],"inLanguage":"de"},{"@type":"Organization","@id":"https:\/\/writology.com\/#organization","name":"Writology.com","url":"https:\/\/writology.com\/","logo":{"@type":"ImageObject","inLanguage":"de","@id":"https:\/\/writology.com\/#\/schema\/logo\/image\/","url":"https:\/\/writology.com\/wp-content\/uploads\/2021\/12\/header-logo.svg","contentUrl":"https:\/\/writology.com\/wp-content\/uploads\/2021\/12\/header-logo.svg","width":1,"height":1,"caption":"Writology.com"},"image":{"@id":"https:\/\/writology.com\/#\/schema\/logo\/image\/"},"sameAs":["https:\/\/www.facebook.com\/writologyofficial","https:\/\/x.com\/FWritings"]}]}},"_links":{"self":[{"href":"https:\/\/writology.com\/wp-json\/wp\/v2\/pages\/4753","targetHints":{"allow":["GET"]}}],"collection":[{"href":"https:\/\/writology.com\/wp-json\/wp\/v2\/pages"}],"about":[{"href":"https:\/\/writology.com\/wp-json\/wp\/v2\/types\/page"}],"author":[{"embeddable":true,"href":"https:\/\/writology.com\/wp-json\/wp\/v2\/users\/1"}],"replies":[{"embeddable":true,"href":"https:\/\/writology.com\/wp-json\/wp\/v2\/comments?post=4753"}],"version-history":[{"count":1,"href":"https:\/\/writology.com\/wp-json\/wp\/v2\/pages\/4753\/revisions"}],"predecessor-version":[{"id":5073,"href":"https:\/\/writology.com\/wp-json\/wp\/v2\/pages\/4753\/revisions\/5073"}],"wp:attachment":[{"href":"https:\/\/writology.com\/wp-json\/wp\/v2\/media?parent=4753"}],"curies":[{"name":"wp","href":"https:\/\/api.w.org\/{rel}","templated":true}]}}