{"id":4755,"date":"2026-03-31T06:57:45","date_gmt":"2026-03-31T06:57:45","guid":{"rendered":"https:\/\/writology.com\/?page_id=4755"},"modified":"2026-03-31T06:57:45","modified_gmt":"2026-03-31T06:57:45","slug":"discounts","status":"publish","type":"page","link":"https:\/\/writology.com\/de\/discounts","title":{"rendered":"Ansprechende Rabatte bei writology.com"},"content":{"rendered":"<div class=\"ae-lifetime-discount\"><\/div>\n<p>Ansprechende Rabatte bei writology.com Wenn Sie online nach einer erstklassigen benutzerdefinierten Schreibunterst\u00fctzung suchen, sollten Sie auf jeden Fall versuchen, Writology.com nach Hilfe zu suchen. Unser Unternehmen bietet viele Rabatte und Sonderangebote, so dass Sie auf jeden Fall erschwingliche Hilfe beim Schreiben von benutzerdefinierten Schreiben erhalten k\u00f6nnen. Unser Unternehmen bietet seit langem eine Vielzahl von Schreibleistungen an.<\/p>\n<div class=\"service-actions\">\n<a class=\"button button-orange button-large\" href=\"\/prices\" title=\"Our prices\">Our prices<\/a>\n<a class=\"button button-orange-inv button-large\" href=\"\/buy?pk_campaign=order&amp;pk_source=internal&amp;pk_medium=text+page&amp;pk_url=%2Fbanners&amp;pk_term=service_action_buttons\" title=\"Order now\">Order now<\/a>\n<\/div>\n<div class=\"service-page-hr\">\n<hr>\n<\/div>\n<div class=\"service-page-body\">\n<div class=\"two-plates-text-bg\">\n<div class=\"plate-text\">\n<h2>Unsere Rabatte<\/h2>\n<p class=\"plate-subtitle\">Wenn Sie an Ihren F\u00e4higkeiten oder Kenntnissen zweifeln, um mit Ihrer Art der Bestellung umzugehen, stellen Sie sicher, dass Sie sich auf unseren erstklassigen benutzerdefinierten Schreibservice verlassen k\u00f6nnen, um Hilfe zu erhalten. Unser Unternehmen kann auf jeden Fall seine gro\u00dfe Kundenbasis treuer Kunden r\u00fchmen. Dar\u00fcber hinaus k\u00f6nnen wir definitiv behaupten, dass die Zufriedenheit der Kunden unsere oberste Priorit\u00e4t ist, und stellen daher sicher, dass alle Papiere von bemerkenswerter Qualit\u00e4t sind. Wenn Sie sich f\u00fcr unser Unternehmen entscheiden, um kundenspezifische schriftliche Papiere zu kaufen, stellen Sie sicher, dass auch die strengsten Anforderungen befolgt werden. Unsere Autoren sorgen daf\u00fcr, dass der individuelle Schreibstil beibehalten wird und dass jedes Thema richtig entwickelt wird. Dar\u00fcber hinaus haben unsere Kunden mit den von uns angebotenen Rabattprogrammen die M\u00f6glichkeit, Geld zu sparen und somit mehr Bestellungen zu platzieren.<\/p>\n<\/div>\n<\/div>\n<div class=\"sc sc-first-discount\">\n    <div class=\"sc-content\">\n        <div class=\"sc-first-discount-header\"><b>SAVE 15% off<\/b> your first order<\/div>\n        <div class=\"sc-first-discount-text\">Please note, 1 page is <span>300 words on our site<\/span>, while most of the services write 270 words only. <b>Save 10% off your order<\/b><\/div>\n\n        <div class=\"sc-first-discount-box\">\n            <div class=\"sc-first-box-header\">With ONE ORDER you receive<\/div>\n            <ul>\n                <li>Top quality custom paper<\/li>\n                <li>Plagiarism report (on request)<\/li>\n                <li>Affiliate program<\/li>\n                <li>Private account<\/li>\n                <li>Discounts<\/li>\n            <\/ul>\n        <\/div>\n        <div class=\"sc-first-discount-order\">\n            <div class=\"sc-first-discount-box-2\">\n                <div class=\"sc-first-discount-order-1\">Get your<\/div>\n                <div class=\"sc-first-discount-order-2\">15% OFF<\/div>\n                <div class=\"sc-first-discount-order-3\">Discount for your<\/div>\n                <div class=\"sc-first-discount-order-4\">first order<\/div>\n                <a href=\"\/ws\/discount-code\/writology15?pk_campaign=first&amp;pk_source=internal&amp;pk_medium=text+page&amp;pk_url=%2Fbanners\">Order now<\/a>\n\n                <img decoding=\"async\" src=\"https:\/\/writology.com\/wp-content\/themes\/main\/images\/first-discount-girl.png\" alt=\"\">\n            <\/div>\n        <\/div>\n    <\/div>\n<\/div><\/div>\n<div class=\"service-page-hr\">\n<hr>\n<\/div>\n<div class=\"service-page-body\">\n<h2>Unser Rabattprogramm<\/h2>\n<div class=\"four-plates-text-discount\">\n<div class=\"plate\" style=\"align-items: center\">\n<p>Bei Writology.com m\u00f6chte unsere Unternehmensverwaltung sicherstellen, dass unsere Kunden uns treu bleiben und sich nicht \u00fcberfordert f\u00fchlen, wenn es um den Preis von Dienstleistungen geht. Unser Rabattsystem ist eine der besten M\u00f6glichkeiten, wie wir unsere Dankbarkeit f\u00fcr Kunden ausdr\u00fccken k\u00f6nnen, die uns unter vielen anderen benutzerdefinierten Schreibagenturen ausw\u00e4hlen. So bieten wir unseren potentiellen und Stammkunden noch mehr Vorteile.<\/p>\n<\/div>\n<div class=\"plate\">\n<div class=\"discount-block discount-block-1\">\n<div class=\"discount-block__offer\">\n<div>\n<p>5%<\/p>\n<div>Aus<\/div>\n<\/div>\n<\/div>\n<div class=\"discount-block__condition\">\n<div class=\"discount-block__condition__text\">F\u00fcr mehr als<\/div>\n<div class=\"discount-block__condition__ammount\">30+ Seiten<\/div>\n<\/div>\n<\/div>\n<\/div>\n<div class=\"plate\">\n<div class=\"discount-block discount-block-2\">\n<div class=\"discount-block__offer\">\n<div>\n<p>10%<\/p>\n<div>Aus<\/div>\n<\/div>\n<\/div>\n<div class=\"discount-block__condition\">\n<div class=\"discount-block__condition__text\">F\u00fcr mehr als<\/div>\n<div class=\"discount-block__condition__ammount\">50+ Seiten<\/div>\n<\/div>\n<\/div>\n<\/div>\n<div class=\"plate\">\n<div class=\"discount-block discount-block-3\">\n<div class=\"discount-block__offer\">\n<div>\n<p>15%<\/p>\n<div>Aus<\/div>\n<\/div>\n<\/div>\n<div class=\"discount-block__condition\">\n<div class=\"discount-block__condition__text\">F\u00fcr mehr als<\/div>\n<div class=\"discount-block__condition__ammount\">100+ Seiten<\/div>\n<\/div>\n<\/div>\n<\/div>\n<\/div>\n<\/div>\n<div class=\"service-page-hr\">\n<hr>\n<\/div>\n<div class=\"try-vip-wrapper\"><div class=\"try-vip\">\n    Try VIP services or become a Writology\n    <a href=\"\/vip-account\" title=\"Become a Writology VIP client\">VIP client<\/a>\n    , benefit from the incredible opportunity at a very reasonable price. Limited time offer - order a cool\n    <a href=\"\/buy?pk_campaign=vip&amp;pk_source=internal&amp;pk_medium=text+page&amp;pk_url=%2Fbanners&amp;pk_term=try_vip&amp;goto=order\/order\/essay&amp;options[vip_services]=services_package\" title=\"VIP package with a 20% discount online!\">VIP package<\/a>\n    with a 30% discount online!\n<\/div><\/div>\n<p>Neben ansprechenden Sonderangeboten und Rabatten arbeitet unser Unternehmen derzeit an der Steigerung der Qualit\u00e4t der erbrachten Dienstleistungen. Wenn Sie sich f\u00fcr unser Unternehmen entscheiden, mit dem Sie zusammenarbeiten m\u00f6chten, sollten Sie daher Inhalte von ausgezeichneter Qualit\u00e4t erhalten, die allen Anforderungen und Anweisungen entsprechen. Dar\u00fcber hinaus ist uns nicht nur die Qualit\u00e4t der Inhalte, sondern auch die Gesamtleistung von Writology.com wichtig. Daher haben wir daf\u00fcr gesorgt, dass unser Kundenservice denjenigen helfen kann, die bei uns Bestellungen aufgeben m\u00f6chten, um tadellose Hilfe bei ihren Anfragen zu erhalten. So k\u00f6nnen Sie per Telefon, E-Mail oder E-Mail mit dem Live-Chat-Support in Kontakt treten und Antworten auf die Sie interessierenden Fragen erhalten.<\/p>\n<a class=\"get-fod\" title=\"Place your first order NOW and get 15% DISCOUNT\" href=\"\/ws\/discount-code\/writology15?pk_campaign=first&amp;pk_source=internal&amp;pk_medium=text+page&amp;pk_url=%2Fbanners&amp;pk_term=first-discount-slim\">\n    <div class=\"get-fod__place\">\n        <div>\n            Place your first order NOW\n        <\/div>\n    <\/div>\n    <div class=\"get-fod__and\">\n        and get\n    <\/div>\n    <div class=\"get-fod__offer\">\n        <div>\n            15% Discount\n        <\/div>\n    <\/div>\n<\/a>\n","protected":false},"excerpt":{"rendered":"<p>Ansprechende Rabatte bei writology.com Wenn Sie online nach einer erstklassigen benutzerdefinierten Schreibunterst\u00fctzung suchen, sollten Sie auf jeden Fall versuchen, Writology.com nach Hilfe zu suchen. Unser Unternehmen bietet viele Rabatte und Sonderangebote, so dass Sie auf jeden Fall erschwingliche Hilfe beim&#8230;<\/p>\n","protected":false},"author":1,"featured_media":0,"parent":0,"menu_order":0,"comment_status":"closed","ping_status":"closed","template":"","meta":{"_acf_changed":false,"_locale":"de_DE","_original_post":"https:\/\/writology.com\/?page_id=1421","footnotes":""},"class_list":["post-4755","page","type-page","status-publish","hentry","de-DE","entry"],"acf":[],"yoast_head":"<!-- This site is optimized with the Yoast SEO plugin v27.3 - https:\/\/yoast.com\/product\/yoast-seo-wordpress\/ -->\n<title>Ansprechende Rabatte bei writology.com - Writology<\/title>\n<meta name=\"robots\" content=\"index, follow, max-snippet:-1, max-image-preview:large, max-video-preview:-1\" \/>\n<link rel=\"canonical\" href=\"https:\/\/writology.com\/de\/discounts\" \/>\n<meta property=\"og:locale\" content=\"de_DE\" \/>\n<meta property=\"og:type\" content=\"article\" \/>\n<meta property=\"og:title\" content=\"Ansprechende Rabatte bei writology.com - Writology\" \/>\n<meta property=\"og:description\" content=\"Ansprechende Rabatte bei writology.com Wenn Sie online nach einer erstklassigen benutzerdefinierten Schreibunterst\u00fctzung suchen, sollten Sie auf jeden Fall versuchen, Writology.com nach Hilfe zu suchen. Unser Unternehmen bietet viele Rabatte und Sonderangebote, so dass Sie auf jeden Fall erschwingliche Hilfe beim...\" \/>\n<meta property=\"og:url\" content=\"https:\/\/writology.com\/de\/discounts\" \/>\n<meta property=\"og:site_name\" content=\"Writology\" \/>\n<meta property=\"article:publisher\" content=\"https:\/\/www.facebook.com\/writologyofficial\" \/>\n<meta property=\"og:image\" content=\"https:\/\/writology.com\/wp-content\/uploads\/2023\/05\/writology-home.png\" \/>\n\t<meta property=\"og:image:width\" content=\"1200\" \/>\n\t<meta property=\"og:image:height\" content=\"675\" \/>\n\t<meta property=\"og:image:type\" content=\"image\/png\" \/>\n<meta name=\"twitter:card\" content=\"summary_large_image\" \/>\n<meta name=\"twitter:site\" content=\"@FWritings\" \/>\n<meta name=\"twitter:label1\" content=\"Est. reading time\" \/>\n\t<meta name=\"twitter:data1\" content=\"2\u00a0Minuten\" \/>\n<!-- \/ Yoast SEO plugin. -->","yoast_head_json":{"title":"Ansprechende Rabatte bei writology.com - Writology","robots":{"index":"index","follow":"follow","max-snippet":"max-snippet:-1","max-image-preview":"max-image-preview:large","max-video-preview":"max-video-preview:-1"},"canonical":"https:\/\/writology.com\/de\/discounts","og_locale":"de_DE","og_type":"article","og_title":"Ansprechende Rabatte bei writology.com - Writology","og_description":"Ansprechende Rabatte bei writology.com Wenn Sie online nach einer erstklassigen benutzerdefinierten Schreibunterst\u00fctzung suchen, sollten Sie auf jeden Fall versuchen, Writology.com nach Hilfe zu suchen. Unser Unternehmen bietet viele Rabatte und Sonderangebote, so dass Sie auf jeden Fall erschwingliche Hilfe beim...","og_url":"https:\/\/writology.com\/de\/discounts","og_site_name":"Writology","article_publisher":"https:\/\/www.facebook.com\/writologyofficial","og_image":[{"width":1200,"height":675,"url":"https:\/\/writology.com\/wp-content\/uploads\/2023\/05\/writology-home.png","type":"image\/png"}],"twitter_card":"summary_large_image","twitter_site":"@FWritings","twitter_misc":{"Est. reading time":"2\u00a0Minuten"},"schema":{"@context":"https:\/\/schema.org","@graph":[{"@type":"WebPage","@id":"https:\/\/writology.com\/de\/discounts","url":"https:\/\/writology.com\/de\/discounts","name":"Ansprechende Rabatte bei writology.com - Writology","isPartOf":{"@id":"https:\/\/writology.com\/#website"},"datePublished":"2026-03-31T06:57:45+00:00","breadcrumb":{"@id":"https:\/\/writology.com\/de\/discounts#breadcrumb"},"inLanguage":"de","potentialAction":[{"@type":"ReadAction","target":["https:\/\/writology.com\/de\/discounts"]}]},{"@type":"BreadcrumbList","@id":"https:\/\/writology.com\/de\/discounts#breadcrumb","itemListElement":[{"@type":"ListItem","position":1,"name":"Home","item":"https:\/\/writology.com\/de\/"},{"@type":"ListItem","position":2,"name":"Ansprechende Rabatte bei writology.com"}]},{"@type":"WebSite","@id":"https:\/\/writology.com\/#website","url":"https:\/\/writology.com\/","name":"Writology","description":"Order writing and editing services from Writology professionals","publisher":{"@id":"https:\/\/writology.com\/#organization"},"potentialAction":[{"@type":"SearchAction","target":{"@type":"EntryPoint","urlTemplate":"https:\/\/writology.com\/?s={search_term_string}"},"query-input":{"@type":"PropertyValueSpecification","valueRequired":true,"valueName":"search_term_string"}}],"inLanguage":"de"},{"@type":"Organization","@id":"https:\/\/writology.com\/#organization","name":"Writology.com","url":"https:\/\/writology.com\/","logo":{"@type":"ImageObject","inLanguage":"de","@id":"https:\/\/writology.com\/#\/schema\/logo\/image\/","url":"https:\/\/writology.com\/wp-content\/uploads\/2021\/12\/header-logo.svg","contentUrl":"https:\/\/writology.com\/wp-content\/uploads\/2021\/12\/header-logo.svg","width":1,"height":1,"caption":"Writology.com"},"image":{"@id":"https:\/\/writology.com\/#\/schema\/logo\/image\/"},"sameAs":["https:\/\/www.facebook.com\/writologyofficial","https:\/\/x.com\/FWritings"]}]}},"_links":{"self":[{"href":"https:\/\/writology.com\/wp-json\/wp\/v2\/pages\/4755","targetHints":{"allow":["GET"]}}],"collection":[{"href":"https:\/\/writology.com\/wp-json\/wp\/v2\/pages"}],"about":[{"href":"https:\/\/writology.com\/wp-json\/wp\/v2\/types\/page"}],"author":[{"embeddable":true,"href":"https:\/\/writology.com\/wp-json\/wp\/v2\/users\/1"}],"replies":[{"embeddable":true,"href":"https:\/\/writology.com\/wp-json\/wp\/v2\/comments?post=4755"}],"version-history":[{"count":1,"href":"https:\/\/writology.com\/wp-json\/wp\/v2\/pages\/4755\/revisions"}],"predecessor-version":[{"id":5072,"href":"https:\/\/writology.com\/wp-json\/wp\/v2\/pages\/4755\/revisions\/5072"}],"wp:attachment":[{"href":"https:\/\/writology.com\/wp-json\/wp\/v2\/media?parent=4755"}],"curies":[{"name":"wp","href":"https:\/\/api.w.org\/{rel}","templated":true}]}}