{"id":4757,"date":"2026-03-31T06:57:45","date_gmt":"2026-03-31T06:57:45","guid":{"rendered":"https:\/\/writology.com\/?page_id=4757"},"modified":"2026-03-31T06:57:45","modified_gmt":"2026-03-31T06:57:45","slug":"contact-us","status":"publish","type":"page","link":"https:\/\/writology.com\/de\/contact-us","title":{"rendered":"Unterst\u00fctzen"},"content":{"rendered":"<div data-ng-controller=\"LiveChat\" id=\"page_wrap\">\n<div id=\"content_wrap\">\n<div class=\"overwrap\">\n<div class=\"fullwrap\">\n<div class=\"block\">\n\t\t\t\t\t<img decoding=\"async\" alt=\"R\u00fcckruf\" src=\"\/wp-content\/uploads\/2021\/07\/callback-icon-1.png\" title=\"R\u00fcckruf\"><\/p>\n<div class=\"text-wrap\">\n<div class=\"title\">Fordern Sie einen R\u00fcckruf an<\/div>\n<div class=\"description\">Geben Sie uns Ihre Kontaktinformationen und wir rufen Sie an!<\/div>\n<div class=\"ae-contacts\"><\/div>\n<p><div class=\"uber-banner-wrapper\">\n        <div class=\"uber-banner\">\n        <div>\n        <div class=\"banner-header\">Order newsletter\/email writing from Writology.com<\/div>\n\n        <ul>\n            <li>Have everything done by a professional<\/li>\n            <li>Pricing from $19.00\/page<\/li>\n            <li>Comprehensive support service<\/li>\n            <li>Receive the most accurate plagiarism reports<\/li>\n        <\/ul>\n        <a class=\"banner-btn\" href=\"\/buy?form=form-writology\" rel=\"nofollow\">Place an Order<\/a> <img decoding=\"async\" class=\"guarantee-image\" src=\"https:\/\/writology.com\/wp-content\/themes\/main\/images\/service-landing\/orderForm\/quality-guarantee-image.png\"><\/div>\n\n        <div class=\"banner-right\"><img decoding=\"async\" alt=\"banner background\" src=\"https:\/\/writology.com\/wp-content\/themes\/main\/images\/service-landing\/uber-banner-right-background.png\">\n        <div class=\"banner-top-text\">Get<\/div>\n        <img decoding=\"async\" class=\"banner-off-image\" src=\"https:\/\/writology.com\/wp-content\/themes\/main\/images\/service-landing\/15off-text.png\">\n        <div class=\"banner-bottom-text\"><a class=\"banner-right-button\" href=\"\/buy?form=form-writology&amp;discount=15%OFF\" rel=\"nofollow\">Order with discount<\/a>\n        <div>your first order with Writology<\/div>\n        <\/div>\n\n        <div class=\"writology-logo\"><img decoding=\"async\" src=\"https:\/\/writology.com\/wp-content\/themes\/main\/images\/service-landing\/writology-logo.png\"><\/div>\n        <\/div>\n        <\/div>\n        <\/div><br \/>\n<button class=\"button button-primary\" onclick=\"document.querySelector('.feedback-point').click()\">Call me back<\/button>\n<\/p><\/div>\n<\/div>\n<div class=\"block\" style=\"margin-top: 55px\">\n<img decoding=\"async\" alt=\"Blog\" src=\"\/wp-content\/uploads\/2021\/07\/blog-1.png\" title=\"Blog\"><\/p>\n<div class=\"text-wrap\">\n<div class=\"title\"><a data-ft-id=\"1\"> blog <\/a><\/div>\n<div class=\"text\">Adressiert eine breite Palette von Themen, Artikeln und Neuigkeiten aus dem Writology-Team.<\/div>\n<\/div>\n<\/div>\n<div class=\"block\" style=\"margin-top: 46px\">\n<img decoding=\"async\" alt=\"FAQs\" src=\"\/wp-content\/uploads\/2021\/07\/faqs-1.png\" title=\"FAQs\" style=\"margin-top: 8px;margin-left: 5px\"><\/p>\n<div class=\"text-wrap\">\n<div class=\"title\"><a data-ft-id=\"1\"> FAQs <\/a><\/div>\n<div class=\"text\">H\u00e4ufig gestellte Fragen k\u00f6nnen die h\u00e4ufigsten Fragen beantworten, die Sie m\u00f6glicherweise haben.<\/div>\n<div class=\"links\"><a data-ft-id=\"1\">f\u00fcr Verfasser\u00bb<\/a><a data-ft-id=\"2\">F\u00fcr Kunden\u00bb<\/a><\/div>\n<\/div>\n<\/div>\n<\/div>\n<div class=\"fullwrap\">\n<div class=\"block\">\n\t\t\t\t\t<img decoding=\"async\" alt=\"plaudern\" src=\"\/wp-content\/uploads\/2021\/07\/chat-1.png\" title=\"plaudern\"><\/p>\n<div class=\"text-wrap\">\n<div class=\"title\">Kontaktformular<\/div>\n<div class=\"description\" style=\"margin-top: 20px\"><strong>Sehr geehrter User!<\/strong> Sie k\u00f6nnen sich jederzeit bei Bedarf an unser Support-Team wenden. Wir werden Ihre Anfragen, Anfragen und Beschwerden sofort beantworten: Unser Support-Mitarbeiter ist bereit, Ihnen zeitnah zu helfen, um Ihnen die bestm\u00f6gliche Bequemlichkeit zu bieten.<\/div>\n<div id=\"cutstt\" class=\"contact-wrapper\">&nbsp;<\/div>\n<\/div>\n<\/div>\n<p>[sc_contact-us-social]\n<\/p><\/div>\n<\/div>\n<div class=\"overwrap\" style=\"border-bottom: none\">\n<!--a href=\"\/blog\/\" style=\"float: right; margin-right: 52px;\"&gt;Read more&lt;\/a--><\/p>\n<div class=\"overtitle\">Aktuelle Blog-Beitr\u00e4ge<\/div>\n<p>[sc_contact-us-blog]\n<\/p><\/div>\n<\/div>\n<\/div>\n","protected":false},"excerpt":{"rendered":"<p>Fordern Sie einen R\u00fcckruf an Geben Sie uns Ihre Kontaktinformationen und wir rufen Sie an! blog Adressiert eine breite Palette von Themen, Artikeln und Neuigkeiten aus dem Writology-Team. FAQs H\u00e4ufig gestellte Fragen k\u00f6nnen die h\u00e4ufigsten Fragen beantworten, die Sie m\u00f6glicherweise&#8230;<\/p>\n","protected":false},"author":1,"featured_media":0,"parent":0,"menu_order":0,"comment_status":"closed","ping_status":"closed","template":"","meta":{"_acf_changed":false,"_locale":"de_DE","_original_post":"http:\/\/writology.com\/contact-us\/","footnotes":""},"class_list":["post-4757","page","type-page","status-publish","hentry","de-DE","entry"],"acf":[],"yoast_head":"<!-- This site is optimized with the Yoast SEO plugin v27.3 - https:\/\/yoast.com\/product\/yoast-seo-wordpress\/ -->\n<title>Professionelles Support-Team der Writologie ist rund um die Uhr f\u00fcr unsere gesch\u00e4tzten Kunden verf\u00fcgbar<\/title>\n<meta name=\"description\" content=\"Sie k\u00f6nnen uns \u00fcber g\u00fcltige Writologie-Kontakte auf der Website erreichen. Es gibt physische Adresse, Telefonnummern und E-Mail-Support-Team\" \/>\n<meta name=\"robots\" content=\"index, follow, max-snippet:-1, max-image-preview:large, max-video-preview:-1\" \/>\n<link rel=\"canonical\" href=\"https:\/\/writology.com\/de\/contact-us\" \/>\n<meta property=\"og:locale\" content=\"de_DE\" \/>\n<meta property=\"og:type\" content=\"article\" \/>\n<meta property=\"og:title\" content=\"Professionelles Support-Team der Writologie ist rund um die Uhr f\u00fcr unsere gesch\u00e4tzten Kunden verf\u00fcgbar\" \/>\n<meta property=\"og:description\" content=\"Sie k\u00f6nnen uns \u00fcber g\u00fcltige Writologie-Kontakte auf der Website erreichen. Es gibt physische Adresse, Telefonnummern und E-Mail-Support-Team\" \/>\n<meta property=\"og:url\" content=\"https:\/\/writology.com\/de\/contact-us\" \/>\n<meta property=\"og:site_name\" content=\"Writology\" \/>\n<meta property=\"article:publisher\" content=\"https:\/\/www.facebook.com\/writologyofficial\" \/>\n<meta property=\"og:image\" content=\"https:\/\/writology.com\/wp-content\/uploads\/2023\/05\/writology-home.png\" \/>\n\t<meta property=\"og:image:width\" content=\"1200\" \/>\n\t<meta property=\"og:image:height\" content=\"675\" \/>\n\t<meta property=\"og:image:type\" content=\"image\/png\" \/>\n<meta name=\"twitter:card\" content=\"summary_large_image\" \/>\n<meta name=\"twitter:site\" content=\"@FWritings\" \/>\n<meta name=\"twitter:label1\" content=\"Est. reading time\" \/>\n\t<meta name=\"twitter:data1\" content=\"1\u00a0Minute\" \/>\n<!-- \/ Yoast SEO plugin. -->","yoast_head_json":{"title":"Professionelles Support-Team der Writologie ist rund um die Uhr f\u00fcr unsere gesch\u00e4tzten Kunden verf\u00fcgbar","description":"Sie k\u00f6nnen uns \u00fcber g\u00fcltige Writologie-Kontakte auf der Website erreichen. Es gibt physische Adresse, Telefonnummern und E-Mail-Support-Team","robots":{"index":"index","follow":"follow","max-snippet":"max-snippet:-1","max-image-preview":"max-image-preview:large","max-video-preview":"max-video-preview:-1"},"canonical":"https:\/\/writology.com\/de\/contact-us","og_locale":"de_DE","og_type":"article","og_title":"Professionelles Support-Team der Writologie ist rund um die Uhr f\u00fcr unsere gesch\u00e4tzten Kunden verf\u00fcgbar","og_description":"Sie k\u00f6nnen uns \u00fcber g\u00fcltige Writologie-Kontakte auf der Website erreichen. Es gibt physische Adresse, Telefonnummern und E-Mail-Support-Team","og_url":"https:\/\/writology.com\/de\/contact-us","og_site_name":"Writology","article_publisher":"https:\/\/www.facebook.com\/writologyofficial","og_image":[{"width":1200,"height":675,"url":"https:\/\/writology.com\/wp-content\/uploads\/2023\/05\/writology-home.png","type":"image\/png"}],"twitter_card":"summary_large_image","twitter_site":"@FWritings","twitter_misc":{"Est. reading time":"1\u00a0Minute"},"schema":{"@context":"https:\/\/schema.org","@graph":[{"@type":"WebPage","@id":"https:\/\/writology.com\/de\/contact-us","url":"https:\/\/writology.com\/de\/contact-us","name":"Professionelles Support-Team der Writologie ist rund um die Uhr f\u00fcr unsere gesch\u00e4tzten Kunden verf\u00fcgbar","isPartOf":{"@id":"https:\/\/writology.com\/#website"},"datePublished":"2026-03-31T06:57:45+00:00","description":"Sie k\u00f6nnen uns \u00fcber g\u00fcltige Writologie-Kontakte auf der Website erreichen. Es gibt physische Adresse, Telefonnummern und E-Mail-Support-Team","breadcrumb":{"@id":"https:\/\/writology.com\/de\/contact-us#breadcrumb"},"inLanguage":"de","potentialAction":[{"@type":"ReadAction","target":["https:\/\/writology.com\/de\/contact-us"]}]},{"@type":"BreadcrumbList","@id":"https:\/\/writology.com\/de\/contact-us#breadcrumb","itemListElement":[{"@type":"ListItem","position":1,"name":"Home","item":"https:\/\/writology.com\/de\/"},{"@type":"ListItem","position":2,"name":"Unterst\u00fctzen"}]},{"@type":"WebSite","@id":"https:\/\/writology.com\/#website","url":"https:\/\/writology.com\/","name":"Writology","description":"Order writing and editing services from Writology professionals","publisher":{"@id":"https:\/\/writology.com\/#organization"},"potentialAction":[{"@type":"SearchAction","target":{"@type":"EntryPoint","urlTemplate":"https:\/\/writology.com\/?s={search_term_string}"},"query-input":{"@type":"PropertyValueSpecification","valueRequired":true,"valueName":"search_term_string"}}],"inLanguage":"de"},{"@type":"Organization","@id":"https:\/\/writology.com\/#organization","name":"Writology.com","url":"https:\/\/writology.com\/","logo":{"@type":"ImageObject","inLanguage":"de","@id":"https:\/\/writology.com\/#\/schema\/logo\/image\/","url":"https:\/\/writology.com\/wp-content\/uploads\/2021\/12\/header-logo.svg","contentUrl":"https:\/\/writology.com\/wp-content\/uploads\/2021\/12\/header-logo.svg","width":1,"height":1,"caption":"Writology.com"},"image":{"@id":"https:\/\/writology.com\/#\/schema\/logo\/image\/"},"sameAs":["https:\/\/www.facebook.com\/writologyofficial","https:\/\/x.com\/FWritings"]}]}},"_links":{"self":[{"href":"https:\/\/writology.com\/wp-json\/wp\/v2\/pages\/4757","targetHints":{"allow":["GET"]}}],"collection":[{"href":"https:\/\/writology.com\/wp-json\/wp\/v2\/pages"}],"about":[{"href":"https:\/\/writology.com\/wp-json\/wp\/v2\/types\/page"}],"author":[{"embeddable":true,"href":"https:\/\/writology.com\/wp-json\/wp\/v2\/users\/1"}],"replies":[{"embeddable":true,"href":"https:\/\/writology.com\/wp-json\/wp\/v2\/comments?post=4757"}],"version-history":[{"count":1,"href":"https:\/\/writology.com\/wp-json\/wp\/v2\/pages\/4757\/revisions"}],"predecessor-version":[{"id":5071,"href":"https:\/\/writology.com\/wp-json\/wp\/v2\/pages\/4757\/revisions\/5071"}],"wp:attachment":[{"href":"https:\/\/writology.com\/wp-json\/wp\/v2\/media?parent=4757"}],"curies":[{"name":"wp","href":"https:\/\/api.w.org\/{rel}","templated":true}]}}