{"id":5085,"date":"2026-03-31T07:05:30","date_gmt":"2026-03-31T07:05:30","guid":{"rendered":"https:\/\/writology.com\/?page_id=5085"},"modified":"2026-03-31T07:05:30","modified_gmt":"2026-03-31T07:05:30","slug":"terms-writers","status":"publish","type":"page","link":"https:\/\/writology.com\/de\/terms-writers","title":{"rendered":"Gesch\u00e4ftsbedingungen f\u00fcr Autoren"},"content":{"rendered":"<p>Writology Limited (Zypern Reg. Nr. He 360665), 1-3 Boumpoulinas Street, Bouboulina-Geb\u00e4ude, B\u00fcro 42, P.C. 1060, Nikosia, Zypern (\u201euns\u201c, \u201ewir\u201c oder \u201eunser\u201c).<\/p>\n<p>Diese Vereinbarung (die &#8220;Vereinbarung&#8221;) wird von einem neuen Schriftsteller (&#8220;Writer&#8221;) und Writology Ltd (&#8220;Writology&#8221;) geschlossen.<\/p>\n<p>In Anbetracht der hierin getroffenen gegenseitigen Vereinbarungen vereinbaren die Parteien folgendes:<\/p>\n<h3>Parteien<\/h3>\n<p>Der Schriftsteller besch\u00e4ftigt sich mit dem Schreiben, Umschreiben, Bearbeiten, Korrekturlesen und Formatieren der Artikel und anderer Materialien auf freiberuflicher Basis. Writology besch\u00e4ftigt sich mit der Bereitstellung von Online-Zugriff auf die Datenbank mit Schreibauftr\u00e4gen, rund um die Uhr und in der ersten Schulung der freiberuflichen Autoren.<\/p>\n<h3>Beziehung.<\/h3>\n<p>Die Parteien vereinbaren ausdr\u00fccklich und erkennen an, dass die durch diese Vereinbarung geschaffene Beziehung ein unabh\u00e4ngiger Auftragnehmer (Schriftsteller) und eine Partei ist, die bestimmte schriftliche Arbeiten f\u00fcr die Vermietung (Writologie) beauftragt. Writologie ist nicht der Arbeitgeber von Writer, und Writer ist nicht und wird nicht als Mitarbeiter der Schrift f\u00fcr Bundessteuer, Zwecke der Leistungen an Arbeitnehmer oder andere Zwecke behandelt.<\/p>\n<h3>Dienstleistungen, die vom Writer erbracht werden sollen.<\/h3>\n<p>Der Schriftsteller erkl\u00e4rt sich bereit, auf seine alleinige Initiative schriftliche Artikel an die Schrift (die &#8220;Artikel&#8221;) einzureichen. Die Art und Methode der Herstellung dieser Artikel entspricht den Regeln des Unternehmens, was dem Verfasser w\u00e4hrend der Erstausbildung klar erkl\u00e4rt wird. Writology hat jedes Recht auf Kontrolle \u00fcber die Art und Weise der Verfasserin, um die vollst\u00e4ndige Einhaltung der Unternehmensbestimmungen gem\u00e4\u00df dieser Vereinbarung sicherzustellen. Der Verfasser wird Artikel gem\u00e4\u00df den von der Schrift und in einer schriftstellerisch befriedigenden Form einreichen. Die Writologie stellt dem Verfasser alle relevanten Informationen zur Verf\u00fcgung, um die Genauigkeit und den Inhalt jeder Aufgabe zu erleichtern, und ist f\u00fcr die Bearbeitung der einzelnen Arbeiten verantwortlich.<\/p>\n<h3>\u00c4nderungen des Materials, die vom Schriftsteller eingereicht wurden.<\/h3>\n<p>Der Schreiber stimmt zu, dass die Schreiberschaft \u00c4nderungen oder Erg\u00e4nzungen an den von Writer erstellten Artikeln vornehmen kann, die die Schrift nach eigenem Ermessen f\u00fcr notwendig erachtet, und andere dazu veranlassen kann, das Vorstehende mit oder ohne Zuordnung an den Verfasser zu tun.<\/p>\n<h3>Vertretungen und Garantien des Verfassers.<\/h3>\n<p>F\u00fcr jeden Artikel unterwirft sich der Schriftsteller der Schrift und garantiert, dass er oder sie der einzige Autor des Artikels ist und der Artikel: 1) das Originalwerk des Schriftstellers ist; 2) ist nicht gemeinfrei; 3) ist nicht ganz oder teilweise von Dritten besessen; 4) ist genau und wahrheitsgem\u00e4\u00df; 5) nicht durch rechtswidrige Mittel erlangt wurde; 6) bisher nicht in irgendeiner Weise oder in einem Medium ver\u00f6ffentlicht worden ist, insbesondere einschlie\u00dflich, aber nicht beschr\u00e4nkt auf Druck- oder elektronische Mittel; 7) dass die Ver\u00f6ffentlichung des Artikels von Writology kein Urheberrecht oder sonstiges Recht Dritter verletzt, einschlie\u00dflich des Rechts auf Privatsph\u00e4re oder \u00d6ffentlichkeit; und 8) enth\u00e4lt kein Material, das entweder obsz\u00f6n, verleumderisch oder anderweitig gegen das Gesetz verst\u00f6\u00dft.<\/p>\n<h3>Entsch\u00e4digung.<\/h3>\n<p>Der Verfasser wird die Schrift f\u00fcr alle Anspr\u00fcche, Angelegenheiten, Beschwerden, Verbindlichkeiten und Handlungen, die sich aus der Einbindung des Verfassers durch die Schrift ergeben haben, freistellen und die Writologie schadlos halten, einschlie\u00dflich, aber nicht beschr\u00e4nkt auf die Nichteinhaltung der geltenden Gesetze, Regeln und Vorschriften \u00fcber die Zur\u00fcckhaltung und Zahlung von Steuern im Zusammenhang mit erbrachten Dienstleistungen zur Schrift gem\u00e4\u00df dieser Vereinbarung.<\/p>\n<h3>Entsch\u00e4digung<\/h3>\n<p>Writology erkl\u00e4rt sich bereit, f\u00fcr jeden akzeptierten Artikel eine relevante Geb\u00fchr zu zahlen. Jede Geb\u00fchr wird im Voraus informiert, bevor der Schreiber eine Aufgabe annimmt. Unter keinen Umst\u00e4nden wird der Verfasser st\u00fcndlich, t\u00e4glich oder auf einer anderen Basis bezahlt, die eine Funktion der Zeit ist. Der Writer erkennt an und stimmt zu, dass der Schreiber nur f\u00fcr Artikel zahlt, die akzeptiert werden, und der Schreiber hat die alleinige und ausschlie\u00dfliche Befugnis, zu bestimmen, ob alle vom Writer eingereichten Artikel akzeptiert werden sollen oder nicht.<\/p>\n<h3>Steuern<\/h3>\n<p>Als unabh\u00e4ngiger Auftragnehmer ist der Writer f\u00fcr die Meldung, Hinterlegung und Zahlung aller Bundes-, Landes- und Ortssteuern verantwortlich, einschlie\u00dflich, aber nicht beschr\u00e4nkt auf Einkommenssteuern, FICA-Steuern (falls zutreffend) und Arbeitslosensteuern, die mit der Erf\u00fcllung oder Zahlung dieser Vereinbarung verbunden sind.<\/p>\n<h3>Vertragslaufzeit und K\u00fcndigung.<\/h3>\n<p>Diese Vereinbarung beginnt mit dem Datum der Registrierung und wird bis zur schriftlichen Beendigung durch beide Parteien fortgesetzt. Jede Vertragspartei kann diese Vereinbarung jederzeit aus einem Grund k\u00fcndigen, der mit einer Frist von drei\u00dfig (30) Tagen in Kraft tritt.<\/p>\n<p>Verst\u00f6\u00dft eine der Vertragsparteien gegen eine Frist dieser Vereinbarung, kann die andere Partei (die &#8220;nicht verletzende Partei&#8221;) diese Vereinbarung mit sofortiger schriftlicher K\u00fcndigung durch die nicht verletzende Partei k\u00fcndigen.<\/p>\n<h3>\u00dcbernahme und Eigentum von geistigem Eigentum.<\/h3>\n<p>Der Verfasser erkennt ausdr\u00fccklich an, dass die Artikel, die von Schriftstellern und den Diensten des Schriftstellers im Folgenden enthalten sind, von der Writology speziell bestellt und in Auftrag gegeben werden. Die Parteien erkennen an, dass alle Artikel, die von Writer im Folgenden beigef\u00fcgt wurden, als &#8220;Werks f\u00fcr Miete&#8221; nach US-amerikanischem Urheberrecht (17 USC. \u00a7 101) gelten. Die Schrift ist der alleinige und ausschlie\u00dfliche Inhaber aller Rechte und Titel in und zu den Ergebnissen und Ertr\u00e4gen der Beitr\u00e4ge des Schreibers, die in jedem Stadium der Fertigstellung stehen. Die Schrift hat das Recht, den Artikel in seinem eigenen Namen als Urheber und Inhaber zu urheberrechtlichen Urheberrechten zu urheberrechtlich gesch\u00fctzten Artikeln zu ver\u00f6ffentlichen, und alle zuvor an die Schreiberzeugnisse des Schreibers eingereichten Artikeln des Schreibers in einem beliebigen, jetzt bekannten oder sp\u00e4ter entwickelten Ausdrucksmittel entweder direkt oder mit Hilfe einer Maschine oder eines Ger\u00e4ts kommuniziert, einschlie\u00dflich der Rechte, jeden Artikel in irgendeiner Weise zu archivieren, neu zu ver\u00f6ffentlichen, zu bearbeiten, neu zu verpacken oder zu \u00fcberarbeiten. Die Rechte, die diese Vereinbarung der Writologie verleiht, gilt ausschlie\u00dflich der Schrift.<\/p>\n<p>Wenn aus irgendeinem Grund die Ergebnisse und Erl\u00f6se aus den Diensten der Verfasser jederzeit von einem zust\u00e4ndigen Gericht bestimmt werden, um nicht &#8220;Werke zu mieten&#8221;, \u00fcbertr\u00e4gt und \u00fcbertr\u00e4gt sie der Schrift unwiderruflich alle Rechte, Titel und Interessen darin, einschlie\u00dflich aller Urheberrechte und anderer Rechte und Schutz, sowie alle Erneuerungen und Erweiterungen.<\/p>\n<h3>Verschiedenes.<\/h3>\n<p>Diese Vereinbarung darf in keiner Weise ge\u00e4ndert, ge\u00e4ndert oder ge\u00e4ndert werden, au\u00dfer durch schriftliche Vereinbarung der Parteien. Kein Handel, keine Gewohnheit oder Nutzung hat diese Vereinbarung oder die Bedingungen davon. Diese Vereinbarung umfasst das gesamte Verst\u00e4ndnis der Parteien und ersetzt alle vorherigen m\u00fcndlichen oder schriftlichen Vereinbarungen in Bezug auf die Beziehung des Schreibers zur Schrift und ist als vollst\u00e4ndige und ausschlie\u00dfliche Erkl\u00e4rung der Bedingungen der Vereinbarung zwischen den Parteien gedacht.<\/p>\n<p>Die Bestimmungen und Bestimmungen dieses Vertrages sind f\u00fcr die Parteien und ihre Erben, gesetzlichen Vertreter, Nachfolger und Beauftragten bindend.<\/p>\n<p>Diese Vereinbarung ist elektronisch g\u00fcltig und wird von beiden Parteien bei der Registrierung auf Writology.com als unterschrieben angesehen<\/p>\n","protected":false},"excerpt":{"rendered":"<p>Writology Limited (Zypern Reg. Nr. He 360665), 1-3 Boumpoulinas Street, Bouboulina-Geb\u00e4ude, B\u00fcro 42, P.C. 1060, Nikosia, Zypern (\u201euns\u201c, \u201ewir\u201c oder \u201eunser\u201c). Diese Vereinbarung (die &#8220;Vereinbarung&#8221;) wird von einem neuen Schriftsteller (&#8220;Writer&#8221;) und Writology Ltd (&#8220;Writology&#8221;) geschlossen. In Anbetracht der hierin&#8230;<\/p>\n","protected":false},"author":1,"featured_media":0,"parent":0,"menu_order":0,"comment_status":"closed","ping_status":"closed","template":"","meta":{"_acf_changed":false,"_locale":"de_DE","_original_post":"https:\/\/writology.com\/?page_id=2056","footnotes":""},"class_list":["post-5085","page","type-page","status-publish","hentry","de-DE","entry"],"acf":[],"yoast_head":"<!-- This site is optimized with the Yoast SEO plugin v27.3 - https:\/\/yoast.com\/product\/yoast-seo-wordpress\/ -->\n<title>Gesch\u00e4ftsbedingungen f\u00fcr Autoren<\/title>\n<meta name=\"robots\" content=\"index, follow, max-snippet:-1, max-image-preview:large, max-video-preview:-1\" \/>\n<link rel=\"canonical\" href=\"https:\/\/writology.com\/de\/terms-writers\" \/>\n<meta property=\"og:locale\" content=\"de_DE\" \/>\n<meta property=\"og:type\" content=\"article\" \/>\n<meta property=\"og:title\" content=\"Gesch\u00e4ftsbedingungen f\u00fcr Autoren\" \/>\n<meta property=\"og:description\" content=\"Writology Limited (Zypern Reg. Nr. He 360665), 1-3 Boumpoulinas Street, Bouboulina-Geb\u00e4ude, B\u00fcro 42, P.C. 1060, Nikosia, Zypern (\u201euns\u201c, \u201ewir\u201c oder \u201eunser\u201c). Diese Vereinbarung (die &#8220;Vereinbarung&#8221;) wird von einem neuen Schriftsteller (&#8220;Writer&#8221;) und Writology Ltd (&#8220;Writology&#8221;) geschlossen. In Anbetracht der hierin...\" \/>\n<meta property=\"og:url\" content=\"https:\/\/writology.com\/de\/terms-writers\" \/>\n<meta property=\"og:site_name\" content=\"Writology\" \/>\n<meta property=\"article:publisher\" content=\"https:\/\/www.facebook.com\/writologyofficial\" \/>\n<meta property=\"og:image\" content=\"https:\/\/writology.com\/wp-content\/uploads\/2023\/05\/writology-home.png\" \/>\n\t<meta property=\"og:image:width\" content=\"1200\" \/>\n\t<meta property=\"og:image:height\" content=\"675\" \/>\n\t<meta property=\"og:image:type\" content=\"image\/png\" \/>\n<meta name=\"twitter:card\" content=\"summary_large_image\" \/>\n<meta name=\"twitter:site\" content=\"@FWritings\" \/>\n<meta name=\"twitter:label1\" content=\"Est. reading time\" \/>\n\t<meta name=\"twitter:data1\" content=\"6\u00a0Minuten\" \/>\n<!-- \/ Yoast SEO plugin. -->","yoast_head_json":{"title":"Gesch\u00e4ftsbedingungen f\u00fcr Autoren","robots":{"index":"index","follow":"follow","max-snippet":"max-snippet:-1","max-image-preview":"max-image-preview:large","max-video-preview":"max-video-preview:-1"},"canonical":"https:\/\/writology.com\/de\/terms-writers","og_locale":"de_DE","og_type":"article","og_title":"Gesch\u00e4ftsbedingungen f\u00fcr Autoren","og_description":"Writology Limited (Zypern Reg. Nr. He 360665), 1-3 Boumpoulinas Street, Bouboulina-Geb\u00e4ude, B\u00fcro 42, P.C. 1060, Nikosia, Zypern (\u201euns\u201c, \u201ewir\u201c oder \u201eunser\u201c). Diese Vereinbarung (die &#8220;Vereinbarung&#8221;) wird von einem neuen Schriftsteller (&#8220;Writer&#8221;) und Writology Ltd (&#8220;Writology&#8221;) geschlossen. In Anbetracht der hierin...","og_url":"https:\/\/writology.com\/de\/terms-writers","og_site_name":"Writology","article_publisher":"https:\/\/www.facebook.com\/writologyofficial","og_image":[{"width":1200,"height":675,"url":"https:\/\/writology.com\/wp-content\/uploads\/2023\/05\/writology-home.png","type":"image\/png"}],"twitter_card":"summary_large_image","twitter_site":"@FWritings","twitter_misc":{"Est. reading time":"6\u00a0Minuten"},"schema":{"@context":"https:\/\/schema.org","@graph":[{"@type":"WebPage","@id":"https:\/\/writology.com\/de\/terms-writers","url":"https:\/\/writology.com\/de\/terms-writers","name":"Gesch\u00e4ftsbedingungen f\u00fcr Autoren","isPartOf":{"@id":"https:\/\/writology.com\/#website"},"datePublished":"2026-03-31T07:05:30+00:00","breadcrumb":{"@id":"https:\/\/writology.com\/de\/terms-writers#breadcrumb"},"inLanguage":"de","potentialAction":[{"@type":"ReadAction","target":["https:\/\/writology.com\/de\/terms-writers"]}]},{"@type":"BreadcrumbList","@id":"https:\/\/writology.com\/de\/terms-writers#breadcrumb","itemListElement":[{"@type":"ListItem","position":1,"name":"Home","item":"https:\/\/writology.com\/de\/"},{"@type":"ListItem","position":2,"name":"Gesch\u00e4ftsbedingungen f\u00fcr Autoren"}]},{"@type":"WebSite","@id":"https:\/\/writology.com\/#website","url":"https:\/\/writology.com\/","name":"Writology","description":"Order writing and editing services from Writology professionals","publisher":{"@id":"https:\/\/writology.com\/#organization"},"potentialAction":[{"@type":"SearchAction","target":{"@type":"EntryPoint","urlTemplate":"https:\/\/writology.com\/?s={search_term_string}"},"query-input":{"@type":"PropertyValueSpecification","valueRequired":true,"valueName":"search_term_string"}}],"inLanguage":"de"},{"@type":"Organization","@id":"https:\/\/writology.com\/#organization","name":"Writology.com","url":"https:\/\/writology.com\/","logo":{"@type":"ImageObject","inLanguage":"de","@id":"https:\/\/writology.com\/#\/schema\/logo\/image\/","url":"https:\/\/writology.com\/wp-content\/uploads\/2021\/12\/header-logo.svg","contentUrl":"https:\/\/writology.com\/wp-content\/uploads\/2021\/12\/header-logo.svg","width":1,"height":1,"caption":"Writology.com"},"image":{"@id":"https:\/\/writology.com\/#\/schema\/logo\/image\/"},"sameAs":["https:\/\/www.facebook.com\/writologyofficial","https:\/\/x.com\/FWritings"]}]}},"_links":{"self":[{"href":"https:\/\/writology.com\/wp-json\/wp\/v2\/pages\/5085","targetHints":{"allow":["GET"]}}],"collection":[{"href":"https:\/\/writology.com\/wp-json\/wp\/v2\/pages"}],"about":[{"href":"https:\/\/writology.com\/wp-json\/wp\/v2\/types\/page"}],"author":[{"embeddable":true,"href":"https:\/\/writology.com\/wp-json\/wp\/v2\/users\/1"}],"replies":[{"embeddable":true,"href":"https:\/\/writology.com\/wp-json\/wp\/v2\/comments?post=5085"}],"version-history":[{"count":1,"href":"https:\/\/writology.com\/wp-json\/wp\/v2\/pages\/5085\/revisions"}],"predecessor-version":[{"id":5113,"href":"https:\/\/writology.com\/wp-json\/wp\/v2\/pages\/5085\/revisions\/5113"}],"wp:attachment":[{"href":"https:\/\/writology.com\/wp-json\/wp\/v2\/media?parent=5085"}],"curies":[{"name":"wp","href":"https:\/\/api.w.org\/{rel}","templated":true}]}}