{"id":5087,"date":"2026-03-31T07:05:30","date_gmt":"2026-03-31T07:05:30","guid":{"rendered":"https:\/\/writology.com\/?page_id=5087"},"modified":"2026-03-31T07:05:30","modified_gmt":"2026-03-31T07:05:30","slug":"guarantees","status":"publish","type":"page","link":"https:\/\/writology.com\/de\/guarantees","title":{"rendered":"Garantien"},"content":{"rendered":"<div class=\"container-fluid page-container-special guarantees-page sc\">\n<div class=\"row top-singlepage-section\">\n<div class=\"col col-12 col-sm-12 sc-content\">\n<div class=\"title-block full-xs\">\n<h1>Unsere Garantien<\/h1>\n<p>Wir sch\u00e4tzen jeden Kunden und sch\u00e4tzen deren Engagement und bem\u00fchen uns, Dienstleistungen von h\u00f6chster Qualit\u00e4t zu erbringen, um unsere Beziehung in Zukunft fortzusetzen. Deshalb nehmen wir diese freundliche famili\u00e4re Haltung ein, wenn wir unseren Kunden Dienstleistungen kommunizieren und Dienstleistungen erbringen.<\/p>\n<\/div>\n<div class=\"subtitle-img-right hidden-xs\" style=\"margin: -10px 0 -10px auto;width: 350px;height: 222px\"><img data-ft-id=\"1\"><\/div>\n<\/div>\n<\/div>\n<div class=\"sc-content\">\n<div class=\"row authentic\">\n<div class=\"col col-12 col-sm-12 col-md-6 col-lg-7\">\n<h2 class=\"stitle\">Authentisches Service<\/h2>\n<p>Leider k\u00f6nnen wir nicht sicherstellen, dass jeder Verfasser auf unserer Website zuverl\u00e4ssig und termingerecht ist. Wir haben einen authentischen Algorithmus entwickelt, der die effizientesten Autoren auf die Listen bringt und Schreibtests bietet, damit Kunden Schreibf\u00e4higkeiten sehen und Terminerinnerungen in unserem System durchf\u00fchren k\u00f6nnen. Trotzdem k\u00f6nnen Schriftsteller auf die gleiche Weise wie alle anderen Arbeiter ihre Aufgabe scheitern.<\/p>\n<p><b>Wir garantieren, dass das Projekt abgeschlossen ist, wenn der Writer ausf\u00e4llt. Unsere erfahrenen Mitarbeiter werden das Projekt umschreiben, um den Kunden nicht im Stich zu lassen.<\/b><\/p>\n<div class=\"short-orange-line\"><\/div>\n<\/div>\n<div class=\"col col-12 col-sm-12 col-md-6 col-lg-5\">\n<div class=\"authentic-reason\">\n<div class=\"item\">\n<div class=\"text\">Plagiatspr\u00fcfung<\/div>\n<\/div>\n<div class=\"item\">\n<div class=\"text\">Formatierung<\/div>\n<\/div>\n<div class=\"item\">\n<div class=\"text\">Titelseite &amp; Bibliographie<\/div>\n<\/div>\n<div class=\"item\">\n<div class=\"text\">Revision (mit 2 Tagen)<\/div>\n<\/div>\n<div class=\"item\">\n<div class=\"text\">Gliederung (auf Anfrage)<\/div>\n<\/div>\n<div class=\"item\">\n<div class=\"text\">Postzustellung<\/div>\n<\/div>\n<\/div>\n<\/div>\n<\/div>\n<\/div>\n<div class=\"row sc-content we-guarantee-block\">\n<div class=\"col col-12 col-sm-12\">\n<div class=\"header-line\">\n<h2>Wir garantieren!<\/h2>\n<\/div>\n<div class=\"we-guarantee-block-info\">\n<div class=\"in_blocks\"><img decoding=\"async\" title=\"Ohne Risiko arbeiten\" src=\"\/wp-content\/themes\/main\/images\/guarantee-working-without-risk.svg\" alt=\"Ohne Risiko arbeiten\"><\/p>\n<h3 class=\"title\">Ohne Risiko arbeiten<\/h3>\n<div class=\"text\">Wenn der Writer die Service-Writologie nicht bereitstellt, wird die Aufgabe abgeschlossen<\/div>\n<\/div>\n<div class=\"in_blocks\"><img decoding=\"async\" title=\"Gelderstattung\" src=\"\/wp-content\/themes\/main\/images\/money-refunding.svg\" alt=\"Gelderstattung\"><\/p>\n<h3 class=\"title\">Gelderstattung<\/h3>\n<div class=\"text\">Geld zur\u00fcckerstatten, wenn die Arbeit nicht den Textanforderungen entspricht<\/div>\n<\/div>\n<div class=\"in_blocks\"><img decoding=\"async\" title=\"Hohe Qualit\u00e4tsbewertung\" src=\"\/wp-content\/themes\/main\/images\/guarantees=high-quality-rating.svg\" alt=\"Hohe Qualit\u00e4tsbewertung\"><\/p>\n<h3 class=\"title\">Hohe Qualit\u00e4tsbewertung<\/h3>\n<div class=\"text\">Bewerten Sie Autoren nach ihren F\u00e4higkeiten und Leistungen. Wir verkaufen keine Positionen<\/div>\n<\/div>\n<\/div>\n<div class=\"special-bottom-quote\">Jetzt kann jeder freiberufliche Schriftsteller alle Vorlieben genie\u00dfen, was gro\u00dfe Unternehmen haben!<\/div>\n<\/div>\n<div class=\"row lifetime-discoun-block\">\n<div class=\"col col-12 col-sm-12 sc-content\"><div class=\"sc sc-lifetime-discount\">\n    <div class=\"sc-content\">\n        <div class=\"sc-lifetime-discount-header\">Flexible discount program<\/div>\n        <ul>\n            <li> <img loading=\"lazy\" decoding=\"async\" src=\"https:\/\/writology.com\/wp-content\/themes\/main\/images\/lifetime-discount-5.png\" alt=\"5% off\" width=\"345\" height=\"212\"><\/li>\n            <li> <img loading=\"lazy\" decoding=\"async\" src=\"https:\/\/writology.com\/wp-content\/themes\/main\/images\/lifetime-discount-10.png\" alt=\"10% off\" width=\"345\" height=\"212\"><\/li>\n            <li> <img loading=\"lazy\" decoding=\"async\" src=\"https:\/\/writology.com\/wp-content\/themes\/main\/images\/lifetime-discount-15.png\" alt=\"15% off\" width=\"345\" height=\"212\"><\/li>\n        <\/ul>\n    <\/div>\n<\/div><\/div>\n<\/div>\n<\/div>\n<\/div>\n","protected":false},"excerpt":{"rendered":"<p>Unsere Garantien Wir sch\u00e4tzen jeden Kunden und sch\u00e4tzen deren Engagement und bem\u00fchen uns, Dienstleistungen von h\u00f6chster Qualit\u00e4t zu erbringen, um unsere Beziehung in Zukunft fortzusetzen. Deshalb nehmen wir diese freundliche famili\u00e4re Haltung ein, wenn wir unseren Kunden Dienstleistungen kommunizieren und&#8230;<\/p>\n","protected":false},"author":1,"featured_media":0,"parent":0,"menu_order":0,"comment_status":"closed","ping_status":"closed","template":"","meta":{"_acf_changed":false,"_locale":"de_DE","_original_post":"https:\/\/writology.com\/?page_id=1434","footnotes":""},"class_list":["post-5087","page","type-page","status-publish","hentry","de-DE","entry"],"acf":[],"yoast_head":"<!-- This site is optimized with the Yoast SEO plugin v27.3 - https:\/\/yoast.com\/product\/yoast-seo-wordpress\/ -->\n<title>Geld-zur\u00fcck-Garantie auf unserer Website, die das Arbeiten ohne Risiko erm\u00f6glicht<\/title>\n<meta name=\"description\" content=\"Unsere Police bietet Geld-zur\u00fcck-Garantie Damit unsere Kunden ohne Risiko arbeiten k\u00f6nnen, werden die Ergebnisse auf unserer Website garantiert\" \/>\n<meta name=\"robots\" content=\"index, follow, max-snippet:-1, max-image-preview:large, max-video-preview:-1\" \/>\n<link rel=\"canonical\" href=\"https:\/\/writology.com\/de\/guarantees\" \/>\n<meta property=\"og:locale\" content=\"de_DE\" \/>\n<meta property=\"og:type\" content=\"article\" \/>\n<meta property=\"og:title\" content=\"Geld-zur\u00fcck-Garantie auf unserer Website, die das Arbeiten ohne Risiko erm\u00f6glicht\" \/>\n<meta property=\"og:description\" content=\"Unsere Police bietet Geld-zur\u00fcck-Garantie Damit unsere Kunden ohne Risiko arbeiten k\u00f6nnen, werden die Ergebnisse auf unserer Website garantiert\" \/>\n<meta property=\"og:url\" content=\"https:\/\/writology.com\/de\/guarantees\" \/>\n<meta property=\"og:site_name\" content=\"Writology\" \/>\n<meta property=\"article:publisher\" content=\"https:\/\/www.facebook.com\/writologyofficial\" \/>\n<meta property=\"og:image\" content=\"https:\/\/writology.com\/wp-content\/uploads\/2023\/05\/writology-home.png\" \/>\n\t<meta property=\"og:image:width\" content=\"1200\" \/>\n\t<meta property=\"og:image:height\" content=\"675\" \/>\n\t<meta property=\"og:image:type\" content=\"image\/png\" \/>\n<meta name=\"twitter:card\" content=\"summary_large_image\" \/>\n<meta name=\"twitter:site\" content=\"@FWritings\" \/>\n<meta name=\"twitter:label1\" content=\"Est. reading time\" \/>\n\t<meta name=\"twitter:data1\" content=\"1\u00a0Minute\" \/>\n<!-- \/ Yoast SEO plugin. -->","yoast_head_json":{"title":"Geld-zur\u00fcck-Garantie auf unserer Website, die das Arbeiten ohne Risiko erm\u00f6glicht","description":"Unsere Police bietet Geld-zur\u00fcck-Garantie Damit unsere Kunden ohne Risiko arbeiten k\u00f6nnen, werden die Ergebnisse auf unserer Website garantiert","robots":{"index":"index","follow":"follow","max-snippet":"max-snippet:-1","max-image-preview":"max-image-preview:large","max-video-preview":"max-video-preview:-1"},"canonical":"https:\/\/writology.com\/de\/guarantees","og_locale":"de_DE","og_type":"article","og_title":"Geld-zur\u00fcck-Garantie auf unserer Website, die das Arbeiten ohne Risiko erm\u00f6glicht","og_description":"Unsere Police bietet Geld-zur\u00fcck-Garantie Damit unsere Kunden ohne Risiko arbeiten k\u00f6nnen, werden die Ergebnisse auf unserer Website garantiert","og_url":"https:\/\/writology.com\/de\/guarantees","og_site_name":"Writology","article_publisher":"https:\/\/www.facebook.com\/writologyofficial","og_image":[{"width":1200,"height":675,"url":"https:\/\/writology.com\/wp-content\/uploads\/2023\/05\/writology-home.png","type":"image\/png"}],"twitter_card":"summary_large_image","twitter_site":"@FWritings","twitter_misc":{"Est. reading time":"1\u00a0Minute"},"schema":{"@context":"https:\/\/schema.org","@graph":[{"@type":"WebPage","@id":"https:\/\/writology.com\/de\/guarantees","url":"https:\/\/writology.com\/de\/guarantees","name":"Geld-zur\u00fcck-Garantie auf unserer Website, die das Arbeiten ohne Risiko erm\u00f6glicht","isPartOf":{"@id":"https:\/\/writology.com\/#website"},"datePublished":"2026-03-31T07:05:30+00:00","description":"Unsere Police bietet Geld-zur\u00fcck-Garantie Damit unsere Kunden ohne Risiko arbeiten k\u00f6nnen, werden die Ergebnisse auf unserer Website garantiert","breadcrumb":{"@id":"https:\/\/writology.com\/de\/guarantees#breadcrumb"},"inLanguage":"de","potentialAction":[{"@type":"ReadAction","target":["https:\/\/writology.com\/de\/guarantees"]}]},{"@type":"BreadcrumbList","@id":"https:\/\/writology.com\/de\/guarantees#breadcrumb","itemListElement":[{"@type":"ListItem","position":1,"name":"Home","item":"https:\/\/writology.com\/de\/"},{"@type":"ListItem","position":2,"name":"Garantien"}]},{"@type":"WebSite","@id":"https:\/\/writology.com\/#website","url":"https:\/\/writology.com\/","name":"Writology","description":"Order writing and editing services from Writology professionals","publisher":{"@id":"https:\/\/writology.com\/#organization"},"potentialAction":[{"@type":"SearchAction","target":{"@type":"EntryPoint","urlTemplate":"https:\/\/writology.com\/?s={search_term_string}"},"query-input":{"@type":"PropertyValueSpecification","valueRequired":true,"valueName":"search_term_string"}}],"inLanguage":"de"},{"@type":"Organization","@id":"https:\/\/writology.com\/#organization","name":"Writology.com","url":"https:\/\/writology.com\/","logo":{"@type":"ImageObject","inLanguage":"de","@id":"https:\/\/writology.com\/#\/schema\/logo\/image\/","url":"https:\/\/writology.com\/wp-content\/uploads\/2021\/12\/header-logo.svg","contentUrl":"https:\/\/writology.com\/wp-content\/uploads\/2021\/12\/header-logo.svg","width":1,"height":1,"caption":"Writology.com"},"image":{"@id":"https:\/\/writology.com\/#\/schema\/logo\/image\/"},"sameAs":["https:\/\/www.facebook.com\/writologyofficial","https:\/\/x.com\/FWritings"]}]}},"_links":{"self":[{"href":"https:\/\/writology.com\/wp-json\/wp\/v2\/pages\/5087","targetHints":{"allow":["GET"]}}],"collection":[{"href":"https:\/\/writology.com\/wp-json\/wp\/v2\/pages"}],"about":[{"href":"https:\/\/writology.com\/wp-json\/wp\/v2\/types\/page"}],"author":[{"embeddable":true,"href":"https:\/\/writology.com\/wp-json\/wp\/v2\/users\/1"}],"replies":[{"embeddable":true,"href":"https:\/\/writology.com\/wp-json\/wp\/v2\/comments?post=5087"}],"version-history":[{"count":1,"href":"https:\/\/writology.com\/wp-json\/wp\/v2\/pages\/5087\/revisions"}],"predecessor-version":[{"id":5111,"href":"https:\/\/writology.com\/wp-json\/wp\/v2\/pages\/5087\/revisions\/5111"}],"wp:attachment":[{"href":"https:\/\/writology.com\/wp-json\/wp\/v2\/media?parent=5087"}],"curies":[{"name":"wp","href":"https:\/\/api.w.org\/{rel}","templated":true}]}}