{"id":5092,"date":"2026-03-31T07:05:29","date_gmt":"2026-03-31T07:05:29","guid":{"rendered":"https:\/\/writology.com\/?page_id=5092"},"modified":"2026-03-31T07:05:29","modified_gmt":"2026-03-31T07:05:29","slug":"vip-services","status":"publish","type":"page","link":"https:\/\/writology.com\/de\/vip-services","title":{"rendered":"VIP-Schreibdienste f\u00fcr Ihre Bequemlichkeit"},"content":{"rendered":"<div class=\"service-page-body\">\n<p>Unser Custom Writing Service ist bei Peaple aus der ganzen Welt beliebt, da es f\u00fcr sie sehr praktisch ist, Bestellungen online aufzugeben, ohne das Haus verlassen zu m\u00fcssen. Unser Unternehmen kann unabh\u00e4ngig von seinem Hauptfach qualitativ hochwertige Schreibunterst\u00fctzung auf verschiedenen Schreibebenen anbieten. Wenn Sie immer noch z\u00f6gern, ob es sicher ist, mit uns zusammenzuarbeiten, besuchen Sie die Website des Unternehmens und werfen Sie einen Blick auf das Feedback-Bereich der Kunden. Die Testimonials unserer Kunden sind ein g\u00fcltiger Beweis daf\u00fcr, wie gut wir Hilfe in h\u00f6chster Qualit\u00e4t bieten k\u00f6nnen. Ein unsch\u00e4tzbarer Vorteil unseres Unternehmens ist, dass wir Ihre Aufgabe unabh\u00e4ngig von ihrer Dringlichkeit und Komplexit\u00e4t der Bestellung schreiben k\u00f6nnen. Dar\u00fcber hinaus k\u00f6nnen Sie Texte zu jedem Thema und in jeder Disziplin bestellen. Die Autoren unseres Unternehmens garantieren, dass die von Ihnen bei uns bestellten Papiere sorgf\u00e4ltig auf Plagiate gescannt sowie sorgf\u00e4ltig bearbeitet und Korrektur gelesen werden.<\/p>\n<div class=\"service-actions\"><a data-ft-id=\"1\">Unsere Preise <\/a> <a data-ft-id=\"2\"> Jetzt bestellen <\/a><\/div>\n<div>\n    <div class=\"vsl vip-services-list\">\n    <div class=\"vsl__content\">\n        <div class=\"vsl__row vsl__row-top\">\n            <a href=\"\/buy?pk_campaign=order&amp;pk_source=internal&amp;pk_medium=text+page&amp;pk_url=%2Fbanners&amp;pk_term=top_writers&amp;goto=order\/order\/essay&amp;options[vip_services]=top_writers\" class=\"vsl__item vsl__item-top-left\" title=\"Get order prepared by Top 10 writers\">\n                <div class=\"vsl__item__text\">\n                    Get order prepared by Top 10 writers\n                <\/div>\n                <div class=\"vsl__item__price\">\n                    4.40 USD\n                <\/div>\n            <\/a>\n            <a href=\"\/buy?pk_campaign=order&amp;pk_source=internal&amp;pk_medium=text+page&amp;pk_url=%2Fbanners&amp;pk_term=vip_support&amp;goto=order\/order\/essay&amp;options[vip_services]=vip_support\" class=\"vsl__item vsl__item-top-center\" title=\"Get order prepared by Top 10 writers\">\n                <div class=\"vsl__item__text\">\n                    Get VIP Support\n                <\/div>\n                <div class=\"vsl__item__price\">\n                    11.55 USD\n                <\/div>\n            <\/a>\n            <a href=\"\/buy?pk_campaign=order&amp;pk_source=internal&amp;pk_medium=text+page&amp;pk_url=%2Fbanners&amp;pk_term=proofread&amp;goto=order\/order\/essay&amp;options[vip_services]=proofread_by_editor\" class=\"vsl__item vsl__item-top-right\" title=\"Get order prepared by Top 10 writers\">\n                <div class=\"vsl__item__text\">\n                    Get order Proofread by editor\n                <\/div>\n                <div class=\"vsl__item__price\">\n                    3.66 USD\n                <\/div>\n            <\/a>\n        <\/div>\n        <div class=\"vsl__row vsl__row-package\">\n            <a href=\"\/buy?pk_campaign=order&amp;pk_source=internal&amp;pk_medium=text+page&amp;pk_url=%2Fbanners&amp;pk_term=package&amp;goto=order\/order\/essay&amp;options[vip_services]=services_package\" class=\"vsl__item-package\" title=\"Get order prepared by Top 10 writers\">\n                <div class=\"vsl__item-package__text\">\n                    <span class=\"vsl__item-package__text__highlighted\">20% OFF<\/span>\n                    Save up to VIP Services package\n                    <div class=\"vsl__item-package__text__highlighted vsl__item-package__text__price\">\n                        24.48 USD\n                    <\/div>\n                <\/div>\n            <\/a>\n        <\/div>\n        <div class=\"vsl__row vsl__row-bottom\">\n            <a href=\"\/buy?pk_campaign=order&amp;pk_source=internal&amp;pk_medium=text+page&amp;pk_url=%2Fbanners&amp;pk_term=revision&amp;goto=order\/order\/essay&amp;options[vip_services]=vip_service_revision\" class=\"vsl__item vsl__item-bottom-left\" title=\"Get order prepared by Top 10 writers\">\n                <div class=\"vsl__item__text\">\n                    Get extended REVISION\n                <\/div>\n                <div class=\"vsl__item__price\">\n                    2.00 USD\n                <\/div>\n            <\/a>\n            <a href=\"\/buy?pk_campaign=order&amp;pk_source=internal&amp;pk_medium=text+page&amp;pk_url=%2Fbanners&amp;pk_term=sms&amp;goto=order\/order\/essay&amp;options[vip_services]=vip_service_sms\" class=\"vsl__item vsl__item-bottom-center\" title=\"Get order prepared by Top 10 writers\">\n                <div class=\"vsl__item__text\">\n                    Get SMS NOTIFICATIONS\n                <\/div>\n                <div class=\"vsl__item__price\">\n                    3.00 USD\n                <\/div>\n            <\/a>\n            <a href=\"\/buy?pk_campaign=order&amp;pk_source=internal&amp;pk_medium=text+page&amp;pk_url=%2Fbanners&amp;pk_term=plagiarism&amp;goto=order\/order\/essay&amp;options[vip_services]=vip_service_plagiarism\" class=\"vsl__item vsl__item-bottom-right\" title=\"Get order prepared by Top 10 writers\">\n                <div class=\"vsl__item__text\">\n                    Get additional PLAGIARISM CHECK\n                <\/div>\n                <div class=\"vsl__item__price\">\n                    5.99 USD\n                <\/div>\n            <\/a>\n        <\/div>\n    <\/div>\n<\/div>\n    <\/div>\n<div class=\"service-page-hr\">\n<hr>\n<\/div>\n<div class=\"service-page-body\">\n<p>Neben hochwertigen Schreibservices k\u00f6nnen wir auch ein freundliches und reaktionsschnelles Kundensupport-Team vorweisen, das rund um die Uhr operiert. Daher k\u00f6nnen Sie Ihre Bestellung zu jeder Tages- und Nachtzeit f\u00fcr Sie aufgeben. Wenn Sie also eine dringende Aufgabe haben, k\u00f6nnen Sie diese bei Bedarf sogar \u00fcber Nacht oder innerhalb weniger Stunden erhalten. Wenn Sie sich an das Kundensupport-Team wenden, k\u00f6nnen Sie auch Antworten auf Ihre Anfragen oder Antworten auf Ihre Fragen oder Probleme erhalten. Stellen Sie sicher, dass unsere Kundendienstmitarbeiter unabh\u00e4ngig von der Tages- und Nachtzeit immer online sind.<\/p>\n<p>Ein weiteres Merkmal, das unser Unternehmen von Kunden wirklich gesch\u00e4tzt macht, sind vern\u00fcnftige Preise, die erschwinglich sind. Da der Gro\u00dfteil der Kundenbasis aus Kunden besteht, war es f\u00fcr uns wichtig, faire Preise zu etablieren, die unsere Kunden nicht \u00fcberfordert f\u00fchlen w\u00fcrden. Mit einem solchen Ansatz k\u00f6nnen wir sicher sein, dass sich Kunden f\u00fcr professionelle Hilfe auf uns verlassen k\u00f6nnen.<\/p>\n<p>Stellen Sie bei jeder Bestellung bei uns sicher, dass Sie ein Papier, das streng nach Ihren Anweisungen geschrieben wurde, erhalten. Wir garantieren, dass jedes von uns gelieferte Papier nach Ihren individuellen Anforderungen von Grund auf neu geschrieben wird. Authentizit\u00e4t und Originalit\u00e4t der Inhalte sind garantiert.<\/p>\n<p class=\"list-title\">Wenn Sie interessiert sind, welche spezifischen VIP-Dienste Sie aus uns ausw\u00e4hlen k\u00f6nnen, lesen Sie Folgendes:<\/p>\n<ul class=\"list-girl-bg\">\n<li>Zusammenarbeit mit dem Top-Autor.<\/li>\n<li>Zus\u00e4tzliche Bearbeitung und Korrekturlesen.<\/li>\n<li>\u00dcberarbeitung und erweiterte Revisionsoptionen.<\/li>\n<li>Kundendienst.<\/li>\n<li>SMS-Benachrichtigungen \u00fcber Updates.<\/li>\n<li>gr\u00fcndliche Plagiatspr\u00fcfung.<\/li>\n<\/ul>\n<p>Die Vielfalt der Dienstleistungen unseres Unternehmens ist jedoch nicht auf die oben genannten beschr\u00e4nkt. Unabh\u00e4ngig von der gew\u00fcnschten Bestellart k\u00f6nnen Sie sich an die Experten unseres Unternehmens wenden. Was Sie tun m\u00fcssen, ist, unser Unternehmen zu kontaktieren und uns spezifische Anweisungen zu geben. Unsere Kundendienstmitarbeiter werden sich bald bei Ihnen melden und Ihnen helfen, mit Ihnen \u00fcber die Art des Service zu kommunizieren, den Sie suchen. Dar\u00fcber hinaus stellt die Verwaltung unseres Unternehmens bei der Zuweisung eines Schriftstellers f\u00fcr die Arbeit an Ihrem Papier sicher, dass die Autoren in Ihrem Kurs oder Fachbereich t\u00e4tig sind. Unsere VIP Custom Writing Services garantieren auch, dass alle pers\u00f6nlichen und Kontaktinformationen, die Sie uns zur Verf\u00fcgung stellen, vertraulich behandelt werden. Stellen Sie also sicher, dass keiner Ihrer Professoren, Kollegen oder Gruppenkameraden erfahren wird, dass Sie mit uns zusammengearbeitet haben. Wenn Sie sich bei unserem Unternehmen um Hilfe bitten, m\u00fcssen Sie sich um nichts k\u00fcmmern.<\/p>\n<\/div>\n<div class=\"service-page-hr\">\n<hr>\n<\/div>\n<div class=\"service-page-body\">\n<h2>VIP-Qualit\u00e4t des benutzerdefinierten Schreibens<\/h2>\n<p>Um allen unseren Kunden eine hervorragende Schreibqualit\u00e4t zu garantieren, m\u00fcssen wir nur die talentiertesten und erfahrensten Schriftsteller einstellen. Auf diese Weise k\u00f6nnen wir sicherstellen, dass unsere Autoren auch mit den kompliziertesten Ordnungstypen fertig werden. Wenn sich eine Person in unserem Unternehmen um die Position des Schriftstellers bewirbt, stellen wir sicher, dass er \u00fcber alle erforderlichen Qualifikationen verf\u00fcgt, um die Standards und Anforderungen unseres Unternehmens zu erf\u00fcllen. So testet die Unternehmensadministration die Soft- und Hard Skills der Bewerber sowie ihre Kompetenz in bestimmten Disziplinen. Dar\u00fcber hinaus bevorzugt unser Unternehmen Autoren mit Master- und PhD-Abschl\u00fcssen sowie Muttersprachler von Englisch. All diese Kriterien helfen uns sicherzustellen, dass wir nur mit echten Experten im Bereich Schreiben zusammenarbeiten.<\/p>\n<p>Wenn Sie unsere VIP-Schreibdienste nutzen, k\u00f6nnen Sie sicher sein, dass Ihre Aufgabe mit der richtigen Sorgfalt und gewissenhafter Aufmerksamkeit erledigt wird. Unsere Autoren achten nicht nur auf den Inhalt insgesamt, sondern auch auf Aspekte wie Wortschatzwahl, Satzstruktur, Interpunktion, Rechtschreibung und Grammatik. Stellen Sie sicher, dass die Autoren unseres Unternehmens niemals Online-Vorlagen oder Muster verwenden &#8211; jedes Papier wird streng nach Ihren individuellen Anforderungen geschrieben. Wenn Sie bestimmte Anweisungen oder Vorlagen Ihres Professors haben, die befolgt werden sollen, k\u00f6nnen Sie diese sicherlich hochladen.<\/p>\n<\/div>\n<div class=\"service-page-hr\">\n<hr>\n<\/div>\n<div class=\"service-page-body\">\n<h2>Kundenbetreuung in h\u00f6chster Qualit\u00e4t<\/h2>\n<p>Wenn Sie eine Bestellung von unserer Website aufgeben, erhalten Sie nicht nur eine perfekt geschriebene Arbeit, sondern k\u00f6nnen auch den Kundensupport erhalten. Stellen Sie sicher, dass Sie niemals allein gelassen werden, wenn Sie Hilfe bei Ihrer Bestellung ben\u00f6tigen. Unsere freundlichen Kundendienstmitarbeiter helfen Ihnen bei allen Fragen. Unser Unternehmen bietet einige Optionen an, mit denen Sie sich mit unseren Kundenbetreuern in Verbindung setzen k\u00f6nnen. Sie k\u00f6nnen dies beispielsweise per E-Mail, Telefon oder Live-Support tun. Unsere Agenten helfen Ihnen, selbst die dringendsten und dringendsten Aufgaben zu erledigen. Also z\u00f6gern Sie nicht, uns um Hilfe zu bitten: Wir sind rund um die Uhr erreichbar.<\/p>\n<div class=\"a-class-essay\">\n    <div class=\"a-class-essay__percent\">\n        <span>100%<\/span>\n    <\/div>\n    <div class=\"a-class-essay__text\">\n        Best Custom Writing Help. <b>Satisfaction Guarantee<\/b>\n    <\/div>\n<\/div>\n<h2>Tadellose Redaktion<\/h2>\n<p>Abgesehen von der hervorragenden Unterst\u00fctzung durch unsere Kundenbetreuer bieten wir hervorragende Hilfe beim Bearbeiten und Korrekturlesen. Manchmal kann ein benutzerdefinierter Schreibprozess allein nicht immer einwandfreien Inhalt garantieren, daher die Notwendigkeit, die Redakteure zu ermutigen, sich dem Prozess anzuschlie\u00dfen. Wenn Sie unsere VIP-Dienste nutzen, k\u00f6nnen Sie sicher sein, dass Ihr Papier nach seiner Fertigstellung ebenfalls bearbeitet und Korrektur gelesen wird. Dar\u00fcber hinaus k\u00f6nnen Sie sich w\u00e4hrend dieses Prozesses auf Sonderangebote und Rabatte verlassen.<\/p>\n<h2>Holen Sie sich die Bestellung in Teilen<\/h2>\n<p>Wenn Sie lange Papiere bei uns bestellen, k\u00f6nnen Sie die M\u00f6glichkeit haben, Ihre Bestellung in Teilen zu erhalten. Daher k\u00f6nnen Sie den Schreibprozess \u00fcberwachen und sicherstellen, dass Ihr zugewiesener Schreiber gr\u00fcndlich und konsequent daran arbeitet. Dar\u00fcber hinaus k\u00f6nnen Sie die Richtung des Schreibens und der Forschung verfolgen und so mit Ihrem Schriftsteller zusammenarbeiten und ihm einige Bemerkungen oder Empfehlungen zum Inhalt und zur Entwicklung von Ideen senden.<\/p>\n<p>Insgesamt ist der Kauf von VIP Custom Writing Package eine gro\u00dfartige Option, wenn Sie sicher sein m\u00f6chten, dass Ihr Papier mit gr\u00f6\u00dfter Sorgfalt behandelt wird. Wir sind hier, um Ihnen erstklassige Unterst\u00fctzung von unseren kompetenten Autoren, professionellen Redakteuren und reaktionsschnellen Kundenbetreuungsvertretern zu bieten.<\/p>\n<\/div>\n<\/div>\n<a href=\"\/affiliate-program\" target=\"_blank\" title=\"Invite your friends  to use our service and receive 10% from every their order\" class=\"invite-friends\">\n    <div class=\"invite-friends__content\">\n        <div class=\"invite-friends__content__text\">\n            <div class=\"invite-friends__content__text__top\">\n                Invite your friends\n            <\/div>\n            <div class=\"invite-friends__content__text__bottom\">\n                to use our service and receive from every their order\n            <\/div>\n        <\/div>\n        <div class=\"invite-friends__content__percent\">\n            10%\n        <\/div>\n    <\/div>\n<\/a>\n","protected":false},"excerpt":{"rendered":"<p>Unser Custom Writing Service ist bei Peaple aus der ganzen Welt beliebt, da es f\u00fcr sie sehr praktisch ist, Bestellungen online aufzugeben, ohne das Haus verlassen zu m\u00fcssen. Unser Unternehmen kann unabh\u00e4ngig von seinem Hauptfach qualitativ hochwertige Schreibunterst\u00fctzung auf verschiedenen&#8230;<\/p>\n","protected":false},"author":1,"featured_media":0,"parent":0,"menu_order":0,"comment_status":"closed","ping_status":"closed","template":"","meta":{"_acf_changed":false,"_locale":"de_DE","_original_post":"http:\/\/old.writology.com\/?page_id=2029","footnotes":""},"class_list":["post-5092","page","type-page","status-publish","hentry","de-DE","entry"],"acf":[],"yoast_head":"<!-- This site is optimized with the Yoast SEO plugin v27.3 - https:\/\/yoast.com\/product\/yoast-seo-wordpress\/ -->\n<title>Bestellen Sie VIP Custom Writing Services f\u00fcr Ihren Komfort<\/title>\n<meta name=\"description\" content=\"VIP Custom Writing Services von unserem Unternehmen sind f\u00fcr Sie gedacht, wenn Sie sicher sein wollen, dass Ihre Bestellung perfekt abgewickelt wird. Lesen Sie weiter und kaufen Sie VIP-Dienste bei uns.\" \/>\n<meta name=\"robots\" content=\"index, follow, max-snippet:-1, max-image-preview:large, max-video-preview:-1\" \/>\n<link rel=\"canonical\" href=\"https:\/\/writology.com\/de\/vip-services\" \/>\n<meta property=\"og:locale\" content=\"de_DE\" \/>\n<meta property=\"og:type\" content=\"article\" \/>\n<meta property=\"og:title\" content=\"Bestellen Sie VIP Custom Writing Services f\u00fcr Ihren Komfort\" \/>\n<meta property=\"og:description\" content=\"VIP Custom Writing Services von unserem Unternehmen sind f\u00fcr Sie gedacht, wenn Sie sicher sein wollen, dass Ihre Bestellung perfekt abgewickelt wird. Lesen Sie weiter und kaufen Sie VIP-Dienste bei uns.\" \/>\n<meta property=\"og:url\" content=\"https:\/\/writology.com\/de\/vip-services\" \/>\n<meta property=\"og:site_name\" content=\"Writology\" \/>\n<meta property=\"article:publisher\" content=\"https:\/\/www.facebook.com\/writologyofficial\" \/>\n<meta property=\"og:image\" content=\"https:\/\/writology.com\/wp-content\/uploads\/2023\/05\/writology-home.png\" \/>\n\t<meta property=\"og:image:width\" content=\"1200\" \/>\n\t<meta property=\"og:image:height\" content=\"675\" \/>\n\t<meta property=\"og:image:type\" content=\"image\/png\" \/>\n<meta name=\"twitter:card\" content=\"summary_large_image\" \/>\n<meta name=\"twitter:site\" content=\"@FWritings\" \/>\n<meta name=\"twitter:label1\" content=\"Est. reading time\" \/>\n\t<meta name=\"twitter:data1\" content=\"6\u00a0Minuten\" \/>\n<!-- \/ Yoast SEO plugin. -->","yoast_head_json":{"title":"Bestellen Sie VIP Custom Writing Services f\u00fcr Ihren Komfort","description":"VIP Custom Writing Services von unserem Unternehmen sind f\u00fcr Sie gedacht, wenn Sie sicher sein wollen, dass Ihre Bestellung perfekt abgewickelt wird. Lesen Sie weiter und kaufen Sie VIP-Dienste bei uns.","robots":{"index":"index","follow":"follow","max-snippet":"max-snippet:-1","max-image-preview":"max-image-preview:large","max-video-preview":"max-video-preview:-1"},"canonical":"https:\/\/writology.com\/de\/vip-services","og_locale":"de_DE","og_type":"article","og_title":"Bestellen Sie VIP Custom Writing Services f\u00fcr Ihren Komfort","og_description":"VIP Custom Writing Services von unserem Unternehmen sind f\u00fcr Sie gedacht, wenn Sie sicher sein wollen, dass Ihre Bestellung perfekt abgewickelt wird. Lesen Sie weiter und kaufen Sie VIP-Dienste bei uns.","og_url":"https:\/\/writology.com\/de\/vip-services","og_site_name":"Writology","article_publisher":"https:\/\/www.facebook.com\/writologyofficial","og_image":[{"width":1200,"height":675,"url":"https:\/\/writology.com\/wp-content\/uploads\/2023\/05\/writology-home.png","type":"image\/png"}],"twitter_card":"summary_large_image","twitter_site":"@FWritings","twitter_misc":{"Est. reading time":"6\u00a0Minuten"},"schema":{"@context":"https:\/\/schema.org","@graph":[{"@type":"WebPage","@id":"https:\/\/writology.com\/de\/vip-services","url":"https:\/\/writology.com\/de\/vip-services","name":"Bestellen Sie VIP Custom Writing Services f\u00fcr Ihren Komfort","isPartOf":{"@id":"https:\/\/writology.com\/#website"},"datePublished":"2026-03-31T07:05:29+00:00","description":"VIP Custom Writing Services von unserem Unternehmen sind f\u00fcr Sie gedacht, wenn Sie sicher sein wollen, dass Ihre Bestellung perfekt abgewickelt wird. Lesen Sie weiter und kaufen Sie VIP-Dienste bei uns.","breadcrumb":{"@id":"https:\/\/writology.com\/de\/vip-services#breadcrumb"},"inLanguage":"de","potentialAction":[{"@type":"ReadAction","target":["https:\/\/writology.com\/de\/vip-services"]}]},{"@type":"BreadcrumbList","@id":"https:\/\/writology.com\/de\/vip-services#breadcrumb","itemListElement":[{"@type":"ListItem","position":1,"name":"Home","item":"https:\/\/writology.com\/de\/"},{"@type":"ListItem","position":2,"name":"VIP-Schreibdienste f\u00fcr Ihre Bequemlichkeit"}]},{"@type":"WebSite","@id":"https:\/\/writology.com\/#website","url":"https:\/\/writology.com\/","name":"Writology","description":"Order writing and editing services from Writology professionals","publisher":{"@id":"https:\/\/writology.com\/#organization"},"potentialAction":[{"@type":"SearchAction","target":{"@type":"EntryPoint","urlTemplate":"https:\/\/writology.com\/?s={search_term_string}"},"query-input":{"@type":"PropertyValueSpecification","valueRequired":true,"valueName":"search_term_string"}}],"inLanguage":"de"},{"@type":"Organization","@id":"https:\/\/writology.com\/#organization","name":"Writology.com","url":"https:\/\/writology.com\/","logo":{"@type":"ImageObject","inLanguage":"de","@id":"https:\/\/writology.com\/#\/schema\/logo\/image\/","url":"https:\/\/writology.com\/wp-content\/uploads\/2021\/12\/header-logo.svg","contentUrl":"https:\/\/writology.com\/wp-content\/uploads\/2021\/12\/header-logo.svg","width":1,"height":1,"caption":"Writology.com"},"image":{"@id":"https:\/\/writology.com\/#\/schema\/logo\/image\/"},"sameAs":["https:\/\/www.facebook.com\/writologyofficial","https:\/\/x.com\/FWritings"]}]}},"_links":{"self":[{"href":"https:\/\/writology.com\/wp-json\/wp\/v2\/pages\/5092","targetHints":{"allow":["GET"]}}],"collection":[{"href":"https:\/\/writology.com\/wp-json\/wp\/v2\/pages"}],"about":[{"href":"https:\/\/writology.com\/wp-json\/wp\/v2\/types\/page"}],"author":[{"embeddable":true,"href":"https:\/\/writology.com\/wp-json\/wp\/v2\/users\/1"}],"replies":[{"embeddable":true,"href":"https:\/\/writology.com\/wp-json\/wp\/v2\/comments?post=5092"}],"version-history":[{"count":1,"href":"https:\/\/writology.com\/wp-json\/wp\/v2\/pages\/5092\/revisions"}],"predecessor-version":[{"id":5106,"href":"https:\/\/writology.com\/wp-json\/wp\/v2\/pages\/5092\/revisions\/5106"}],"wp:attachment":[{"href":"https:\/\/writology.com\/wp-json\/wp\/v2\/media?parent=5092"}],"curies":[{"name":"wp","href":"https:\/\/api.w.org\/{rel}","templated":true}]}}