{"id":5093,"date":"2026-03-31T07:05:29","date_gmt":"2026-03-31T07:05:29","guid":{"rendered":"https:\/\/writology.com\/?page_id=5093"},"modified":"2026-03-31T07:05:29","modified_gmt":"2026-03-31T07:05:29","slug":"faq","status":"publish","type":"page","link":"https:\/\/writology.com\/de\/faq","title":{"rendered":"Fragen und Antworten"},"content":{"rendered":"<div class=\"sc-faq\"><div class=\"list\"> <div class=\"list-item item-4759 active\">\n                            <div class=\"item-header\">Wann bekomme ich meine Bestellung?<\/div>\n                            <div class=\"item-body\" style=\"display: block\"><p>Alle Bestellungen, die Sie bei uns aufgeben, werden gem\u00e4\u00df der angegebenen Frist geliefert. Wir haben eine Garantie, nach der wir alle Papiere p\u00fcnktlich zur Verf\u00fcgung stellen. Bitte beachten Sie bei der Bestellung, dass der Countdown von dem Moment an beginnt, in dem Sie die Zahlung \u00fcberpr\u00fcfen.<\/p>\n<\/div>\n                        <\/div> <div class=\"list-item item-4760\">\n                            <div class=\"item-header\">Wie kann ich mit meinem zugewiesenen Schriftsteller in Kontakt treten?<\/div>\n                            <div class=\"item-body\"><p>Unser Unternehmen bietet eine gro\u00dfartige Option f\u00fcr direkte Nachrichten, mit denen Kunden Kontakt mit ihren Autoren aufnehmen k\u00f6nnen. In dringenden F\u00e4llen ist es immer m\u00f6glich, sich an Kundenbetreuer zu wenden und sie zu bitten, sich an den Verfasser zu wenden.<\/p>\n<\/div>\n                        <\/div> <div class=\"list-item item-4761\">\n                            <div class=\"item-header\">Haben Sie VIP-Optionen?<\/div>\n                            <div class=\"item-body\"><p>Ja, wir haben mehrere VIP-Optionen, die Sie separat oder im Paket kaufen k\u00f6nnen. Wir bieten Optionen wie:<br>\u2981 VIP-Unterst\u00fctzung, mit der Sie in allen Phasen besondere Aufmerksamkeit auf Ihre Bestellungen erhalten k\u00f6nnen. Das Korrekturlesen nach Editor soll die Qualit\u00e4tskonsistenz und die volle Korrektheit der Grammatik und Formatierung best\u00e4tigen.<br>\u2981 SMS-Benachrichtigung, die es Ihnen erm\u00f6glicht, unterwegs \u00fcber Ihre Bestellung auf dem Laufenden zu bleiben Tage nach der Lieferung<br>\u2981 PDF-Plagiatsbericht, wo wir Ihr Papier zus\u00e4tzlich auf Plagiate \u00fcberpr\u00fcfen<\/p>\n<\/div>\n                        <\/div> <div class=\"list-item item-4762\">\n                            <div class=\"item-header\">Welchen Bestelltyp soll ich w\u00e4hlen?<\/div>\n                            <div class=\"item-body\"><p>Wenn Sie eine Bestellung online aufgeben, sollten Sie einen geeigneten Papiertyp ausw\u00e4hlen. Wenn Sie sich nicht sicher sind, welchen Bestelltyp Sie w\u00e4hlen sollen, senden Sie uns Ihre Anforderungen, und wir helfen Ihnen, dies herauszufinden. Kontaktieren Sie einfach unser Live-Chat-Support-Team.<\/p>\n<\/div>\n                        <\/div> <div class=\"list-item item-4763\">\n                            <div class=\"item-header\">Garantieren Sie hervorragende Noten f\u00fcr die von Ihnen erbrachten kundenspezifischen Schreibdienste? Oder wie kann ich sonst die Qualit\u00e4t der Dienstleistungen sicherstellen?<\/div>\n                            <div class=\"item-body\"><p>Wir garantieren eine angemessene und erstklassige Qualit\u00e4t unserer Dienstleistungen, aber wir k\u00f6nnen uns nie sicher sein, welche Noten Sie erhalten. Die Bewertung ist ein subjektiver Aspekt und h\u00e4ngt von Ihrem Professor ab. Wir k\u00f6nnen Ihnen also nicht sagen, welche Note Sie erhalten. Wir versprechen jedoch, dass Sie von Schriftstellern unterst\u00fctzt werden, die Master und Ph.D. Ebenen<\/p>\n<\/div>\n                        <\/div> <div class=\"list-item item-4764\">\n                            <div class=\"item-header\">Arbeiten Sie an dringenden Papieren?<\/div>\n                            <div class=\"item-body\"><p>Ja, unsere Autoren arbeiten sogar an Papieren mit dringenden Fristen. Sie k\u00f6nnen unter stressigen Bedingungen arbeiten, ohne die Qualit\u00e4t des Schreibens zu untergraben. Bitte seien Sie auch realistisch, wenn es darum geht, wirklich enge Fristen festzulegen.<\/p>\n<\/div>\n                        <\/div> <div class=\"list-item item-4765\">\n                            <div class=\"item-header\">Was sind Ihre \u00d6ffnungszeiten?<\/div>\n                            <div class=\"item-body\"><p>Wir sind ein Unternehmen, das rund um die Uhr t\u00e4tig ist, so dass Sie sich jederzeit auf unsere Hilfe verlassen k\u00f6nnen.<\/p>\n<\/div>\n                        <\/div> <div class=\"list-item item-4766\">\n                            <div class=\"item-header\">Wird mein Papier p\u00fcnktlich geliefert?<\/div>\n                            <div class=\"item-body\"><p>Unser Unternehmen garantiert, dass alle Papiere, die Sie bei uns ablegen, gem\u00e4\u00df der festgelegten Frist bereitgestellt werden. Sie k\u00f6nnen sich sogar auf uns verlassen, wenn Sie Hilfe bei dringenden Bestellungen ben\u00f6tigen.<\/p>\n<\/div>\n                        <\/div> <div class=\"list-item item-4767\">\n                            <div class=\"item-header\">Ist es obligatorisch, meine Telefonnummer und E-Mail-Adresse bei der Registrierung anzugeben?<\/div>\n                            <div class=\"item-body\"><p>Wir ermutigen alle unsere Kunden, ihre Kontaktdaten zu hinterlassen, da wir in dringenden F\u00e4llen die M\u00f6glichkeit haben, mit Ihnen in Kontakt zu treten. Wenn es erforderlich ist, etwas zu kl\u00e4ren oder wenn wir einige Updates ben\u00f6tigen, k\u00f6nnen wir Sie \u00fcber die angegebene E-Mail- oder Telefonnummer kontaktieren.<\/p>\n<\/div>\n                        <\/div> <div class=\"list-item item-4768\">\n                            <div class=\"item-header\">Ich habe Probleme, die Bestellung zu bezahlen. Warum kann ich ihnen begegnen?<\/div>\n                            <div class=\"item-body\"><p>M\u00f6glicherweise erhalten Sie einen Zahlungs- oder Autorisierungsfehler - und dies kann aus unsachgem\u00e4\u00dfer Arbeit Ihres Webbrowsers resultieren. In solchen F\u00e4llen k\u00f6nnen Sie also einen anderen Browser verwenden oder einfach eine andere Bankkarte zur Zahlung w\u00e4hlen. In anderen F\u00e4llen k\u00f6nnen Sie unser Unternehmen direkt kontaktieren und Ihre Anfrage wird an die Finanzabteilung weitergeleitet.<\/p>\n<\/div>\n                        <\/div> <div class=\"list-item item-4769\">\n                            <div class=\"item-header\">K\u00f6nnen Sie bei wirklich komplizierten Aufgaben helfen?<\/div>\n                            <div class=\"item-body\"><p>Sicher, wir haben Autoren unterschiedlicher akademischer Ebene in unserem Team. Dementsprechend k\u00f6nnen Sie Bestellungen vom Gymnasium und Hochschule bis zu Universit\u00e4ts- und Masterstufen aufgeben.<\/p>\n<\/div>\n                        <\/div> <div class=\"list-item item-4770\">\n                            <div class=\"item-header\">Wer ist f\u00fcr das Schreiben meiner Zeitung verantwortlich?<\/div>\n                            <div class=\"item-body\"><p>Wenn ein Schriftsteller mit der Arbeit an Ihrem Papier beauftragt wird, k\u00f6nnen Sie sicher sein, dass die Person ein wahrer Experte in unserem Haupt- oder Forschungsbereich sein wird. Unsere Unternehmensverwaltung \u00fcberpr\u00fcft sorgf\u00e4ltig die Papieranforderungen und stellt sicher, dass der Verfasser Ihren Anforderungen entspricht. Wir haben ein reiches und vielseitiges Team von Autoren, Korrekturlesern und Redakteuren, die Ihr Papier auffrischen.<\/p>\n<\/div>\n                        <\/div> <div class=\"list-item item-4771\">\n                            <div class=\"item-header\">Wie kann ich sicher sein, dass das von Ihnen individuell geschriebene Papier original ist?<\/div>\n                            <div class=\"item-body\"><p>Wir garantieren, dass alle von unserem Service bereitgestellten Papiere gr\u00fcndlich \u00fcber Anti-Plagiat-Software \u00fcberpr\u00fcft werden. Bevor wir ausgef\u00fcllte Papiere in Ihr Konto hochladen, stellen wir sicher, dass diese Korrektur gelesen und nach Plagiaten gescannt wird.<\/p>\n<\/div>\n                        <\/div> <div class=\"list-item item-4772\">\n                            <div class=\"item-header\">Ist Ihr Service vertraulich? Kann ich sicher sein, dass meine Informationen nicht weitergegeben werden?<\/div>\n                            <div class=\"item-body\"><p>Keine der pers\u00f6nlichen oder Kontaktinformationen wird jemals an Dritte weitergegeben. Wir sind daf\u00fcr verantwortlich, alle Ihre pers\u00f6nlichen Fakten und Details in der Privatsph\u00e4re zu pflegen. Insbesondere kennen weder Sie noch Ihr Verfasser die pers\u00f6nlichen Daten voneinander wie Name, Telefonnummer oder E-Mail-Adresse.<\/p>\n<\/div>\n                        <\/div> <div class=\"list-item item-4773\">\n                            <div class=\"item-header\">Ich habe Probleme, die Bestellung bei Ihnen aufzugeben. Was k\u00f6nnte der Grund daf\u00fcr sein?<\/div>\n                            <div class=\"item-body\"><p>Wenn die Website l\u00e4ngere Zeit geladen wird oder Sie nicht mit der Auftragserteilung fortfahren k\u00f6nnen, \u00fcberpr\u00fcfen Sie noch einmal, ob Sie alle erforderlichen Felder im Bestellformular ausgef\u00fcllt haben. Wenn alle Informationen bereitgestellt wurden, achten Sie dann auf die angeh\u00e4ngten Dateien. Wenn zu viele Dateien angeh\u00e4ngt sind oder schwer sind, k\u00f6nnen sie diese Verz\u00f6gerung beim Laden des Anmeldeformulars verursachen. Anstatt zu versuchen, alle Materialien im Bestellformular anzuh\u00e4ngen, leiten Sie sie per Live-Chat oder E-Mail weiter.<\/p>\n<\/div>\n                        <\/div> <div class=\"list-item item-4774\">\n                            <div class=\"item-header\">Ist es sicher, Essays online zu kaufen?<\/div>\n                            <div class=\"item-body\"><p>Wir verwenden nur sichere Verbindungen, um alle Ihre Bestellungen zu bearbeiten und sicherzustellen, dass Transaktionen \u00fcber sichere Zahlungssysteme erfolgen. Wir beobachten, dass die Sicherheit des Online-Kaufs von Aufs\u00e4tzen bei uns jederzeit aufrechterhalten wird.<\/p>\n<\/div>\n                        <\/div> <div class=\"list-item item-4775\">\n                            <div class=\"item-header\">Werde ich erwischt, wenn ich einen Aufsatz kaufe?<\/div>\n                            <div class=\"item-body\"><p>Wir geben niemals Informationen \u00fcber Ihre Bestellungen weiter, was es unm\u00f6glich macht, zu erfahren, dass Sie Ihren Aufsatz gekauft haben. Dar\u00fcber hinaus schreiben unsere Autoren jedes Papier von Grund auf neu, was es unm\u00f6glich macht, identische Aufs\u00e4tze zu finden. So machen wir alles, damit niemand wei\u00df, dass Sie Ihre Aufs\u00e4tze kaufen.<\/p>\n<\/div>\n                        <\/div> <div class=\"list-item item-4776\">\n                            <div class=\"item-header\">Wie professionell sind die Autoren, die meinen Aufsatz f\u00fcr mich schreiben werden?<\/div>\n                            <div class=\"item-body\"><p>Wir haben ein strenges Verfahren f\u00fcr die Einstellung von Schriftstellern. Nur diejenigen Autoren, die einen Abschluss in ihrem Fachgebiet und ausreichende Schreiberfahrung haben, k\u00f6nnen unsere Tests und Interviews bestehen. Die Mehrheit unserer Autoren hat einen Bachelor- und \/ oder Master-Abschluss, w\u00e4hrend einige sogar einen Doktortitel haben.<\/p>\n<\/div>\n                        <\/div> <div class=\"list-item item-4777\">\n                            <div class=\"item-header\">Sind benutzerdefinierte Aufsatzschreibdienste legitim?<\/div>\n                            <div class=\"item-body\"><p>Unsere benutzerdefinierten Aufsatzschreibdienste sind legitim, da wir die Sch\u00fcler dazu ermutigen, die von uns bereitgestellten Papiere als zus\u00e4tzliche Bildungsressourcen in ihrem Studium zu verwenden. Eine solche Verwendung unserer Papiere ist von keiner Schule, Hochschule oder Universit\u00e4t verboten.<\/p>\n<\/div>\n                        <\/div> <div class=\"list-item item-4778\">\n                            <div class=\"item-header\">Was ist benutzerdefiniertes Aufsatzschreiben?<\/div>\n                            <div class=\"item-body\"><p>Benutzerdefiniertes Aufsatzschreiben recherchiert ein Thema, entwickelt Ideen und bereitet ein Papier nach bestimmten Anweisungen vor. Die Sch\u00fcler schreiben ihre individuellen Aufs\u00e4tze, wenn sie ihre Aufgaben selbst vorbereiten, aber Sie k\u00f6nnen einen erfahrenen Schriftsteller anstelle von Ihnen den gleichen Job machen. Wenn Sie benutzerdefinierte Essay-Schreibdienste bei einer vertrauensw\u00fcrdigen Schreibfirma bestellen, erhalten Sie ein Papier, das von Grund auf neu geschrieben wurde und alle Ihre individuellen Anforderungen ber\u00fccksichtigt.<\/p>\n<\/div>\n                        <\/div> <div class=\"list-item item-4758\">\n                            <div class=\"item-header\">Kann ich meine Bestellung fr\u00fcher erhalten, wenn mein Autor sie vorher abgeschlossen hat?<\/div>\n                            <div class=\"item-body\"><p>Wir haben die Regel, dass wir Papiere immer n\u00e4her an den Ablauf der Frist senden. Tats\u00e4chlich ist die fr\u00fchere Lieferoption diejenige, die extra kostet. Unsere Autoren stellen Papiere gem\u00e4\u00df den festgelegten Fristen zur Verf\u00fcgung, da diese f\u00fcr die Dringlichkeit des Papiers und den Gesamtpreis, den Sie zahlen m\u00fcssen, entscheidend sind. Wenn Sie die Frist verk\u00fcrzen, m\u00fcssen wir die Autoren und Redakteure bitten, schneller an Ihrer Bestellung zu arbeiten oder sofort darauf zu wechseln, sodass eine zus\u00e4tzliche Zahlung erforderlich ist.<\/p>\n<\/div>\n                        <\/div><\/div><\/div>\n","protected":false},"excerpt":{"rendered":"","protected":false},"author":1,"featured_media":0,"parent":0,"menu_order":0,"comment_status":"closed","ping_status":"closed","template":"","meta":{"_acf_changed":false,"_locale":"de_DE","_original_post":"https:\/\/writology.com\/?page_id=1441","footnotes":""},"class_list":["post-5093","page","type-page","status-publish","hentry","de-DE","entry"],"acf":[],"yoast_head":"<!-- This site is optimized with the Yoast SEO plugin v27.3 - https:\/\/yoast.com\/product\/yoast-seo-wordpress\/ -->\n<title>FAQ-Abschnitt zum benutzerdefinierten Schreibdienst<\/title>\n<meta name=\"description\" content=\"Informieren Sie sich \u00fcber die am h\u00e4ufigsten gestellten Fragen zu den Prinzipien, wie unser benutzerdefinierter Schreibservice funktioniert. Lesen Sie weiter f\u00fcr weitere Details.\" \/>\n<meta name=\"robots\" content=\"index, follow, max-snippet:-1, max-image-preview:large, max-video-preview:-1\" \/>\n<link rel=\"canonical\" href=\"https:\/\/writology.com\/de\/faq\" \/>\n<meta property=\"og:locale\" content=\"de_DE\" \/>\n<meta property=\"og:type\" content=\"article\" \/>\n<meta property=\"og:title\" content=\"FAQ-Abschnitt zum benutzerdefinierten Schreibdienst\" \/>\n<meta property=\"og:description\" content=\"Informieren Sie sich \u00fcber die am h\u00e4ufigsten gestellten Fragen zu den Prinzipien, wie unser benutzerdefinierter Schreibservice funktioniert. Lesen Sie weiter f\u00fcr weitere Details.\" \/>\n<meta property=\"og:url\" content=\"https:\/\/writology.com\/de\/faq\" \/>\n<meta property=\"og:site_name\" content=\"Writology\" \/>\n<meta property=\"article:publisher\" content=\"https:\/\/www.facebook.com\/writologyofficial\" \/>\n<meta property=\"og:image\" content=\"https:\/\/writology.com\/wp-content\/uploads\/2023\/05\/writology-home.png\" \/>\n\t<meta property=\"og:image:width\" content=\"1200\" \/>\n\t<meta property=\"og:image:height\" content=\"675\" \/>\n\t<meta property=\"og:image:type\" content=\"image\/png\" \/>\n<meta name=\"twitter:card\" content=\"summary_large_image\" \/>\n<meta name=\"twitter:site\" content=\"@FWritings\" \/>\n<!-- \/ Yoast SEO plugin. -->","yoast_head_json":{"title":"FAQ-Abschnitt zum benutzerdefinierten Schreibdienst","description":"Informieren Sie sich \u00fcber die am h\u00e4ufigsten gestellten Fragen zu den Prinzipien, wie unser benutzerdefinierter Schreibservice funktioniert. Lesen Sie weiter f\u00fcr weitere Details.","robots":{"index":"index","follow":"follow","max-snippet":"max-snippet:-1","max-image-preview":"max-image-preview:large","max-video-preview":"max-video-preview:-1"},"canonical":"https:\/\/writology.com\/de\/faq","og_locale":"de_DE","og_type":"article","og_title":"FAQ-Abschnitt zum benutzerdefinierten Schreibdienst","og_description":"Informieren Sie sich \u00fcber die am h\u00e4ufigsten gestellten Fragen zu den Prinzipien, wie unser benutzerdefinierter Schreibservice funktioniert. Lesen Sie weiter f\u00fcr weitere Details.","og_url":"https:\/\/writology.com\/de\/faq","og_site_name":"Writology","article_publisher":"https:\/\/www.facebook.com\/writologyofficial","og_image":[{"width":1200,"height":675,"url":"https:\/\/writology.com\/wp-content\/uploads\/2023\/05\/writology-home.png","type":"image\/png"}],"twitter_card":"summary_large_image","twitter_site":"@FWritings","schema":{"@context":"https:\/\/schema.org","@graph":[{"@type":"WebPage","@id":"https:\/\/writology.com\/de\/faq","url":"https:\/\/writology.com\/de\/faq","name":"FAQ-Abschnitt zum benutzerdefinierten Schreibdienst","isPartOf":{"@id":"https:\/\/writology.com\/#website"},"datePublished":"2026-03-31T07:05:29+00:00","description":"Informieren Sie sich \u00fcber die am h\u00e4ufigsten gestellten Fragen zu den Prinzipien, wie unser benutzerdefinierter Schreibservice funktioniert. Lesen Sie weiter f\u00fcr weitere Details.","breadcrumb":{"@id":"https:\/\/writology.com\/de\/faq#breadcrumb"},"inLanguage":"de","potentialAction":[{"@type":"ReadAction","target":["https:\/\/writology.com\/de\/faq"]}]},{"@type":"BreadcrumbList","@id":"https:\/\/writology.com\/de\/faq#breadcrumb","itemListElement":[{"@type":"ListItem","position":1,"name":"Home","item":"https:\/\/writology.com\/de\/"},{"@type":"ListItem","position":2,"name":"Fragen und Antworten"}]},{"@type":"WebSite","@id":"https:\/\/writology.com\/#website","url":"https:\/\/writology.com\/","name":"Writology","description":"Order writing and editing services from Writology professionals","publisher":{"@id":"https:\/\/writology.com\/#organization"},"potentialAction":[{"@type":"SearchAction","target":{"@type":"EntryPoint","urlTemplate":"https:\/\/writology.com\/?s={search_term_string}"},"query-input":{"@type":"PropertyValueSpecification","valueRequired":true,"valueName":"search_term_string"}}],"inLanguage":"de"},{"@type":"Organization","@id":"https:\/\/writology.com\/#organization","name":"Writology.com","url":"https:\/\/writology.com\/","logo":{"@type":"ImageObject","inLanguage":"de","@id":"https:\/\/writology.com\/#\/schema\/logo\/image\/","url":"https:\/\/writology.com\/wp-content\/uploads\/2021\/12\/header-logo.svg","contentUrl":"https:\/\/writology.com\/wp-content\/uploads\/2021\/12\/header-logo.svg","width":1,"height":1,"caption":"Writology.com"},"image":{"@id":"https:\/\/writology.com\/#\/schema\/logo\/image\/"},"sameAs":["https:\/\/www.facebook.com\/writologyofficial","https:\/\/x.com\/FWritings"]}]}},"_links":{"self":[{"href":"https:\/\/writology.com\/wp-json\/wp\/v2\/pages\/5093","targetHints":{"allow":["GET"]}}],"collection":[{"href":"https:\/\/writology.com\/wp-json\/wp\/v2\/pages"}],"about":[{"href":"https:\/\/writology.com\/wp-json\/wp\/v2\/types\/page"}],"author":[{"embeddable":true,"href":"https:\/\/writology.com\/wp-json\/wp\/v2\/users\/1"}],"replies":[{"embeddable":true,"href":"https:\/\/writology.com\/wp-json\/wp\/v2\/comments?post=5093"}],"version-history":[{"count":1,"href":"https:\/\/writology.com\/wp-json\/wp\/v2\/pages\/5093\/revisions"}],"predecessor-version":[{"id":5105,"href":"https:\/\/writology.com\/wp-json\/wp\/v2\/pages\/5093\/revisions\/5105"}],"wp:attachment":[{"href":"https:\/\/writology.com\/wp-json\/wp\/v2\/media?parent=5093"}],"curies":[{"name":"wp","href":"https:\/\/api.w.org\/{rel}","templated":true}]}}