{"id":3281,"date":"2026-03-02T10:58:01","date_gmt":"2026-03-02T10:58:01","guid":{"rendered":"https:\/\/writology.com\/?page_id=3281"},"modified":"2026-03-04T10:43:53","modified_gmt":"2026-03-04T10:43:53","slug":"custom-writing-service","status":"publish","type":"page","link":"https:\/\/writology.com\/","title":{"rendered":"Escritura"},"content":{"rendered":"<div class=\"sc-text sc\">\n<div class=\"sc-content\">\n<h2>Razones para obtener ayuda de escritura personalizada<\/h2>\n<p>Hoy en d\u00eda, los estudiantes se sienten abrumados con estudios y actividades personales y, a menudo, combinan estudios, trabajo y vida familiar. Sin embargo, a los establecimientos educativos realmente no les importa que los estudiantes tengan sus vidas m\u00e1s all\u00e1 de los estudios y la sobrecarga de tareas puede ser simplemente matar. A\u00fan as\u00ed, la redacci\u00f3n de ensayos es importante en los estudios debido a varias razones:<\/p>\n<div class=\"styled-list\">\n<ul>\n<li>Los profesores pueden comprobar el progreso de los estudiantes y la comprensi\u00f3n del material aprendido.<\/li>\n<li>Los estudiantes pueden desarrollar habilidades de comunicaci\u00f3n escrita<\/li>\n<li>Los estudiantes mejoran las habilidades de pensamiento cr\u00edtico.<\/li>\n<\/ul>\n<\/div>\n<p>Cuando se desaf\u00eda a los estudiantes completar tantas tareas de escritura a tiempo, Wrilogy.com est\u00e1 aqu\u00ed para ayudar con la investigaci\u00f3n de ideas, el desarrollo de argumentos y la redacci\u00f3n de documentos personalizados que los estudiantes pueden usar en sus clases. Pedir ayuda de escritura personalizada es normal y puede ser una forma de salvar todas las molestias con las tareas acad\u00e9micas. Al prestar nuestros servicios, podr\u00e1s alcanzar las expectativas acad\u00e9micas y tener tiempo para tu vida personal.<\/p>\n<p>wrilogy.com brinda asistencia en m\u00e1s de 60 disciplinas, y la mayor\u00eda de nuestros clientes son estudiantes de medicina. Nuestro equipo entiende que los estudiantes tienen una vida extrema, incluyendo todas las tareas y proyectos que necesita completar y el momento de diversi\u00f3n que cada persona simplemente debe tener. Por lo tanto, tenemos un enorme equipo trabajando para ayudar a todos los que buscan servicios profesionales de escritura de enfermer\u00eda.<\/p>\n<p>Contamos con un gran equipo de expertos en redacci\u00f3n personalizada que atender\u00e1 todas sus necesidades de escritura acad\u00e9mica y brindar\u00e1 cualquier ayuda con sus tareas. Estamos seguros de que estar\u00e1 encantado cuando elija obtener nuestra ayuda para escribir ensayos personalizados.<\/p>\n<h2>Los mejores ensayos personalizados de la empresa de redacci\u00f3n personalizada de confianza<\/h2>\n<p>wrilogy.com es un proveedor premium de servicios de redacci\u00f3n de papel personalizado que ha estado cubriendo varias necesidades de escritura durante m\u00e1s de 7 a\u00f1os. Hemos proporcionado con \u00e9xito nuestros servicios de escritura personalizada a miles de clientes, y la mayor\u00eda de ellos se han convertido en nuestros clientes leales que aconsejan a sus amigos y colegas que utilicen nuestros servicios. Estamos orgullosos de tener de 4.7 a 5 estrellas en los sitios web de revisi\u00f3n de negocios, lo que significa que nuestros clientes eval\u00faan y se benefician de nuestros servicios.<\/p>\n<p>Contamos con un equipo profesional que lo guiar\u00e1 de la mano durante todo el proceso, desde ordenar su ensayo hasta recibir su papel personalizado. Puede comprar ensayos personalizados de wrilogy.com y dedicarse a las cosas que son m\u00e1s importantes y urgentes. Estamos seguros de que a usted y a sus compa\u00f1eros les encantar\u00e1n los ensayos personalizados que nos han pedido y regresar\u00e1n para nuestros servicios de escritura m\u00e1s tarde.<\/p>\n<h2>Beneficios de usar el servicio de escritura personalizada de wrilogy.com<\/h2>\n<p>Ofrecemos numerosas caracter\u00edsticas atractivas que solo puede obtener al realizar el pedido. Algunas de las caracter\u00edsticas b\u00e1sicas son:<\/p>\n<div class=\"styled-list\">\n<ul>\n<li>Calidad de primera calidad. La calidad de nuestros servicios y papeles es una de nuestras prioridades. Garantizamos que cada pedido est\u00e1 escrito a medida y preparado espec\u00edficamente para las instrucciones y requisitos individuales. Adem\u00e1s, cuando finaliza la escritura, nuestro control de calidad vuelve a verificar la consistencia, el plagio y otros posibles errores pasados por alto para garantizar que reciba papeles completamente pulidos.<\/li>\n<li>Escritura libre de plagio. El plagio es un tema que los colegios y universidades est\u00e1n atentos a los colegios. Solo utilizamos un software de plagio sofisticado que verifica su documento contra millones y miles de millones de art\u00edculos y art\u00edculos en l\u00ednea. Puede elegir recibir un informe de plagio simple en PDF como una opci\u00f3n de servicio VIP o un informe detallado con comentarios sobre el plagio incluso incidental al elegir nuestro paquete de calidad de escritura suprema o premium.<\/li>\n<li>Atenci\u00f3n al cliente a tiempo completo. Nuestro equipo de atenci\u00f3n al cliente est\u00e1 disponible en cualquier momento las 24 horas del d\u00eda, los 7 d\u00edas de la semana. Puede escribirnos en el chat en vivo, llamar o solicitar devoluci\u00f3n de llamada para recibir respuestas a todas sus posibles preguntas antes de realizar su pedido. Nuestro servicio de atenci\u00f3n al cliente le explicar\u00e1 todas las peculiaridades de diferentes tipos de pedidos y procesos de pedido, as\u00ed como tambi\u00e9n le ayudar\u00e1 a realizar el pedido o contactar a su escritor.<\/li>\n<li>Opciones y caracter\u00edsticas adicionales. Ofrecemos una variedad de opciones VIP que puede elegir comprar por separado o en paquete. Adem\u00e1s, tenemos caracter\u00edsticas de calidad suprema y premium, que ofrecen la oportunidad de hacer que uno de nuestros mejores escritores trabaje en sus pedidos y reciba un informe detallado de plagio.<\/li>\n<li>Precios y descuentos. Somos considerados con todos nuestros clientes y hemos desarrollado estrategias de precios que varios clientes podr\u00edan permitirse comprar por escrito personalizado de cualquier papel.<\/li>\n<li>Longitud rentable. Contamos 300 palabras por p\u00e1gina completa, lo que hace que el costo de comprarnos un papel personalizado sea m\u00e1s rentable.<\/li>\n<\/ul>\n<\/div>\n<h2>Equipo de redactores de ensayos personalizados calificados<\/h2>\n<p>La escritura personalizada de calidad es nuestro principal objetivo y prioridad, y lo logramos gracias a nuestro equipo de escritores de ensayos personalizados profesionales. Contratamos solo a aquellos escritores que comparten nuestra dedicaci\u00f3n a la calidad y pasan pruebas estrictas y el proceso de contrataci\u00f3n. De esta manera, nos aseguramos de que nuestros escritores de ensayos tengan el t\u00edtulo necesario en su campo, puedan desarrollar excelentes art\u00edculos personalizados y tener una actitud diligente hacia su trabajo. Por lo tanto, el equipo est\u00e1 formado por escritores de ensayos personalizados que tienen t\u00edtulos de maestr\u00eda o doctorado en campos como idiomas y literatura, enfermer\u00eda, negocios y gesti\u00f3n, historia, filosof\u00eda y muchos otros.<\/p>\n<h2>Seguridad de usar nuestros servicios<\/h2>\n<p>La privacidad y la seguridad de la informaci\u00f3n son de suma importancia en estos d\u00edas. Trabajamos solo a trav\u00e9s de conexiones seguras y nos aseguramos de que toda la informaci\u00f3n confidencial permanezca privada. por esto:<\/p>\n<div class=\"styled-list\">\n<ul>\n<li>No recopilamos y almacenamos ninguna informaci\u00f3n sensible.<\/li>\n<li>Nunca compartimos ninguna parte de su informaci\u00f3n personal con nadie. Incluso los escritores no pueden ver sus datos personales, como su nombre.<\/li>\n<li>Utilizamos solo m\u00e9todos de pago seguro de confianza.<\/li>\n<\/ul>\n<\/div>\n<p>Al utilizar nuestro servicio de redacci\u00f3n de ensayos personalizados, puede estar seguro de que se conserva su anonimato.<\/p>\n<h2>Amplia gama de servicios de escritura personalizados<\/h2>\n<p>Nuestra gama de servicios var\u00eda desde la escritura acad\u00e9mica para los estudiantes hasta la escritura personalizada con fines comerciales. Por lo tanto, podemos preparar cualquier asignaci\u00f3n de colegio o universidad para estudiantes que enfrentan dificultades o carecen de tiempo para completar sus ensayos.<\/p>\n<p>Tambi\u00e9n brindamos servicios para empresas y escritores, que incluyen escritura SEO, redacci\u00f3n de redes sociales, servicio de redacci\u00f3n de art\u00edculos y muchos otros. Por lo tanto, podemos cubrir todas las necesidades de escritura de contenido que pueda tener.<\/p>\n<p>Adem\u00e1s de la escritura personalizada desde cero, nuestros escritores est\u00e1n interesados en <a data-ft-id=\"0\">servicios de reescritura<\/a>, lo que lo hace m\u00e1s asequible y eficiente para usted cuando necesita contenido nuevo que conserve las ideas principales de su texto.<\/p>\n<h2>Haz tus pedidos con wrilogy.com y cosecha las recompensas de la escritura profesional<\/h2>\n<p>wrilogy.com est\u00e1 aqu\u00ed para ayudarlo con cualquier tarea de escritura que pueda tener. Brindamos servicios profesionales de escritura de papel personalizado a los estudiantes que sienten que no pueden hacer frente a la carga de tareas o el estr\u00e9s escribiendo todas.<\/p>\n<p>Ya hemos ayudado a miles de estudiantes con sus solicitudes de ensayos de mis ensayos y estamos orgullosos de ser su elecci\u00f3n n\u00famero 1 cuando necesitan ayuda con sus trabajos. Para beneficiarse de la experiencia de nuestros redactores de ensayos personalizados profesionales, todo lo que necesita hacer es realizar un pedido con nosotros o dirigir su solicitud de escritura personalizada a nuestro apoyo.<\/p>\n<\/p>\n<\/div>\n<\/div>\n","protected":false},"excerpt":{"rendered":"<p>Razones para obtener ayuda de escritura personalizada Hoy en d\u00eda, los estudiantes se sienten abrumados con estudios y actividades personales y, a menudo, combinan estudios, trabajo y vida familiar. Sin embargo, a los establecimientos educativos realmente no les importa que&#8230;<\/p>\n","protected":false},"author":1,"featured_media":0,"parent":0,"menu_order":0,"comment_status":"closed","ping_status":"closed","template":"index.php","meta":{"_acf_changed":false,"_locale":"es_ES","_original_post":"http:\/\/writology.com\/?page_id=5","footnotes":""},"class_list":["post-3281","page","type-page","status-publish","hentry","es-ES","entry"],"acf":[],"yoast_head":"<!-- This site is optimized with the Yoast SEO plugin v27.3 - https:\/\/yoast.com\/product\/yoast-seo-wordpress\/ -->\n<title>WRITOLOGY\u270d\ufe0f: Servicios de redacci\u00f3n a medida de expertos<\/title>\n<meta name=\"description\" content=\"Servicio de redacci\u00f3n de ensayos personalizados de Writrology: aumentando sus calificaciones y tranquilidad. Experimente una calidad excepcional, una entrega oportuna y un servicio personalizado para elevar sus proyectos de escritura.\" \/>\n<meta name=\"robots\" content=\"index, follow, max-snippet:-1, max-image-preview:large, max-video-preview:-1\" \/>\n<link rel=\"canonical\" href=\"https:\/\/writology.com\/es\/\" \/>\n<meta property=\"og:locale\" content=\"es_ES\" \/>\n<meta property=\"og:type\" content=\"article\" \/>\n<meta property=\"og:title\" content=\"WRITOLOGY\u270d\ufe0f: Servicios de redacci\u00f3n a medida de expertos\" \/>\n<meta property=\"og:description\" content=\"Servicio de redacci\u00f3n de ensayos personalizados de Writrology: aumentando sus calificaciones y tranquilidad. Experimente una calidad excepcional, una entrega oportuna y un servicio personalizado para elevar sus proyectos de escritura.\" \/>\n<meta property=\"og:url\" content=\"https:\/\/writology.com\/es\/\" \/>\n<meta property=\"og:site_name\" content=\"Writology\" \/>\n<meta property=\"article:publisher\" content=\"https:\/\/www.facebook.com\/writologyofficial\" \/>\n<meta property=\"article:modified_time\" content=\"2026-03-04T10:43:53+00:00\" \/>\n<meta property=\"og:image\" content=\"https:\/\/writology.com\/wp-content\/uploads\/2023\/05\/writology-home.png\" \/>\n\t<meta property=\"og:image:width\" content=\"1200\" \/>\n\t<meta property=\"og:image:height\" content=\"675\" \/>\n\t<meta property=\"og:image:type\" content=\"image\/png\" \/>\n<meta name=\"twitter:card\" content=\"summary_large_image\" \/>\n<meta name=\"twitter:site\" content=\"@FWritings\" \/>\n<meta name=\"twitter:label1\" content=\"Tiempo de lectura\" \/>\n\t<meta name=\"twitter:data1\" content=\"7 minutos\" \/>\n<!-- \/ Yoast SEO plugin. -->","yoast_head_json":{"title":"WRITOLOGY\u270d\ufe0f: Servicios de redacci\u00f3n a medida de expertos","description":"Servicio de redacci\u00f3n de ensayos personalizados de Writrology: aumentando sus calificaciones y tranquilidad. Experimente una calidad excepcional, una entrega oportuna y un servicio personalizado para elevar sus proyectos de escritura.","robots":{"index":"index","follow":"follow","max-snippet":"max-snippet:-1","max-image-preview":"max-image-preview:large","max-video-preview":"max-video-preview:-1"},"canonical":"https:\/\/writology.com\/es\/","og_locale":"es_ES","og_type":"article","og_title":"WRITOLOGY\u270d\ufe0f: Servicios de redacci\u00f3n a medida de expertos","og_description":"Servicio de redacci\u00f3n de ensayos personalizados de Writrology: aumentando sus calificaciones y tranquilidad. Experimente una calidad excepcional, una entrega oportuna y un servicio personalizado para elevar sus proyectos de escritura.","og_url":"https:\/\/writology.com\/es\/","og_site_name":"Writology","article_publisher":"https:\/\/www.facebook.com\/writologyofficial","article_modified_time":"2026-03-04T10:43:53+00:00","og_image":[{"width":1200,"height":675,"url":"https:\/\/writology.com\/wp-content\/uploads\/2023\/05\/writology-home.png","type":"image\/png"}],"twitter_card":"summary_large_image","twitter_site":"@FWritings","twitter_misc":{"Tiempo de lectura":"7 minutos"},"schema":{"@context":"https:\/\/schema.org","@graph":[{"@type":"WebPage","@id":"https:\/\/writology.com\/es\/","url":"https:\/\/writology.com\/es\/","name":"WRITOLOGY\u270d\ufe0f: Servicios de redacci\u00f3n a medida de expertos","isPartOf":{"@id":"https:\/\/writology.com\/#website"},"datePublished":"2026-03-02T10:58:01+00:00","dateModified":"2026-03-04T10:43:53+00:00","description":"Servicio de redacci\u00f3n de ensayos personalizados de Writrology: aumentando sus calificaciones y tranquilidad. Experimente una calidad excepcional, una entrega oportuna y un servicio personalizado para elevar sus proyectos de escritura.","breadcrumb":{"@id":"https:\/\/writology.com\/es\/#breadcrumb"},"inLanguage":"es","potentialAction":[{"@type":"ReadAction","target":["https:\/\/writology.com\/es\/"]}]},{"@type":"BreadcrumbList","@id":"https:\/\/writology.com\/es\/#breadcrumb","itemListElement":[{"@type":"ListItem","position":1,"name":"Home","item":"https:\/\/writology.com\/es\/"},{"@type":"ListItem","position":2,"name":"Escritura"}]},{"@type":"WebSite","@id":"https:\/\/writology.com\/#website","url":"https:\/\/writology.com\/","name":"Writology","description":"Order writing and editing services from Writology professionals","publisher":{"@id":"https:\/\/writology.com\/#organization"},"potentialAction":[{"@type":"SearchAction","target":{"@type":"EntryPoint","urlTemplate":"https:\/\/writology.com\/?s={search_term_string}"},"query-input":{"@type":"PropertyValueSpecification","valueRequired":true,"valueName":"search_term_string"}}],"inLanguage":"es"},{"@type":"Organization","@id":"https:\/\/writology.com\/#organization","name":"Writology.com","url":"https:\/\/writology.com\/","logo":{"@type":"ImageObject","inLanguage":"es","@id":"https:\/\/writology.com\/#\/schema\/logo\/image\/","url":"https:\/\/writology.com\/wp-content\/uploads\/2021\/12\/header-logo.svg","contentUrl":"https:\/\/writology.com\/wp-content\/uploads\/2021\/12\/header-logo.svg","width":1,"height":1,"caption":"Writology.com"},"image":{"@id":"https:\/\/writology.com\/#\/schema\/logo\/image\/"},"sameAs":["https:\/\/www.facebook.com\/writologyofficial","https:\/\/x.com\/FWritings"]}]}},"_links":{"self":[{"href":"https:\/\/writology.com\/wp-json\/wp\/v2\/pages\/3281","targetHints":{"allow":["GET"]}}],"collection":[{"href":"https:\/\/writology.com\/wp-json\/wp\/v2\/pages"}],"about":[{"href":"https:\/\/writology.com\/wp-json\/wp\/v2\/types\/page"}],"author":[{"embeddable":true,"href":"https:\/\/writology.com\/wp-json\/wp\/v2\/users\/1"}],"replies":[{"embeddable":true,"href":"https:\/\/writology.com\/wp-json\/wp\/v2\/comments?post=3281"}],"version-history":[{"count":4,"href":"https:\/\/writology.com\/wp-json\/wp\/v2\/pages\/3281\/revisions"}],"predecessor-version":[{"id":3470,"href":"https:\/\/writology.com\/wp-json\/wp\/v2\/pages\/3281\/revisions\/3470"}],"wp:attachment":[{"href":"https:\/\/writology.com\/wp-json\/wp\/v2\/media?parent=3281"}],"curies":[{"name":"wp","href":"https:\/\/api.w.org\/{rel}","templated":true}]}}