{"id":3286,"date":"2026-03-03T14:29:21","date_gmt":"2026-03-03T14:29:21","guid":{"rendered":"https:\/\/writology.com\/?page_id=3286"},"modified":"2026-03-03T14:29:21","modified_gmt":"2026-03-03T14:29:21","slug":"fair-use-policy","status":"publish","type":"page","link":"https:\/\/writology.com\/es\/fair-use-policy","title":{"rendered":"Pol\u00edtica de uso justo"},"content":{"rendered":"<p>Entre los t\u00e9rminos y condiciones de nuestra empresa, la pol\u00edtica de uso justo tiene una importancia significativa, ya que garantiza la estabilidad y la transparencia de las relaciones entre el cliente y la empresa. Por lo tanto, en caso de cualquier conflicto o malentendido, la pol\u00edtica de uso justo es en la que puede confiar.<\/p>\n<p>Espec\u00edficamente, la pol\u00edtica describe los principales principios de cooperaci\u00f3n, as\u00ed como las garant\u00edas de la empresa. M\u00e1s a\u00fan, puede encontrar una gu\u00eda clara sobre c\u00f3mo utilizar nuestros servicios para evitar cualquier malentendido o confusi\u00f3n.<\/p>\n<h2>\u00bfQu\u00e9 es la pol\u00edtica de uso justo?<\/h2>\n<p>Nuestra empresa ofrece servicios de alta calidad con el objetivo de ayudar a los estudiantes de diferentes niveles acad\u00e9micos con tareas de escritura. Adem\u00e1s de brindar servicios de escritura personalizados, nuestra empresa tambi\u00e9n brinda orientaci\u00f3n profesional con cualquier otra tarea de escritura que los estudiantes reciban a lo largo de su camino acad\u00e9mico. Nuestra empresa est\u00e1 formada por profesionales expertos que pueden agregar m\u00e1s comprensi\u00f3n incluso a las tareas acad\u00e9micas m\u00e1s complicadas.<\/p>\n<p>Seguramente sobresaldr\u00e1s en tus estudios y los encontrar\u00e1s agradables con la ayuda de nuestra empresa. Cuando reciba papeles de nosotros, podr\u00e1 usarlos como muestras para sus futuras asignaciones, es decir, sabr\u00e1 c\u00f3mo estructurar documentos y c\u00f3mo desarrollar ideas de manera l\u00f3gica y consistente. Sin duda, debe familiarizarse con la pol\u00edtica para saber qu\u00e9 tipos de papel puede solicitarnos y qu\u00e9 formas de cooperaci\u00f3n est\u00e1n disponibles.<\/p>\n<p>La asistencia de nuestros escritores est\u00e1 destinada a estudiantes a los que les resulta dif\u00edcil tener \u00e9xito en la escritura acad\u00e9mica. Si encuentra su plan de estudios realmente desafiante y complicado o si tiene que investigar muchos materiales pero no tiene tiempo para \u00e9l, si\u00e9ntase libre de confiar en nuestra empresa.<\/p>\n<p>Nuestro servicio es leg\u00edtimo, por lo que todos los papeles que reciba de nosotros deben usarse \u00fanicamente para sus propios fines acad\u00e9micos, pero no alg\u00fan tipo de mala conducta. Puede confiar en nuestros escritores como un modelo a seguir que puede guiarlo a lo largo del proceso de escritura. Nuestro objetivo no es simplemente brindarle ayuda de escritura personalizada de calidad, sino tambi\u00e9n presentar las pautas b\u00e1sicas para escribirle para que pueda hacer frente a los trabajos acad\u00e9micos por su cuenta.<\/p>\n<p>Los pedidos que obtienes de nosotros cumplen los siguientes prop\u00f3sitos:<\/p>\n<ol>\n<li>\n<p role=\"presentation\">Darle una comprensi\u00f3n del concepto\/idea\/tema general que necesita para investigar.<\/p>\n<\/li>\n<li>\n<p role=\"presentation\">Aclare los requisitos del papel y proporcione un borrador de muestra seg\u00fan las instrucciones.<\/p>\n<\/li>\n<li>\n<p role=\"presentation\">proporcionarle claridad sobre c\u00f3mo lidiar con la tarea o el \u00e1rea de investigaci\u00f3n.<\/p>\n<\/li>\n<li>\n<p role=\"presentation\">Comparta un esquema\/plan para sus futuros trabajos o estudios.<\/p>\n<\/li>\n<li>\n<p role=\"presentation\">Darle suficiente comprensi\u00f3n de la terminolog\u00eda o jerga profesional para hacer frente al tema de manera adecuada.<\/p>\n<\/li>\n<li>\n<p role=\"presentation\">Estructure los conocimientos que ya tiene sobre el tema dado.<\/p>\n<\/li>\n<li>\n<p role=\"presentation\">Proporcionarle fuentes cre\u00edbles y revisadas por pares que podr\u00edan usarse como evidencia de apoyo.<\/p>\n<\/li>\n<\/ol>\n<p>Los pedidos de nuestro sitio web deben ser tratados de la siguiente manera:<\/p>\n<ol>\n<li>\n<p role=\"presentation\">Obtener recursos adicionales para investigar el tema dado.<\/p>\n<\/li>\n<li>\n<p role=\"presentation\">Para comprender la idea general y usarla como punto de partida al producir una pieza original de escritura por usted mismo.<\/p>\n<\/li>\n<li>\n<p role=\"presentation\">Para asegurarse de que su propia comprensi\u00f3n del tema es correcta.<\/p>\n<\/li>\n<li>\n<p role=\"presentation\">Para conocer los puntos b\u00e1sicos del tema para que puedas concentrarte en ellos en tu propio papel.<\/p>\n<\/li>\n<li>\n<p role=\"presentation\">Formular ideas frescas, argumentos, opiniones sobre el tema asignado.<\/p>\n<\/li>\n<li>\n<p role=\"presentation\">para presentar argumentos opuestos.<\/p>\n<\/li>\n<li>\n<p role=\"presentation\">Para garantizar que la investigaci\u00f3n se adhiera a los est\u00e1ndares acad\u00e9micos de escritura y formato.<\/p>\n<\/li>\n<\/ol>\n<p>Le pedimos que siga las reglas de integridad acad\u00e9mica y use los documentos que obtiene de nosotros como muestras impecables para su propia investigaci\u00f3n original.<\/p>\n<h2>Pol\u00edtica de plagio cero<\/h2>\n<p>No toleramos el plagio, que denota el uso de la obra o propiedad intelectual de los dem\u00e1s y presentando como si fuera suya. El plagio pertenece a una de las m\u00e1s estrictas violaciones de los principios de integridad acad\u00e9mica. Por lo tanto, si presenta los documentos recibidos de nuestra empresa como propios, no los utilizar\u00e1 de manera adecuada e incluso puede desacreditarse a s\u00ed mismo.<\/p>\n<h2>Garantizar un uso justo<\/h2>\n<p>Cuando est\u00e9 utilizando nuestro servicio, no env\u00ede papeles como si fueran suyos. Reclamar su autor\u00eda es una infracci\u00f3n de los derechos intelectuales, as\u00ed que utilice las muestras como plantillas para sus propios trabajos originales. Para conocer m\u00e1s informaci\u00f3n sobre la originalidad del contenido, consulta los motivos de uso justo. Adem\u00e1s, recuerde escanear sus trabajos acad\u00e9micos a trav\u00e9s de un software antiplagio.<\/p>\n<p>Todas las muestras en papel que reciba de nuestro servicio est\u00e1n destinadas a ayudarlo a comprender mejor las tareas acad\u00e9micas. Espec\u00edficamente, puede usarlos para mejorar la estructura y organizaci\u00f3n de su trabajo acad\u00e9mico. M\u00e1s a\u00fan, tenga en cuenta que no debe distribuir ni revender papeles a sus conocidos o compa\u00f1eros de grupo.<\/p>\n<p>Cuando utiliza servicios que no est\u00e1n de acuerdo con nuestra pol\u00edtica de uso justo, puede encontrar las consecuencias descritas por las reglas y regulaciones de su establecimiento educativo. Por lo tanto, aseg\u00farese de cumplir con la pol\u00edtica para evitar cualquier malentendido. Si no est\u00e1 de acuerdo con la pol\u00edtica de uso justo, significa que la cooperaci\u00f3n con nosotros dif\u00edcilmente ser\u00e1 efectiva y fruct\u00edfera para usted.<\/p>\n<h2>Contacta con nuestro servicio<\/h2>\n<p>Siempre estamos felices cuando los nuevos clientes acuden a nosotros en busca de ayuda. Por nuestra parte, preferimos cooperar con aquellos que comparten principios de integridad acad\u00e9mica. Nuestro equipo profesional est\u00e1 listo para hacer frente a problemas de uso injusto del servicio. Garantizamos medidas antiplagios para realizar comprobaciones de contenido de todos los pedidos.<\/p>\n<p>Si tiene preguntas sobre nuestra empresa o la pol\u00edtica de uso justo, no dude en contactarnos por correo electr\u00f3nico support@wrilogy.com.<\/p>\n","protected":false},"excerpt":{"rendered":"<p>Entre los t\u00e9rminos y condiciones de nuestra empresa, la pol\u00edtica de uso justo tiene una importancia significativa, ya que garantiza la estabilidad y la transparencia de las relaciones entre el cliente y la empresa. Por lo tanto, en caso de&#8230;<\/p>\n","protected":false},"author":1,"featured_media":0,"parent":0,"menu_order":0,"comment_status":"closed","ping_status":"closed","template":"","meta":{"_acf_changed":false,"_locale":"es_ES","_original_post":"https:\/\/writology.com\/?page_id=2335","footnotes":""},"class_list":["post-3286","page","type-page","status-publish","hentry","es-ES","entry"],"acf":[],"yoast_head":"<!-- This site is optimized with the Yoast SEO plugin v27.3 - https:\/\/yoast.com\/product\/yoast-seo-wordpress\/ -->\n<title>Pol\u00edtica de uso justo<\/title>\n<meta name=\"description\" content=\"\u00bfQu\u00e9 es la pol\u00edtica de uso justo?\" \/>\n<meta name=\"robots\" content=\"index, follow, max-snippet:-1, max-image-preview:large, max-video-preview:-1\" \/>\n<link rel=\"canonical\" href=\"https:\/\/writology.com\/es\/fair-use-policy\" \/>\n<meta property=\"og:locale\" content=\"es_ES\" \/>\n<meta property=\"og:type\" content=\"article\" \/>\n<meta property=\"og:title\" content=\"Pol\u00edtica de uso justo\" \/>\n<meta property=\"og:description\" content=\"\u00bfQu\u00e9 es la pol\u00edtica de uso justo?\" \/>\n<meta property=\"og:url\" content=\"https:\/\/writology.com\/es\/fair-use-policy\" \/>\n<meta property=\"og:site_name\" content=\"Writology\" \/>\n<meta property=\"article:publisher\" content=\"https:\/\/www.facebook.com\/writologyofficial\" \/>\n<meta property=\"og:image\" content=\"https:\/\/writology.com\/wp-content\/uploads\/2023\/05\/writology-home.png\" \/>\n\t<meta property=\"og:image:width\" content=\"1200\" \/>\n\t<meta property=\"og:image:height\" content=\"675\" \/>\n\t<meta property=\"og:image:type\" content=\"image\/png\" \/>\n<meta name=\"twitter:card\" content=\"summary_large_image\" \/>\n<meta name=\"twitter:site\" content=\"@FWritings\" \/>\n<meta name=\"twitter:label1\" content=\"Tiempo de lectura\" \/>\n\t<meta name=\"twitter:data1\" content=\"5 minutos\" \/>\n<!-- \/ Yoast SEO plugin. -->","yoast_head_json":{"title":"Pol\u00edtica de uso justo","description":"\u00bfQu\u00e9 es la pol\u00edtica de uso justo?","robots":{"index":"index","follow":"follow","max-snippet":"max-snippet:-1","max-image-preview":"max-image-preview:large","max-video-preview":"max-video-preview:-1"},"canonical":"https:\/\/writology.com\/es\/fair-use-policy","og_locale":"es_ES","og_type":"article","og_title":"Pol\u00edtica de uso justo","og_description":"\u00bfQu\u00e9 es la pol\u00edtica de uso justo?","og_url":"https:\/\/writology.com\/es\/fair-use-policy","og_site_name":"Writology","article_publisher":"https:\/\/www.facebook.com\/writologyofficial","og_image":[{"width":1200,"height":675,"url":"https:\/\/writology.com\/wp-content\/uploads\/2023\/05\/writology-home.png","type":"image\/png"}],"twitter_card":"summary_large_image","twitter_site":"@FWritings","twitter_misc":{"Tiempo de lectura":"5 minutos"},"schema":{"@context":"https:\/\/schema.org","@graph":[{"@type":"WebPage","@id":"https:\/\/writology.com\/es\/fair-use-policy","url":"https:\/\/writology.com\/es\/fair-use-policy","name":"Pol\u00edtica de uso justo","isPartOf":{"@id":"https:\/\/writology.com\/#website"},"datePublished":"2026-03-03T14:29:21+00:00","description":"\u00bfQu\u00e9 es la pol\u00edtica de uso justo?","breadcrumb":{"@id":"https:\/\/writology.com\/es\/fair-use-policy#breadcrumb"},"inLanguage":"es","potentialAction":[{"@type":"ReadAction","target":["https:\/\/writology.com\/es\/fair-use-policy"]}]},{"@type":"BreadcrumbList","@id":"https:\/\/writology.com\/es\/fair-use-policy#breadcrumb","itemListElement":[{"@type":"ListItem","position":1,"name":"Home","item":"https:\/\/writology.com\/es\/"},{"@type":"ListItem","position":2,"name":"Pol\u00edtica de uso justo"}]},{"@type":"WebSite","@id":"https:\/\/writology.com\/#website","url":"https:\/\/writology.com\/","name":"Writology","description":"Order writing and editing services from Writology professionals","publisher":{"@id":"https:\/\/writology.com\/#organization"},"potentialAction":[{"@type":"SearchAction","target":{"@type":"EntryPoint","urlTemplate":"https:\/\/writology.com\/?s={search_term_string}"},"query-input":{"@type":"PropertyValueSpecification","valueRequired":true,"valueName":"search_term_string"}}],"inLanguage":"es"},{"@type":"Organization","@id":"https:\/\/writology.com\/#organization","name":"Writology.com","url":"https:\/\/writology.com\/","logo":{"@type":"ImageObject","inLanguage":"es","@id":"https:\/\/writology.com\/#\/schema\/logo\/image\/","url":"https:\/\/writology.com\/wp-content\/uploads\/2021\/12\/header-logo.svg","contentUrl":"https:\/\/writology.com\/wp-content\/uploads\/2021\/12\/header-logo.svg","width":1,"height":1,"caption":"Writology.com"},"image":{"@id":"https:\/\/writology.com\/#\/schema\/logo\/image\/"},"sameAs":["https:\/\/www.facebook.com\/writologyofficial","https:\/\/x.com\/FWritings"]}]}},"_links":{"self":[{"href":"https:\/\/writology.com\/wp-json\/wp\/v2\/pages\/3286","targetHints":{"allow":["GET"]}}],"collection":[{"href":"https:\/\/writology.com\/wp-json\/wp\/v2\/pages"}],"about":[{"href":"https:\/\/writology.com\/wp-json\/wp\/v2\/types\/page"}],"author":[{"embeddable":true,"href":"https:\/\/writology.com\/wp-json\/wp\/v2\/users\/1"}],"replies":[{"embeddable":true,"href":"https:\/\/writology.com\/wp-json\/wp\/v2\/comments?post=3286"}],"version-history":[{"count":1,"href":"https:\/\/writology.com\/wp-json\/wp\/v2\/pages\/3286\/revisions"}],"predecessor-version":[{"id":3443,"href":"https:\/\/writology.com\/wp-json\/wp\/v2\/pages\/3286\/revisions\/3443"}],"wp:attachment":[{"href":"https:\/\/writology.com\/wp-json\/wp\/v2\/media?parent=3286"}],"curies":[{"name":"wp","href":"https:\/\/api.w.org\/{rel}","templated":true}]}}