{"id":3287,"date":"2026-03-03T13:59:22","date_gmt":"2026-03-03T13:59:22","guid":{"rendered":"https:\/\/writology.com\/?page_id=3287"},"modified":"2026-03-03T13:59:22","modified_gmt":"2026-03-03T13:59:22","slug":"cookie-policy","status":"publish","type":"page","link":"https:\/\/writology.com\/es\/cookie-policy","title":{"rendered":"Pol\u00edtica de cookies"},"content":{"rendered":"<p>Para garantizar la transparencia de nuestras operaciones, esta pol\u00edtica de cookies tiene como objetivo delinear c\u00f3mo utilizamos las cookies para recopilar y procesar datos. En esta pol\u00edtica, &#8220;nosotros&#8221;, &#8220;nuestro&#8221;, &#8220;nosotros&#8221; se refiere a wrilogy.com, el procesador de datos como se define en nuestro <a data-ft-id=\"0\">T\u00e9rminos y condiciones<\/a> y <a data-ft-id=\"1\">pol\u00edtica de privacidad<\/a>. Mediante el uso de cookies y otras tecnolog\u00edas de seguimiento, como balizas y p\u00edxeles, recopilamos datos sobre dispositivos de navegaci\u00f3n y experiencias que no pueden identificarlo como persona.<\/p>\n<h2>Uso de cookies<\/h2>\n<p>Las cookies son peque\u00f1os archivos de datos colocados en su dispositivo que nos ayudan a proporcionar servicios personalizados. Por ejemplo, le permiten iniciar sesi\u00f3n sin ingresar su nombre de usuario cada vez, recordar sus preferencias y configuraciones y garantizar la funcionalidad de nuestro sistema de pedidos.<\/p>\n<h2>Tipos de cookies que utilizamos<\/h2>\n<ul>\n<li>\n<p role=\"presentation\">Cookies esenciales: son cruciales para el funcionamiento de nuestro sitio web, ya que permiten las funciones b\u00e1sicas asociadas con la pronta operaci\u00f3n de nuestro sitio web, como la seguridad, la gesti\u00f3n de red y la accesibilidad.<\/p>\n<\/li>\n<li>\n<p role=\"presentation\">Cookies de rendimiento: recopilan informaci\u00f3n sobre c\u00f3mo utiliza nuestro sitio web, ayud\u00e1ndonos a mejorar nuestros servicios y su experiencia al comprender los patrones de comportamiento de los usuarios y las necesidades de informaci\u00f3n de los visitantes de nuestro sitio web.<\/p>\n<\/li>\n<li>\n<p role=\"presentation\">Cookies funcionales: se utilizan para recordar sus preferencias y opciones, como el idioma o la regi\u00f3n, y para proporcionar una experiencia m\u00e1s personalizada mientras navega por el sitio web y utiliza nuestros servicios.<\/p>\n<\/li>\n<li>\n<p role=\"presentation\">Cookies publicitarias: se utilizan para entregarle anuncios relevantes y realizar un seguimiento de la eficiencia de nuestras campa\u00f1as publicitarias y promocionales.<\/p>\n<\/li>\n<\/ul>\n<h2>Otras tecnolog\u00edas de seguimiento<\/h2>\n<p>Adem\u00e1s de las cookies, podemos usar balizas web, p\u00edxeles y otras tecnolog\u00edas de seguimiento para recopilar informaci\u00f3n sobre sus actividades en nuestro sitio web. Estas tecnolog\u00edas nos ayudan a comprender sus preferencias, mejorar la relevancia del contenido que le presentamos y mejorar la experiencia general del usuario mientras navega por nuestro sitio web y utiliza nuestros servicios.<\/p>\n<h2>Gesti\u00f3n de cookies<\/h2>\n<p>Puede controlar y administrar las cookies en su dispositivo aceptando todas o eligiendo las que considere necesarias cuando visite nuestro sitio web por primera vez y se le pide que se familiarice con la pol\u00edtica de cookies y que la acepte. Puede optar por bloquear cookies o recibir alertas cuando se env\u00edan. Sin embargo, vale la pena se\u00f1alar que la desactivaci\u00f3n de las cookies puede afectar la disponibilidad y la funcionalidad de nuestros servicios.<\/p>\n<p>M\u00e1s a\u00fan, puedes gestionar los tipos de cookies que permites en la configuraci\u00f3n de tu navegador. Para obtener m\u00e1s informaci\u00f3n sobre c\u00f3mo puede controlar y gestionar las cookies, siga el enlace que es relevante para usted:<\/p>\n<p><a data-ft-id=\"0\">Microsoft Edge Internet Explorer<\/a><\/p>\n<p><a data-ft-id=\"0\">Cookies de navegador Chrome<\/a><\/p>\n<p><a data-ft-id=\"0\">Cookies del navegador Mozilla Firefox<\/a><\/p>\n<p><a data-ft-id=\"0\">Cookies de navegador Safari<\/a><\/p>\n<p>Tambi\u00e9n puede leer y obtener m\u00e1s informaci\u00f3n sobre lo que constituyen las cookies, c\u00f3mo se usan generalmente y para qu\u00e9 fines, si su uso es compatible con la ley y otra informaci\u00f3n valiosa en este <a data-ft-id=\"0\">gu\u00eda detallada<\/a> de allaboutcookies.org.<\/p>\n<p>Nuestro compromiso con la transparencia significa que queremos que seas plenamente consciente de c\u00f3mo las tecnolog\u00edas de seguimiento, como las cookies, contribuyen a la funcionalidad de nuestros servicios. Si tiene preguntas sobre nuestro uso de cookies y otras tecnolog\u00edas, no dude en contactarnos en support@wrilogy.com para obtener respuestas a todas las preguntas.<\/p>\n","protected":false},"excerpt":{"rendered":"<p>Para garantizar la transparencia de nuestras operaciones, esta pol\u00edtica de cookies tiene como objetivo delinear c\u00f3mo utilizamos las cookies para recopilar y procesar datos. En esta pol\u00edtica, &#8220;nosotros&#8221;, &#8220;nuestro&#8221;, &#8220;nosotros&#8221; se refiere a wrilogy.com, el procesador de datos como se&#8230;<\/p>\n","protected":false},"author":1,"featured_media":0,"parent":0,"menu_order":0,"comment_status":"closed","ping_status":"closed","template":"","meta":{"_acf_changed":false,"_locale":"es_ES","_original_post":"https:\/\/writology.com\/?page_id=3095","footnotes":""},"class_list":["post-3287","page","type-page","status-publish","hentry","es-ES","entry"],"acf":[],"yoast_head":"<!-- This site is optimized with the Yoast SEO plugin v27.3 - https:\/\/yoast.com\/product\/yoast-seo-wordpress\/ -->\n<title>Pol\u00edtica de cookies - Writology<\/title>\n<meta name=\"robots\" content=\"index, follow, max-snippet:-1, max-image-preview:large, max-video-preview:-1\" \/>\n<link rel=\"canonical\" href=\"https:\/\/writology.com\/es\/cookie-policy\" \/>\n<meta property=\"og:locale\" content=\"es_ES\" \/>\n<meta property=\"og:type\" content=\"article\" \/>\n<meta property=\"og:title\" content=\"Pol\u00edtica de cookies - Writology\" \/>\n<meta property=\"og:description\" content=\"Para garantizar la transparencia de nuestras operaciones, esta pol\u00edtica de cookies tiene como objetivo delinear c\u00f3mo utilizamos las cookies para recopilar y procesar datos. En esta pol\u00edtica, &#8220;nosotros&#8221;, &#8220;nuestro&#8221;, &#8220;nosotros&#8221; se refiere a wrilogy.com, el procesador de datos como se...\" \/>\n<meta property=\"og:url\" content=\"https:\/\/writology.com\/es\/cookie-policy\" \/>\n<meta property=\"og:site_name\" content=\"Writology\" \/>\n<meta property=\"article:publisher\" content=\"https:\/\/www.facebook.com\/writologyofficial\" \/>\n<meta property=\"og:image\" content=\"https:\/\/writology.com\/wp-content\/uploads\/2023\/05\/writology-home.png\" \/>\n\t<meta property=\"og:image:width\" content=\"1200\" \/>\n\t<meta property=\"og:image:height\" content=\"675\" \/>\n\t<meta property=\"og:image:type\" content=\"image\/png\" \/>\n<meta name=\"twitter:card\" content=\"summary_large_image\" \/>\n<meta name=\"twitter:site\" content=\"@FWritings\" \/>\n<meta name=\"twitter:label1\" content=\"Tiempo de lectura\" \/>\n\t<meta name=\"twitter:data1\" content=\"3 minutos\" \/>\n<!-- \/ Yoast SEO plugin. -->","yoast_head_json":{"title":"Pol\u00edtica de cookies - Writology","robots":{"index":"index","follow":"follow","max-snippet":"max-snippet:-1","max-image-preview":"max-image-preview:large","max-video-preview":"max-video-preview:-1"},"canonical":"https:\/\/writology.com\/es\/cookie-policy","og_locale":"es_ES","og_type":"article","og_title":"Pol\u00edtica de cookies - Writology","og_description":"Para garantizar la transparencia de nuestras operaciones, esta pol\u00edtica de cookies tiene como objetivo delinear c\u00f3mo utilizamos las cookies para recopilar y procesar datos. En esta pol\u00edtica, &#8220;nosotros&#8221;, &#8220;nuestro&#8221;, &#8220;nosotros&#8221; se refiere a wrilogy.com, el procesador de datos como se...","og_url":"https:\/\/writology.com\/es\/cookie-policy","og_site_name":"Writology","article_publisher":"https:\/\/www.facebook.com\/writologyofficial","og_image":[{"width":1200,"height":675,"url":"https:\/\/writology.com\/wp-content\/uploads\/2023\/05\/writology-home.png","type":"image\/png"}],"twitter_card":"summary_large_image","twitter_site":"@FWritings","twitter_misc":{"Tiempo de lectura":"3 minutos"},"schema":{"@context":"https:\/\/schema.org","@graph":[{"@type":"WebPage","@id":"https:\/\/writology.com\/es\/cookie-policy","url":"https:\/\/writology.com\/es\/cookie-policy","name":"Pol\u00edtica de cookies - Writology","isPartOf":{"@id":"https:\/\/writology.com\/#website"},"datePublished":"2026-03-03T13:59:22+00:00","breadcrumb":{"@id":"https:\/\/writology.com\/es\/cookie-policy#breadcrumb"},"inLanguage":"es","potentialAction":[{"@type":"ReadAction","target":["https:\/\/writology.com\/es\/cookie-policy"]}]},{"@type":"BreadcrumbList","@id":"https:\/\/writology.com\/es\/cookie-policy#breadcrumb","itemListElement":[{"@type":"ListItem","position":1,"name":"Home","item":"https:\/\/writology.com\/es\/"},{"@type":"ListItem","position":2,"name":"Pol\u00edtica de cookies"}]},{"@type":"WebSite","@id":"https:\/\/writology.com\/#website","url":"https:\/\/writology.com\/","name":"Writology","description":"Order writing and editing services from Writology professionals","publisher":{"@id":"https:\/\/writology.com\/#organization"},"potentialAction":[{"@type":"SearchAction","target":{"@type":"EntryPoint","urlTemplate":"https:\/\/writology.com\/?s={search_term_string}"},"query-input":{"@type":"PropertyValueSpecification","valueRequired":true,"valueName":"search_term_string"}}],"inLanguage":"es"},{"@type":"Organization","@id":"https:\/\/writology.com\/#organization","name":"Writology.com","url":"https:\/\/writology.com\/","logo":{"@type":"ImageObject","inLanguage":"es","@id":"https:\/\/writology.com\/#\/schema\/logo\/image\/","url":"https:\/\/writology.com\/wp-content\/uploads\/2021\/12\/header-logo.svg","contentUrl":"https:\/\/writology.com\/wp-content\/uploads\/2021\/12\/header-logo.svg","width":1,"height":1,"caption":"Writology.com"},"image":{"@id":"https:\/\/writology.com\/#\/schema\/logo\/image\/"},"sameAs":["https:\/\/www.facebook.com\/writologyofficial","https:\/\/x.com\/FWritings"]}]}},"_links":{"self":[{"href":"https:\/\/writology.com\/wp-json\/wp\/v2\/pages\/3287","targetHints":{"allow":["GET"]}}],"collection":[{"href":"https:\/\/writology.com\/wp-json\/wp\/v2\/pages"}],"about":[{"href":"https:\/\/writology.com\/wp-json\/wp\/v2\/types\/page"}],"author":[{"embeddable":true,"href":"https:\/\/writology.com\/wp-json\/wp\/v2\/users\/1"}],"replies":[{"embeddable":true,"href":"https:\/\/writology.com\/wp-json\/wp\/v2\/comments?post=3287"}],"version-history":[{"count":1,"href":"https:\/\/writology.com\/wp-json\/wp\/v2\/pages\/3287\/revisions"}],"predecessor-version":[{"id":3438,"href":"https:\/\/writology.com\/wp-json\/wp\/v2\/pages\/3287\/revisions\/3438"}],"wp:attachment":[{"href":"https:\/\/writology.com\/wp-json\/wp\/v2\/media?parent=3287"}],"curies":[{"name":"wp","href":"https:\/\/api.w.org\/{rel}","templated":true}]}}