{"id":3289,"date":"2026-03-03T14:29:12","date_gmt":"2026-03-03T14:29:12","guid":{"rendered":"https:\/\/writology.com\/?page_id=3289"},"modified":"2026-03-03T14:29:12","modified_gmt":"2026-03-03T14:29:12","slug":"additional-services","status":"publish","type":"page","link":"https:\/\/writology.com\/es\/additional-services","title":{"rendered":"Servicios adicionales"},"content":{"rendered":"<h3>Servicio de entrega progresiva<\/h3>\n<p>Nuestra agencia de redacci\u00f3n personalizada ofrece a sus clientes una opci\u00f3n para solicitar opciones de entrega progresiva, especialmente si han pedido un papel largo. La entrega progresiva denota entrega en papel en partes, cap\u00edtulos o borradores. Con esta opci\u00f3n, los clientes pueden monitorear el progreso de escritura de papeles que tienen m\u00e1s de 20 p\u00e1ginas de doble espacio (o 10 de espacio simple).<\/p>\n<h3>Con el servicio de pago adicional de nuestra empresa, disfrutar\u00e1 de los siguientes beneficios:<\/h3>\n<ol>\n<li>La administraci\u00f3n de la empresa ofrece una s\u00f3lida garant\u00eda de que su pedido ser\u00e1 completado por el mismo escritor que es uno de los principales escritores de nuestra empresa y que se especializa en su especialidad o su campo de investigaci\u00f3n.<\/li>\n<li>Su trabajo ser\u00e1 editado y revisado por nuestro departamento editorial experto.<\/li>\n<li>Podr\u00e1 recibir su trabajo en cap\u00edtulos o borradores. Por lo tanto, tendr\u00e1 la oportunidad de revisar cada una de las secciones y enviar a su escritor una solicitud de revisi\u00f3n si es necesario. Pedir ajustes nunca antes hab\u00eda sido tan f\u00e1cil. Esta opci\u00f3n le permitir\u00e1 ahorrar tiempo para la revisi\u00f3n antes de que expire la fecha l\u00edmite.<\/li>\n<li>Podr\u00e1 disfrutar de los 30 d\u00edas completos para enviar una solicitud de revisi\u00f3n gratuita en lugar de los dos d\u00edas regulares.<\/li>\n<li>Se le asignar\u00e1 un gerente personal que lo ayudar\u00e1 con el formato, diferentes problemas con el estilo y la estructura de escritura, etc. M\u00e1s a\u00fan, su gerente personal lo ayudar\u00e1 a ponerse en contacto con su escritor asignado y \u00e9l\/ella tambi\u00e9n lo ayudar\u00e1 cuando tenga alguna pregunta o consulta.<\/li>\n<\/ol>\n<h3>Procedimiento para obtener borradores en papel<\/h3>\n<ul>\n<li>Si puede otorgar a su escritor asignado de 0 a 4 d\u00edas para la finalizaci\u00f3n del papel, se le proporcionar\u00e1 un borrador que consta del 25% del volumen completo del papel. El draft se le enviar\u00e1 despu\u00e9s de que expire el 50% del l\u00edmite de plazo.<\/li>\n<li>Si otorga a su escritor asignado de 5 a 11 d\u00edas para completar el papel, recibir\u00e1 dos borradores con el 25% y el 50% del contenido total enviado en consecuencia despu\u00e9s de que expire el 25% y el 50% del l\u00edmite de plazo.<\/li>\n<li>Si proporciona a su escritor asignado m\u00e1s de 12 d\u00edas para completar el papel, espere recibir tres borradores que contienen el 25%, el 50% y el 75% del contenido total del papel que se le envi\u00f3 despu\u00e9s del 25%, 50% y 75% del l\u00edmite de plazo vence.<\/li>\n<\/ul>\n<p>Si desea recibir este servicio de borrador, est\u00e9 listo para pagar un 15% adicional hacia la suma total del pedido.<\/p>\n<p>Si el cliente quiere obtener el papel o los borradores de alguna otra manera, es importante que se comunique con el gerente personal o la administraci\u00f3n de la empresa y acepte este tema.<\/p>\n<h3>Servicios adicionales para papeles cortos (menos de 20 p\u00e1ginas)<\/h3>\n<ol>\n<li><strong>Resumen<\/strong>. El resumen en papel se refiere a la lista de servicios adicionales que permite a los clientes de la empresa recibir una visi\u00f3n general de los principales puntos de papel o de todo el tema. Por lo tanto, si necesita una sinopsis o una descripci\u00f3n general de su documento, este servicio es para usted.<\/li>\n<li><strong>Borrador<\/strong>. Despu\u00e9s de que haya expirado el 50% de la fecha l\u00edmite del pedido, puede obtener un borrador de una p\u00e1gina del papel que equivale a 300 palabras (si es un papel de doble espacio y 600 palabras si el papel tiene un espacio simple). Con la ayuda del servicio de borrador, le resultar\u00e1 m\u00e1s f\u00e1cil monitorear qu\u00e9 tan bien progresa su escritor asignado con el trabajo y si \u00e9l\/ella trabaja en \u00e9l de manera consistente.<\/li>\n<li><strong>Revisi\u00f3n extendida<\/strong>. Con esta opci\u00f3n, obtendr\u00e1s el total de 14 d\u00edas para enviar una solicitud de revisi\u00f3n gratuita en lugar de los dos d\u00edas habituales.<\/li>\n<\/ol>\n","protected":false},"excerpt":{"rendered":"<p>Servicio de entrega progresiva Nuestra agencia de redacci\u00f3n personalizada ofrece a sus clientes una opci\u00f3n para solicitar opciones de entrega progresiva, especialmente si han pedido un papel largo. La entrega progresiva denota entrega en papel en partes, cap\u00edtulos o borradores&#8230;.<\/p>\n","protected":false},"author":1,"featured_media":0,"parent":0,"menu_order":0,"comment_status":"closed","ping_status":"closed","template":"","meta":{"_acf_changed":false,"_locale":"es_ES","_original_post":"https:\/\/writology.com\/?page_id=1419","footnotes":""},"class_list":["post-3289","page","type-page","status-publish","hentry","es-ES","entry"],"acf":[],"yoast_head":"<!-- This site is optimized with the Yoast SEO plugin v27.3 - https:\/\/yoast.com\/product\/yoast-seo-wordpress\/ -->\n<title>Servicios de redacci\u00f3n personalizados para pago adicional<\/title>\n<meta name=\"robots\" content=\"index, follow, max-snippet:-1, max-image-preview:large, max-video-preview:-1\" \/>\n<link rel=\"canonical\" href=\"https:\/\/writology.com\/es\/additional-services\" \/>\n<meta property=\"og:locale\" content=\"es_ES\" \/>\n<meta property=\"og:type\" content=\"article\" \/>\n<meta property=\"og:title\" content=\"Servicios de redacci\u00f3n personalizados para pago adicional\" \/>\n<meta property=\"og:description\" content=\"Servicio de entrega progresiva Nuestra agencia de redacci\u00f3n personalizada ofrece a sus clientes una opci\u00f3n para solicitar opciones de entrega progresiva, especialmente si han pedido un papel largo. La entrega progresiva denota entrega en papel en partes, cap\u00edtulos o borradores....\" \/>\n<meta property=\"og:url\" content=\"https:\/\/writology.com\/es\/additional-services\" \/>\n<meta property=\"og:site_name\" content=\"Writology\" \/>\n<meta property=\"article:publisher\" content=\"https:\/\/www.facebook.com\/writologyofficial\" \/>\n<meta property=\"og:image\" content=\"https:\/\/writology.com\/wp-content\/uploads\/2023\/05\/writology-home.png\" \/>\n\t<meta property=\"og:image:width\" content=\"1200\" \/>\n\t<meta property=\"og:image:height\" content=\"675\" \/>\n\t<meta property=\"og:image:type\" content=\"image\/png\" \/>\n<meta name=\"twitter:card\" content=\"summary_large_image\" \/>\n<meta name=\"twitter:site\" content=\"@FWritings\" \/>\n<meta name=\"twitter:label1\" content=\"Tiempo de lectura\" \/>\n\t<meta name=\"twitter:data1\" content=\"3 minutos\" \/>\n<!-- \/ Yoast SEO plugin. -->","yoast_head_json":{"title":"Servicios de redacci\u00f3n personalizados para pago adicional","robots":{"index":"index","follow":"follow","max-snippet":"max-snippet:-1","max-image-preview":"max-image-preview:large","max-video-preview":"max-video-preview:-1"},"canonical":"https:\/\/writology.com\/es\/additional-services","og_locale":"es_ES","og_type":"article","og_title":"Servicios de redacci\u00f3n personalizados para pago adicional","og_description":"Servicio de entrega progresiva Nuestra agencia de redacci\u00f3n personalizada ofrece a sus clientes una opci\u00f3n para solicitar opciones de entrega progresiva, especialmente si han pedido un papel largo. La entrega progresiva denota entrega en papel en partes, cap\u00edtulos o borradores....","og_url":"https:\/\/writology.com\/es\/additional-services","og_site_name":"Writology","article_publisher":"https:\/\/www.facebook.com\/writologyofficial","og_image":[{"width":1200,"height":675,"url":"https:\/\/writology.com\/wp-content\/uploads\/2023\/05\/writology-home.png","type":"image\/png"}],"twitter_card":"summary_large_image","twitter_site":"@FWritings","twitter_misc":{"Tiempo de lectura":"3 minutos"},"schema":{"@context":"https:\/\/schema.org","@graph":[{"@type":"WebPage","@id":"https:\/\/writology.com\/es\/additional-services","url":"https:\/\/writology.com\/es\/additional-services","name":"Servicios de redacci\u00f3n personalizados para pago adicional","isPartOf":{"@id":"https:\/\/writology.com\/#website"},"datePublished":"2026-03-03T14:29:12+00:00","breadcrumb":{"@id":"https:\/\/writology.com\/es\/additional-services#breadcrumb"},"inLanguage":"es","potentialAction":[{"@type":"ReadAction","target":["https:\/\/writology.com\/es\/additional-services"]}]},{"@type":"BreadcrumbList","@id":"https:\/\/writology.com\/es\/additional-services#breadcrumb","itemListElement":[{"@type":"ListItem","position":1,"name":"Home","item":"https:\/\/writology.com\/es\/"},{"@type":"ListItem","position":2,"name":"Servicios adicionales"}]},{"@type":"WebSite","@id":"https:\/\/writology.com\/#website","url":"https:\/\/writology.com\/","name":"Writology","description":"Order writing and editing services from Writology professionals","publisher":{"@id":"https:\/\/writology.com\/#organization"},"potentialAction":[{"@type":"SearchAction","target":{"@type":"EntryPoint","urlTemplate":"https:\/\/writology.com\/?s={search_term_string}"},"query-input":{"@type":"PropertyValueSpecification","valueRequired":true,"valueName":"search_term_string"}}],"inLanguage":"es"},{"@type":"Organization","@id":"https:\/\/writology.com\/#organization","name":"Writology.com","url":"https:\/\/writology.com\/","logo":{"@type":"ImageObject","inLanguage":"es","@id":"https:\/\/writology.com\/#\/schema\/logo\/image\/","url":"https:\/\/writology.com\/wp-content\/uploads\/2021\/12\/header-logo.svg","contentUrl":"https:\/\/writology.com\/wp-content\/uploads\/2021\/12\/header-logo.svg","width":1,"height":1,"caption":"Writology.com"},"image":{"@id":"https:\/\/writology.com\/#\/schema\/logo\/image\/"},"sameAs":["https:\/\/www.facebook.com\/writologyofficial","https:\/\/x.com\/FWritings"]}]}},"_links":{"self":[{"href":"https:\/\/writology.com\/wp-json\/wp\/v2\/pages\/3289","targetHints":{"allow":["GET"]}}],"collection":[{"href":"https:\/\/writology.com\/wp-json\/wp\/v2\/pages"}],"about":[{"href":"https:\/\/writology.com\/wp-json\/wp\/v2\/types\/page"}],"author":[{"embeddable":true,"href":"https:\/\/writology.com\/wp-json\/wp\/v2\/users\/1"}],"replies":[{"embeddable":true,"href":"https:\/\/writology.com\/wp-json\/wp\/v2\/comments?post=3289"}],"version-history":[{"count":1,"href":"https:\/\/writology.com\/wp-json\/wp\/v2\/pages\/3289\/revisions"}],"predecessor-version":[{"id":3442,"href":"https:\/\/writology.com\/wp-json\/wp\/v2\/pages\/3289\/revisions\/3442"}],"wp:attachment":[{"href":"https:\/\/writology.com\/wp-json\/wp\/v2\/media?parent=3289"}],"curies":[{"name":"wp","href":"https:\/\/api.w.org\/{rel}","templated":true}]}}