{"id":3292,"date":"2026-03-03T14:24:37","date_gmt":"2026-03-03T14:24:37","guid":{"rendered":"https:\/\/writology.com\/?page_id=3292"},"modified":"2026-03-03T14:24:37","modified_gmt":"2026-03-03T14:24:37","slug":"terms-writers","status":"publish","type":"page","link":"https:\/\/writology.com\/es\/terms-writers","title":{"rendered":"T\u00e9rminos y condiciones para escritores"},"content":{"rendered":"<p>Wrilogy Limited (Chipre Reg. No. HE 360665), 1-3 Calle Boumpoulinas, Edificio Bouboulina, Oficina 42, P.C. 1060, Nicosia, Chipre (\u201cnosotros\u201d, \u201cnosotros\u201d o \u201cnuestro\u201d).<\/p>\n<p>Este acuerdo (el &#8220;Acuerdo&#8221;) es celebrado por un nuevo escritor (&#8220;Escritor&#8221;) y Wrilogy Ltd (&#8220;Wrilogy&#8221;).<\/p>\n<p>En consideraci\u00f3n de los pactos mutuos hechos en el presente, las partes concuerdan de la siguiente manera:<\/p>\n<h3>fiestas.<\/h3>\n<p>Writer se dedica al negocio de escribir, reescribir, editar, revisar y formatear los art\u00edculos y otros materiales de forma independiente. Wrilogy se dedica al negocio de proporcionar acceso en l\u00ednea a la base de datos de tareas de escritura, apoyo las 24 horas del d\u00eda, los 7 d\u00edas de la semana y la capacitaci\u00f3n inicial de los escritores independientes.<\/p>\n<h3>Relaci\u00f3n.<\/h3>\n<p>Las partes est\u00e1n de acuerdo y reconocen expresamente que la relaci\u00f3n creada por este acuerdo es una de un contratista independiente (escritor) y parte de la puesta en marcha de obras escritas particulares para alquiler (writolog\u00eda). Wrilogy no es el empleador de escritor, y el escritor no es, y no ser\u00e1 tratado como un empleado de Wrilogy para fines fiscales federales, fines de beneficios para empleados o cualquier otro prop\u00f3sito.<\/p>\n<h3>Servicios a ser prestados por el escritor.<\/h3>\n<p>El escritor acepta presentar, por su \u00fanica iniciativa, art\u00edculos escritos a Writolog\u00eda (los &#8220;art\u00edculos&#8221;). La forma y el m\u00e9todo de elaboraci\u00f3n de estos art\u00edculos se ajusta a las normas de la empresa, claramente explicadas al escritor durante la formaci\u00f3n inicial. Wrilogy tiene todo el derecho de control sobre la forma o el m\u00e9todo de desempe\u00f1o de Writer para garantizar el cumplimiento total de las normas de la Compa\u00f1\u00eda en virtud de este Acuerdo. Writer enviar\u00e1 art\u00edculos de acuerdo con los plazos establecidos por Wrilogy y en una forma satisfactoria a la escritura. Writology proporcionar\u00e1 cualquier informaci\u00f3n relevante al escritor para ayudar a facilitar la precisi\u00f3n y el contenido de cada tarea y es responsable de la edici\u00f3n de cada obra terminada.<\/p>\n<h3>Cambios al material presentado por el escritor.<\/h3>\n<p>El escritor est\u00e1 de acuerdo en que la escritura puede hacer cualquier cambio o adici\u00f3n al art\u00edculo o art\u00edculos preparados por el escritor, que la escritura a su exclusivo criterio puede considerar necesario, y puede involucrar a otros para que hagan cualquiera o todos los anteriores, con o sin atribuci\u00f3n al escritor.<\/p>\n<h3>Representaciones y garant\u00edas de escritor.<\/h3>\n<p>Para todos y cada uno de los art\u00edculos que el escritor se somete a la escritura, el escritor representa y garantiza que \u00e9l o ella es el \u00fanico autor del art\u00edculo y el art\u00edculo: 1) es la obra original del escritor; 2) no es de dominio p\u00fablico; 3) no es propiedad total o parcial de terceros; 4) es preciso y veraz; 5) no se ha obtenido por medios il\u00edcitos; 6) no se ha publicado previamente de ninguna manera o medio, incluyendo, espec\u00edficamente, pero no limitado a, impresos o electr\u00f3nicos; 7) que la publicaci\u00f3n del art\u00edculo por escrito por escrito no violar\u00e1 ning\u00fan derecho de autor u otro derecho de terceros, incluido el derecho de privacidad o publicidad; y 8) no contiene material que sea obsceno, difamatorio o contrario a la ley.<\/p>\n<h3>indemnizaci\u00f3n.<\/h3>\n<p>El escritor indemnizar\u00e1 y mantendr\u00e1 indemne la escritura inofensiva por cualquier reclamo, asunto, queja, pasivo y acciones que surjan del compromiso de escritor de Writolog\u00eda, incluido, entre otros, el incumplimiento de las leyes, normas y reglamentos aplicables con respecto a la retenci\u00f3n y pago de impuestos en Conexi\u00f3n con los servicios prestados a Writolog\u00eda de conformidad con este Acuerdo.<\/p>\n<h3>compensaci\u00f3n.<\/h3>\n<p>Wrilogy acepta pagar la tarifa relevante del escritor por cada art\u00edculo aceptado, cada tarifa se informa por adelantado antes de que el escritor acepte una asignaci\u00f3n. Bajo ninguna circunstancia se pagar\u00e1 al escritor por hora, diariamente u otra base que sea una funci\u00f3n del tiempo. El escritor reconoce y acepta que Writolog\u00eda solo pagar\u00e1 al escritor por los art\u00edculos que se aceptan y Wrilogy tiene la autoridad \u00fanica y exclusiva para determinar si aceptar o no todos y cada uno de los art\u00edculos presentados por el escritor.<\/p>\n<h3>impuestos.<\/h3>\n<p>Como contratista independiente, Writer ser\u00e1 responsable de los informes, dep\u00f3sitos y pagos de todos los impuestos federales, estatales y locales, incluidos, entre otros, los impuestos sobre la renta, los impuestos FICA (si corresponde) y los impuestos de desempleo incidentales a la ejecuci\u00f3n o el pago de este Acuerdo.<\/p>\n<h3>Per\u00edodo de contrato y terminaci\u00f3n.<\/h3>\n<p>Este Acuerdo comenzar\u00e1 en la fecha de registro y continuar\u00e1 hasta que sea rescindido por escrito por cualquiera de las partes. Cualquiera de las Partes puede rescindir este Acuerdo en cualquier momento por una raz\u00f3n, a partir de treinta (30) d\u00edas de notificaci\u00f3n por escrito.<\/p>\n<p>Si cualquiera de las partes viola un t\u00e9rmino de este acuerdo, entonces la otra parte (la &#8220;parte que no infringe&#8221;) puede rescindir este Acuerdo inmediatamente despu\u00e9s de la entrega de la notificaci\u00f3n por escrito de terminaci\u00f3n por parte de la Parte no incumplimiento.<\/p>\n<h3>Asignaci\u00f3n y propiedad de la propiedad intelectual.<\/h3>\n<p>El escritor reconoce expresamente que el (los) art\u00edculo(s) aportados por el escritor y los servicios del escritor en virtud del presente, est\u00e1n siendo especialmente ordenados y encargados por Wrilogy. Las Partes reconocen que cualquier art\u00edculo(s) aportado por Writer en virtud del presente se considerar\u00e1 &#8220;obras hechas para contratar&#8221; seg\u00fan la ley de derechos de autor de los EE. UU. (17 U.S.C. \u00a7 101). Writolog\u00eda ser\u00e1 el \u00fanico y exclusivo propietario de todos los derechos y t\u00edtulos en y de los resultados y ganancias de las contribuciones del escritor en virtud de la etapa de finalizaci\u00f3n. La escritura tendr\u00e1 derecho a los derechos de autor del art\u00edculo o art\u00edculos en su propio nombre como autor y propietario del mismo, a publicar el art\u00edculo, y todos previamente sometidos a art\u00edculos de escritor de escritura, en cualquier medio de expresi\u00f3n tangible, ahora conocido o desarrollado posteriormente, del cual pueda ser percibido, reproducido o Se comunica de otra manera, ya sea directamente o con la ayuda de una m\u00e1quina o dispositivo, incluidos, entre otros, los derechos de archivar, volver a publicar, editar, volver a empaquetar o revisar cualquier art\u00edculo de cualquier manera que lo estime lo estipula. Los derechos conferidos a Wrilogy por este Acuerdo ser\u00e1n exclusivos de Wrilogy.<\/p>\n<p>Si, por cualquier motivo, los resultados y los ingresos de los servicios del escritor bajo el presente son determinados en cualquier momento por un tribunal de jurisdicci\u00f3n competente como &#8220;obras hechas por contrato&#8221;, el escritor transfiere y asigna irrevocablemente a Writolog\u00eda todo derecho, t\u00edtulo e inter\u00e9s, incluidos todos los derechos de autor y otros derechos y protecciones, as\u00ed como todas las renovaciones y ampliaciones.<\/p>\n<h3>Varios.<\/h3>\n<p>Este Acuerdo no ser\u00e1 enmendado, modificado o modificado en ning\u00fan aspecto salvo por escrito de acuerdo de las Partes. Ning\u00fan comercio, costumbre o uso afectar\u00e1 este Acuerdo o los t\u00e9rminos y condiciones del mismo. Este acuerdo incorpora la comprensi\u00f3n completa de las partes y reemplaza a todos y cada uno de los acuerdos anteriores, orales o escritos, en relaci\u00f3n con la relaci\u00f3n del escritor con Writolog\u00eda y pretende ser una declaraci\u00f3n completa y exclusiva de los t\u00e9rminos del acuerdo entre las partes.<\/p>\n<p>Los t\u00e9rminos y disposiciones de este Acuerdo ser\u00e1n vinculantes para las partes y sus herederos, representantes legales, sucesores y cesionarios.<\/p>\n<p>Este acuerdo es v\u00e1lido electr\u00f3nicamente y se considera firmado por ambas partes al registrarse en wrilogy.com<\/p>\n","protected":false},"excerpt":{"rendered":"<p>Wrilogy Limited (Chipre Reg. No. HE 360665), 1-3 Calle Boumpoulinas, Edificio Bouboulina, Oficina 42, P.C. 1060, Nicosia, Chipre (\u201cnosotros\u201d, \u201cnosotros\u201d o \u201cnuestro\u201d). Este acuerdo (el &#8220;Acuerdo&#8221;) es celebrado por un nuevo escritor (&#8220;Escritor&#8221;) y Wrilogy Ltd (&#8220;Wrilogy&#8221;). En consideraci\u00f3n de&#8230;<\/p>\n","protected":false},"author":1,"featured_media":0,"parent":0,"menu_order":0,"comment_status":"closed","ping_status":"closed","template":"","meta":{"_acf_changed":false,"_locale":"es_ES","_original_post":"https:\/\/writology.com\/?page_id=2056","footnotes":""},"class_list":["post-3292","page","type-page","status-publish","hentry","es-ES","entry"],"acf":[],"yoast_head":"<!-- This site is optimized with the Yoast SEO plugin v27.3 - https:\/\/yoast.com\/product\/yoast-seo-wordpress\/ -->\n<title>T\u00e9rminos y condiciones para escritores<\/title>\n<meta name=\"robots\" content=\"index, follow, max-snippet:-1, max-image-preview:large, max-video-preview:-1\" \/>\n<link rel=\"canonical\" href=\"https:\/\/writology.com\/es\/terms-writers\" \/>\n<meta property=\"og:locale\" content=\"es_ES\" \/>\n<meta property=\"og:type\" content=\"article\" \/>\n<meta property=\"og:title\" content=\"T\u00e9rminos y condiciones para escritores\" \/>\n<meta property=\"og:description\" content=\"Wrilogy Limited (Chipre Reg. No. HE 360665), 1-3 Calle Boumpoulinas, Edificio Bouboulina, Oficina 42, P.C. 1060, Nicosia, Chipre (\u201cnosotros\u201d, \u201cnosotros\u201d o \u201cnuestro\u201d). Este acuerdo (el &#8220;Acuerdo&#8221;) es celebrado por un nuevo escritor (&#8220;Escritor&#8221;) y Wrilogy Ltd (&#8220;Wrilogy&#8221;). En consideraci\u00f3n de...\" \/>\n<meta property=\"og:url\" content=\"https:\/\/writology.com\/es\/terms-writers\" \/>\n<meta property=\"og:site_name\" content=\"Writology\" \/>\n<meta property=\"article:publisher\" content=\"https:\/\/www.facebook.com\/writologyofficial\" \/>\n<meta property=\"og:image\" content=\"https:\/\/writology.com\/wp-content\/uploads\/2023\/05\/writology-home.png\" \/>\n\t<meta property=\"og:image:width\" content=\"1200\" \/>\n\t<meta property=\"og:image:height\" content=\"675\" \/>\n\t<meta property=\"og:image:type\" content=\"image\/png\" \/>\n<meta name=\"twitter:card\" content=\"summary_large_image\" \/>\n<meta name=\"twitter:site\" content=\"@FWritings\" \/>\n<meta name=\"twitter:label1\" content=\"Tiempo de lectura\" \/>\n\t<meta name=\"twitter:data1\" content=\"6 minutos\" \/>\n<!-- \/ Yoast SEO plugin. -->","yoast_head_json":{"title":"T\u00e9rminos y condiciones para escritores","robots":{"index":"index","follow":"follow","max-snippet":"max-snippet:-1","max-image-preview":"max-image-preview:large","max-video-preview":"max-video-preview:-1"},"canonical":"https:\/\/writology.com\/es\/terms-writers","og_locale":"es_ES","og_type":"article","og_title":"T\u00e9rminos y condiciones para escritores","og_description":"Wrilogy Limited (Chipre Reg. No. HE 360665), 1-3 Calle Boumpoulinas, Edificio Bouboulina, Oficina 42, P.C. 1060, Nicosia, Chipre (\u201cnosotros\u201d, \u201cnosotros\u201d o \u201cnuestro\u201d). Este acuerdo (el &#8220;Acuerdo&#8221;) es celebrado por un nuevo escritor (&#8220;Escritor&#8221;) y Wrilogy Ltd (&#8220;Wrilogy&#8221;). En consideraci\u00f3n de...","og_url":"https:\/\/writology.com\/es\/terms-writers","og_site_name":"Writology","article_publisher":"https:\/\/www.facebook.com\/writologyofficial","og_image":[{"width":1200,"height":675,"url":"https:\/\/writology.com\/wp-content\/uploads\/2023\/05\/writology-home.png","type":"image\/png"}],"twitter_card":"summary_large_image","twitter_site":"@FWritings","twitter_misc":{"Tiempo de lectura":"6 minutos"},"schema":{"@context":"https:\/\/schema.org","@graph":[{"@type":"WebPage","@id":"https:\/\/writology.com\/es\/terms-writers","url":"https:\/\/writology.com\/es\/terms-writers","name":"T\u00e9rminos y condiciones para escritores","isPartOf":{"@id":"https:\/\/writology.com\/#website"},"datePublished":"2026-03-03T14:24:37+00:00","breadcrumb":{"@id":"https:\/\/writology.com\/es\/terms-writers#breadcrumb"},"inLanguage":"es","potentialAction":[{"@type":"ReadAction","target":["https:\/\/writology.com\/es\/terms-writers"]}]},{"@type":"BreadcrumbList","@id":"https:\/\/writology.com\/es\/terms-writers#breadcrumb","itemListElement":[{"@type":"ListItem","position":1,"name":"Home","item":"https:\/\/writology.com\/es\/"},{"@type":"ListItem","position":2,"name":"T\u00e9rminos y condiciones para escritores"}]},{"@type":"WebSite","@id":"https:\/\/writology.com\/#website","url":"https:\/\/writology.com\/","name":"Writology","description":"Order writing and editing services from Writology professionals","publisher":{"@id":"https:\/\/writology.com\/#organization"},"potentialAction":[{"@type":"SearchAction","target":{"@type":"EntryPoint","urlTemplate":"https:\/\/writology.com\/?s={search_term_string}"},"query-input":{"@type":"PropertyValueSpecification","valueRequired":true,"valueName":"search_term_string"}}],"inLanguage":"es"},{"@type":"Organization","@id":"https:\/\/writology.com\/#organization","name":"Writology.com","url":"https:\/\/writology.com\/","logo":{"@type":"ImageObject","inLanguage":"es","@id":"https:\/\/writology.com\/#\/schema\/logo\/image\/","url":"https:\/\/writology.com\/wp-content\/uploads\/2021\/12\/header-logo.svg","contentUrl":"https:\/\/writology.com\/wp-content\/uploads\/2021\/12\/header-logo.svg","width":1,"height":1,"caption":"Writology.com"},"image":{"@id":"https:\/\/writology.com\/#\/schema\/logo\/image\/"},"sameAs":["https:\/\/www.facebook.com\/writologyofficial","https:\/\/x.com\/FWritings"]}]}},"_links":{"self":[{"href":"https:\/\/writology.com\/wp-json\/wp\/v2\/pages\/3292","targetHints":{"allow":["GET"]}}],"collection":[{"href":"https:\/\/writology.com\/wp-json\/wp\/v2\/pages"}],"about":[{"href":"https:\/\/writology.com\/wp-json\/wp\/v2\/types\/page"}],"author":[{"embeddable":true,"href":"https:\/\/writology.com\/wp-json\/wp\/v2\/users\/1"}],"replies":[{"embeddable":true,"href":"https:\/\/writology.com\/wp-json\/wp\/v2\/comments?post=3292"}],"version-history":[{"count":1,"href":"https:\/\/writology.com\/wp-json\/wp\/v2\/pages\/3292\/revisions"}],"predecessor-version":[{"id":3439,"href":"https:\/\/writology.com\/wp-json\/wp\/v2\/pages\/3292\/revisions\/3439"}],"wp:attachment":[{"href":"https:\/\/writology.com\/wp-json\/wp\/v2\/media?parent=3292"}],"curies":[{"name":"wp","href":"https:\/\/api.w.org\/{rel}","templated":true}]}}