{"id":3294,"date":"2026-03-03T14:32:53","date_gmt":"2026-03-03T14:32:53","guid":{"rendered":"https:\/\/writology.com\/?page_id=3294"},"modified":"2026-03-13T09:53:30","modified_gmt":"2026-03-13T09:53:30","slug":"guarantees","status":"publish","type":"page","link":"https:\/\/writology.com\/es\/guarantees","title":{"rendered":"Garant\u00edas"},"content":{"rendered":"<div class=\"container-fluid page-container-special guarantees-page sc\">\n<div class=\"row top-singlepage-section\">\n<div class=\"col col-12 col-sm-12 sc-content\">\n<div class=\"title-block full-xs\">\n<h1>Nuestras garant\u00edas<\/h1>\n<p>Valoramos a cada cliente y apreciamos su participaci\u00f3n y nos esforzamos por ofrecer servicios de la m\u00e1s alta calidad para continuar nuestra relaci\u00f3n en el futuro. Es por eso que tomamos esa actitud familiar amistosa al comunicar y brindar servicios a nuestros clientes.<\/p>\n<\/div>\n<div class=\"subtitle-img-right hidden-xs\" style=\"margin: -10px 0 -10px auto;width: 350px;height: 222px\"><img data-ft-id=\"1\"><\/div>\n<\/div>\n<\/div>\n<div class=\"sc-content\">\n<div class=\"row authentic\">\n<div class=\"col col-12 col-sm-12 col-md-6 col-lg-7\">\n<h2 class=\"stitle\">servicio aut\u00e9ntico<\/h2>\n<p>Desafortunadamente, no podemos asegurarnos de que todos los escritores de nuestro sitio web sean confiables y capaces de proporcionar el servicio a tiempo. Hemos desarrollado un algoritmo aut\u00e9ntico que pone a los escritores m\u00e1s eficientes en la parte superior de las listas, proporciona una prueba de escritura para que los clientes puedan ver las habilidades de escritura y tener un recordatorio de fechas l\u00edmite en nuestro sistema. A\u00fan as\u00ed, los escritores de la misma manera que cualquier otro trabajador pueden fallar en su tarea.<\/p>\n<p><b>Garantizamos completar el proyecto si el escritor falla. Nuestro personal experimentado volver\u00e1 a escribir el proyecto para no defraudar al cliente.<\/b><\/p>\n<div class=\"short-orange-line\"><\/div>\n<\/div>\n<div class=\"col col-12 col-sm-12 col-md-6 col-lg-5\">\n<div class=\"authentic-reason\">\n<div class=\"item\">\n<div class=\"text\">Comprobaci\u00f3n de plagio<\/div>\n<\/div>\n<div class=\"item\">\n<div class=\"text\">formateo<\/div>\n<\/div>\n<div class=\"item\">\n<div class=\"text\">P\u00e1gina de t\u00edtulo &amp; bibliograf\u00eda<\/div>\n<\/div>\n<div class=\"item\">\n<div class=\"text\">Revisi\u00f3n (con 2 d\u00edas)<\/div>\n<\/div>\n<div class=\"item\">\n<div class=\"text\">Esquema (a petici\u00f3n)<\/div>\n<\/div>\n<div class=\"item\">\n<div class=\"text\">Entrega de correo<\/div>\n<\/div>\n<\/div>\n<\/div>\n<\/div>\n<\/div>\n<div class=\"row sc-content we-guarantee-block\">\n<div class=\"col col-12 col-sm-12\">\n<div class=\"header-line\">\n<h2>\u00a1Te garantizamos!<\/h2>\n<\/div>\n<div class=\"we-guarantee-block-info\">\n<div class=\"in_blocks\"><img decoding=\"async\" title=\"Trabajar sin riesgo\" src=\"\/wp-content\/themes\/main\/images\/guarantee-working-without-risk.svg\" alt=\"Trabajar sin riesgo\"><\/p>\n<h3 class=\"title\">Trabajar sin riesgo<\/h3>\n<div class=\"text\">Si el escritor no entrega el servicio, la escritura completar\u00e1 la tarea.<\/div>\n<\/div>\n<div class=\"in_blocks\"><img decoding=\"async\" title=\"Reembolso de dinero\" src=\"\/wp-content\/themes\/main\/images\/money-refunding.svg\" alt=\"Reembolso de dinero\"><\/p>\n<h3 class=\"title\">Reembolso de dinero<\/h3>\n<div class=\"text\">reembolsar el dinero si el trabajo no corresponde a los requisitos de texto<\/div>\n<\/div>\n<div class=\"in_blocks\"><img decoding=\"async\" title=\"Calificaci\u00f3n de alta calidad\" src=\"\/wp-content\/themes\/main\/images\/guarantees=high-quality-rating.svg\" alt=\"Calificaci\u00f3n de alta calidad\"><\/p>\n<h3 class=\"title\">Calificaci\u00f3n de alta calidad<\/h3>\n<div class=\"text\">Calificar a los escritores de acuerdo con sus habilidades y desempe\u00f1o. No vendemos puestos<\/div>\n<\/div>\n<\/div>\n<div class=\"special-bottom-quote\">\u00a1Ahora todos los escritores independientes pueden disfrutar de todas las preferencias que tienen las grandes empresas!<\/div>\n<\/div>\n<div class=\"row lifetime-discoun-block\">\n<div class=\"col col-12 col-sm-12 sc-content\"><div class=\"sc sc-lifetime-discount\">\n    <div class=\"sc-content\">\n        <div class=\"sc-lifetime-discount-header\">Flexible discount program<\/div>\n        <ul>\n            <li> <img loading=\"lazy\" decoding=\"async\" src=\"https:\/\/writology.com\/wp-content\/themes\/main\/images\/lifetime-discount-5.png\" alt=\"5% off\" width=\"345\" height=\"212\"><\/li>\n            <li> <img loading=\"lazy\" decoding=\"async\" src=\"https:\/\/writology.com\/wp-content\/themes\/main\/images\/lifetime-discount-10.png\" alt=\"10% off\" width=\"345\" height=\"212\"><\/li>\n            <li> <img loading=\"lazy\" decoding=\"async\" src=\"https:\/\/writology.com\/wp-content\/themes\/main\/images\/lifetime-discount-15.png\" alt=\"15% off\" width=\"345\" height=\"212\"><\/li>\n        <\/ul>\n    <\/div>\n<\/div><\/div>\n<\/div>\n<\/div>\n<\/div>\n","protected":false},"excerpt":{"rendered":"<p>Nuestras garant\u00edas Valoramos a cada cliente y apreciamos su participaci\u00f3n y nos esforzamos por ofrecer servicios de la m\u00e1s alta calidad para continuar nuestra relaci\u00f3n en el futuro. Es por eso que tomamos esa actitud familiar amistosa al comunicar y&#8230;<\/p>\n","protected":false},"author":1,"featured_media":0,"parent":0,"menu_order":0,"comment_status":"closed","ping_status":"closed","template":"","meta":{"_acf_changed":false,"_locale":"es_ES","_original_post":"https:\/\/writology.com\/?page_id=1434","footnotes":""},"class_list":["post-3294","page","type-page","status-publish","hentry","es-ES","entry"],"acf":[],"yoast_head":"<!-- This site is optimized with the Yoast SEO plugin v27.3 - https:\/\/yoast.com\/product\/yoast-seo-wordpress\/ -->\n<title>Garant\u00eda de devoluci\u00f3n de dinero en nuestro sitio que permite trabajar sin riesgo<\/title>\n<meta name=\"description\" content=\"Nuestra pol\u00edtica ofrece garant\u00eda de devoluci\u00f3n de dinero para que nuestros clientes trabajen sin riesgo, los resultados est\u00e1n garantizados en nuestro sitio web\" \/>\n<meta name=\"robots\" content=\"index, follow, max-snippet:-1, max-image-preview:large, max-video-preview:-1\" \/>\n<link rel=\"canonical\" href=\"https:\/\/writology.com\/es\/guarantees\" \/>\n<meta property=\"og:locale\" content=\"es_ES\" \/>\n<meta property=\"og:type\" content=\"article\" \/>\n<meta property=\"og:title\" content=\"Garant\u00eda de devoluci\u00f3n de dinero en nuestro sitio que permite trabajar sin riesgo\" \/>\n<meta property=\"og:description\" content=\"Nuestra pol\u00edtica ofrece garant\u00eda de devoluci\u00f3n de dinero para que nuestros clientes trabajen sin riesgo, los resultados est\u00e1n garantizados en nuestro sitio web\" \/>\n<meta property=\"og:url\" content=\"https:\/\/writology.com\/es\/guarantees\" \/>\n<meta property=\"og:site_name\" content=\"Writology\" \/>\n<meta property=\"article:publisher\" content=\"https:\/\/www.facebook.com\/writologyofficial\" \/>\n<meta property=\"article:modified_time\" content=\"2026-03-13T09:53:30+00:00\" \/>\n<meta property=\"og:image\" content=\"https:\/\/writology.com\/wp-content\/uploads\/2023\/05\/writology-home.png\" \/>\n\t<meta property=\"og:image:width\" content=\"1200\" \/>\n\t<meta property=\"og:image:height\" content=\"675\" \/>\n\t<meta property=\"og:image:type\" content=\"image\/png\" \/>\n<meta name=\"twitter:card\" content=\"summary_large_image\" \/>\n<meta name=\"twitter:site\" content=\"@FWritings\" \/>\n<meta name=\"twitter:label1\" content=\"Tiempo de lectura\" \/>\n\t<meta name=\"twitter:data1\" content=\"1 minuto\" \/>\n<!-- \/ Yoast SEO plugin. -->","yoast_head_json":{"title":"Garant\u00eda de devoluci\u00f3n de dinero en nuestro sitio que permite trabajar sin riesgo","description":"Nuestra pol\u00edtica ofrece garant\u00eda de devoluci\u00f3n de dinero para que nuestros clientes trabajen sin riesgo, los resultados est\u00e1n garantizados en nuestro sitio web","robots":{"index":"index","follow":"follow","max-snippet":"max-snippet:-1","max-image-preview":"max-image-preview:large","max-video-preview":"max-video-preview:-1"},"canonical":"https:\/\/writology.com\/es\/guarantees","og_locale":"es_ES","og_type":"article","og_title":"Garant\u00eda de devoluci\u00f3n de dinero en nuestro sitio que permite trabajar sin riesgo","og_description":"Nuestra pol\u00edtica ofrece garant\u00eda de devoluci\u00f3n de dinero para que nuestros clientes trabajen sin riesgo, los resultados est\u00e1n garantizados en nuestro sitio web","og_url":"https:\/\/writology.com\/es\/guarantees","og_site_name":"Writology","article_publisher":"https:\/\/www.facebook.com\/writologyofficial","article_modified_time":"2026-03-13T09:53:30+00:00","og_image":[{"width":1200,"height":675,"url":"https:\/\/writology.com\/wp-content\/uploads\/2023\/05\/writology-home.png","type":"image\/png"}],"twitter_card":"summary_large_image","twitter_site":"@FWritings","twitter_misc":{"Tiempo de lectura":"1 minuto"},"schema":{"@context":"https:\/\/schema.org","@graph":[{"@type":"WebPage","@id":"https:\/\/writology.com\/es\/guarantees","url":"https:\/\/writology.com\/es\/guarantees","name":"Garant\u00eda de devoluci\u00f3n de dinero en nuestro sitio que permite trabajar sin riesgo","isPartOf":{"@id":"https:\/\/writology.com\/#website"},"datePublished":"2026-03-03T14:32:53+00:00","dateModified":"2026-03-13T09:53:30+00:00","description":"Nuestra pol\u00edtica ofrece garant\u00eda de devoluci\u00f3n de dinero para que nuestros clientes trabajen sin riesgo, los resultados est\u00e1n garantizados en nuestro sitio web","breadcrumb":{"@id":"https:\/\/writology.com\/es\/guarantees#breadcrumb"},"inLanguage":"es","potentialAction":[{"@type":"ReadAction","target":["https:\/\/writology.com\/es\/guarantees"]}]},{"@type":"BreadcrumbList","@id":"https:\/\/writology.com\/es\/guarantees#breadcrumb","itemListElement":[{"@type":"ListItem","position":1,"name":"Home","item":"https:\/\/writology.com\/es\/"},{"@type":"ListItem","position":2,"name":"Garant\u00edas"}]},{"@type":"WebSite","@id":"https:\/\/writology.com\/#website","url":"https:\/\/writology.com\/","name":"Writology","description":"Order writing and editing services from Writology professionals","publisher":{"@id":"https:\/\/writology.com\/#organization"},"potentialAction":[{"@type":"SearchAction","target":{"@type":"EntryPoint","urlTemplate":"https:\/\/writology.com\/?s={search_term_string}"},"query-input":{"@type":"PropertyValueSpecification","valueRequired":true,"valueName":"search_term_string"}}],"inLanguage":"es"},{"@type":"Organization","@id":"https:\/\/writology.com\/#organization","name":"Writology.com","url":"https:\/\/writology.com\/","logo":{"@type":"ImageObject","inLanguage":"es","@id":"https:\/\/writology.com\/#\/schema\/logo\/image\/","url":"https:\/\/writology.com\/wp-content\/uploads\/2021\/12\/header-logo.svg","contentUrl":"https:\/\/writology.com\/wp-content\/uploads\/2021\/12\/header-logo.svg","width":1,"height":1,"caption":"Writology.com"},"image":{"@id":"https:\/\/writology.com\/#\/schema\/logo\/image\/"},"sameAs":["https:\/\/www.facebook.com\/writologyofficial","https:\/\/x.com\/FWritings"]}]}},"_links":{"self":[{"href":"https:\/\/writology.com\/wp-json\/wp\/v2\/pages\/3294","targetHints":{"allow":["GET"]}}],"collection":[{"href":"https:\/\/writology.com\/wp-json\/wp\/v2\/pages"}],"about":[{"href":"https:\/\/writology.com\/wp-json\/wp\/v2\/types\/page"}],"author":[{"embeddable":true,"href":"https:\/\/writology.com\/wp-json\/wp\/v2\/users\/1"}],"replies":[{"embeddable":true,"href":"https:\/\/writology.com\/wp-json\/wp\/v2\/comments?post=3294"}],"version-history":[{"count":2,"href":"https:\/\/writology.com\/wp-json\/wp\/v2\/pages\/3294\/revisions"}],"predecessor-version":[{"id":4589,"href":"https:\/\/writology.com\/wp-json\/wp\/v2\/pages\/3294\/revisions\/4589"}],"wp:attachment":[{"href":"https:\/\/writology.com\/wp-json\/wp\/v2\/media?parent=3294"}],"curies":[{"name":"wp","href":"https:\/\/api.w.org\/{rel}","templated":true}]}}