{"id":3295,"date":"2026-03-03T14:32:48","date_gmt":"2026-03-03T14:32:48","guid":{"rendered":"https:\/\/writology.com\/?page_id=3295"},"modified":"2026-03-03T14:32:48","modified_gmt":"2026-03-03T14:32:48","slug":"faq","status":"publish","type":"page","link":"https:\/\/writology.com\/es\/faq","title":{"rendered":"PF"},"content":{"rendered":"<div class=\"sc-faq\"><div class=\"list\"> <div class=\"list-item item-3492 active\">\n                            <div class=\"item-header\">\u00bfCu\u00e1ndo recibir\u00e9 mi pedido?<\/div>\n                            <div class=\"item-body\" style=\"display: block\"><p>Todos los pedidos que realice con nosotros se entregan de acuerdo con el plazo indicado. Tenemos una garant\u00eda seg\u00fan la cual proporcionamos todos los papeles a tiempo. Al realizar el pedido, tenga en cuenta que la cuenta regresiva comienza desde el momento en que verifica el pago.<\/p>\n<\/div>\n                        <\/div> <div class=\"list-item item-3496\">\n                            <div class=\"item-header\">\u00bfC\u00f3mo puedo ponerme en contacto con mi escritor asignado?<\/div>\n                            <div class=\"item-body\"><p>Nuestra empresa ofrece una excelente opci\u00f3n de mensajer\u00eda directa que los clientes pueden utilizar para ponerse en contacto con sus escritores. En casos urgentes, siempre es posible ponerse en contacto con los agentes de atenci\u00f3n al cliente y pedirles que se comuniquen con el escritor.<\/p>\n<\/div>\n                        <\/div> <div class=\"list-item item-3497\">\n                            <div class=\"item-header\">\u00bfTiene opciones VIP?<\/div>\n                            <div class=\"item-body\"><p>S\u00ed, tenemos varias opciones VIP que puedes comprar por separado o en paquete. Ofrecemos opciones como:<br>\u2981 Soporte VIP, que le permite recibir atenci\u00f3n especial a sus pedidos en todas las etapas. La opci\u00f3n de correcci\u00f3n por editor est\u00e1 destinada a asegurar la coherencia de calidad y la completa correcci\u00f3n de la gram\u00e1tica y el formato. 4 d\u00edas despu\u00e9s de la entrega<br>\u2981 PDF Informe de plagio, donde adem\u00e1s volvemos a revisar su trabajo en busca de plagio<\/p>\n<\/div>\n                        <\/div> <div class=\"list-item item-3498\">\n                            <div class=\"item-header\">\u00bfQu\u00e9 tipo de pedido debo elegir?<\/div>\n                            <div class=\"item-body\"><p>Cuando realiza un pedido en l\u00ednea, debe elegir un tipo de papel adecuado. Si no est\u00e1 seguro de qu\u00e9 tipo de pedido elegir, env\u00edenos sus requisitos y le ayudaremos a averiguarlo. Just contact our live chat support team.<\/p>\n<\/div>\n                        <\/div> <div class=\"list-item item-3499\">\n                            <div class=\"item-header\">\u00bfGarantiza excelentes calificaciones para los servicios de escritura personalizados que brinda? \u00bfO de qu\u00e9 otra manera puedo estar seguro de la calidad de los servicios?<\/div>\n                            <div class=\"item-body\"><p>Garantizamos nuestros servicios adecuados y de primera calidad, pero nunca podemos estar seguros de las calificaciones que obtienes. La calificaci\u00f3n es un aspecto subjetivo, y depende de su profesor. Por lo tanto, no podemos decirle qu\u00e9 grado recibir\u00e1. Sin embargo, le prometemos que ser\u00e1 asistido por escritores con Master`s y Ph.D. niveles.<\/p>\n<\/div>\n                        <\/div> <div class=\"list-item item-3500\">\n                            <div class=\"item-header\">\u00bfTrabajas en papeles urgentes?<\/div>\n                            <div class=\"item-body\"><p>S\u00ed, nuestros escritores trabajan incluso en papeles con plazos apremiantes. Pueden trabajar en condiciones estresantes sin socavar la calidad de la escritura, pero tambi\u00e9n sea realista acerca de establecer plazos realmente ajustados.<\/p>\n<\/div>\n                        <\/div> <div class=\"list-item item-3501\">\n                            <div class=\"item-header\">\u00bfCu\u00e1les son sus horarios de apertura?<\/div>\n                            <div class=\"item-body\"><p>Somos una empresa que opera las 24 horas del d\u00eda, los 7 d\u00edas de la semana, por lo que puede confiar en nuestra asistencia en cualquier momento.<\/p>\n<\/div>\n                        <\/div> <div class=\"list-item item-3502\">\n                            <div class=\"item-header\">\u00bfSe entregar\u00e1 mi trabajo a tiempo?<\/div>\n                            <div class=\"item-body\"><p>Nuestra empresa garantiza que cualquier papel que coloque con nosotros se proporcionar\u00e1 de acuerdo con la fecha l\u00edmite establecida. Incluso puede confiar en nosotros para obtener ayuda cuando necesita ayuda con pedidos urgentes.<\/p>\n<\/div>\n                        <\/div> <div class=\"list-item item-3503\">\n                            <div class=\"item-header\">\u00bfEs obligatorio proporcionar mi n\u00famero de tel\u00e9fono y direcci\u00f3n de correo electr\u00f3nico al registrarse?<\/div>\n                            <div class=\"item-body\"><p>Alentamos a todos nuestros clientes a dejar sus datos de contacto ya que nos da la oportunidad de ponernos en contacto con usted en algunos casos urgentes. Si es necesario aclarar algo o si necesitamos algunas actualizaciones, podemos contactarlo a trav\u00e9s del correo electr\u00f3nico o n\u00famero de tel\u00e9fono proporcionado.<\/p>\n<\/div>\n                        <\/div> <div class=\"list-item item-3504\">\n                            <div class=\"item-header\">Tengo problemas para pagar el pedido. \u00bfPor qu\u00e9 puedo encontrarlos?<\/div>\n                            <div class=\"item-body\"><p>Puede obtener un error de pago o autorizaci\u00f3n, y eso puede resultar del trabajo incorrecto de su navegador web. Por lo tanto, en tales casos, puede usar otro navegador o simplemente elegir otra tarjeta bancaria para el pago. En otros casos, puede ponerse en contacto directamente con nuestra empresa y su solicitud ser\u00e1 remitida al Departamento Financiero.<\/p>\n<\/div>\n                        <\/div> <div class=\"list-item item-3505\">\n                            <div class=\"item-header\">\u00bfEres capaz de brindar asistencia con tareas realmente complicadas?<\/div>\n                            <div class=\"item-body\"><p>Claro, tenemos escritores de diferentes niveles acad\u00e9micos en nuestro equipo. En consecuencia, puede realizar pedidos desde la escuela secundaria y la universidad hasta la universidad y los niveles de maestr\u00eda.<\/p>\n<\/div>\n                        <\/div> <div class=\"list-item item-3506\">\n                            <div class=\"item-header\">\u00bfQui\u00e9n ser\u00e1 responsable de escribir mi trabajo?<\/div>\n                            <div class=\"item-body\"><p>Cuando un escritor es asignado a trabajar en su art\u00edculo, puede estar seguro de que la persona ser\u00e1 un verdadero experto en nuestro campo de investigaci\u00f3n o de especializaci\u00f3n. La administraci\u00f3n de nuestra empresa verifica cuidadosamente los requisitos del papel y se asegura de que el escritor corresponda a sus demandas. Contamos con un rico y vers\u00e1til equipo de escritores, correctores de pruebas y editores que repasar\u00e1n su trabajo.<\/p>\n<\/div>\n                        <\/div> <div class=\"list-item item-3507\">\n                            <div class=\"item-header\">\u00bfC\u00f3mo puedo estar seguro de que el papel escrito a medida por usted es original?<\/div>\n                            <div class=\"item-body\"><p>Garantizamos que todos los documentos proporcionados por nuestro servicio se verifiquen minuciosamente a trav\u00e9s del software antiplagio. Antes de cargar documentos completos en su cuenta, nos aseguramos de que se corrijan y se escaneen en busca de plagio.<\/p>\n<\/div>\n                        <\/div> <div class=\"list-item item-3508\">\n                            <div class=\"item-header\">\u00bfSu servicio es confidencial? \u00bfPuedo estar seguro de que mi informaci\u00f3n no ser\u00e1 compartida?<\/div>\n                            <div class=\"item-body\"><p>Ninguna de la informaci\u00f3n personal o de contacto se divulga a los terceros. Somos responsables de mantener todos sus datos personales y detalles en privacidad. Espec\u00edficamente, ni usted ni su escritor conocen los datos personales entre s\u00ed, como el nombre, el n\u00famero de tel\u00e9fono o la direcci\u00f3n de correo electr\u00f3nico.<\/p>\n<\/div>\n                        <\/div> <div class=\"list-item item-3509\">\n                            <div class=\"item-header\">Encuentro problemas haciendo el pedido con usted. \u00bfCu\u00e1l podr\u00eda ser la raz\u00f3n de ello?<\/div>\n                            <div class=\"item-body\"><p>Si el sitio web se est\u00e1 cargando durante mucho tiempo o si no le permite continuar con la colocaci\u00f3n del pedido, verifique si ha completado todos los campos requeridos en el formulario de colocaci\u00f3n del pedido. Si se ha proporcionado toda la informaci\u00f3n, preste atenci\u00f3n a los archivos adjuntos. Si hay demasiados archivos adjuntos o si son pesados, pueden causar este retraso en la carga del formulario de registro. En lugar de tratar de adjuntar todos los materiales en el formulario de colocaci\u00f3n de pedidos, reenv\u00edelos a trav\u00e9s de chat en vivo o correo electr\u00f3nico.<\/p>\n<\/div>\n                        <\/div> <div class=\"list-item item-3510\">\n                            <div class=\"item-header\">\u00bfEs seguro comprar ensayos en l\u00ednea?<\/div>\n                            <div class=\"item-body\"><p>Utilizamos solo conexiones seguras para procesar todos sus pedidos y garantizar que las transacciones pasen por sistemas de pago seguros. Vemos que la seguridad de comprar ensayos en l\u00ednea se mantiene en todo momento.<\/p>\n<\/div>\n                        <\/div> <div class=\"list-item item-3511\">\n                            <div class=\"item-header\">\u00bfMe atrapar\u00e1n si compro un ensayo?<\/div>\n                            <div class=\"item-body\"><p>Nunca compartimos ninguna informaci\u00f3n sobre sus pedidos, lo que hace imposible que nadie sepa que usted compr\u00f3 su ensayo. Adem\u00e1s, nuestros escritores escriben cada art\u00edculo desde cero, lo que hace imposible encontrar ensayos id\u00e9nticos. Por lo tanto, hacemos todo para que nadie sepa que compras tus ensayos.<\/p>\n<\/div>\n                        <\/div> <div class=\"list-item item-3512\">\n                            <div class=\"item-header\">\u00bfQu\u00e9 tan profesionales son los escritores que escribir\u00e1n mi ensayo para m\u00ed?<\/div>\n                            <div class=\"item-body\"><p>Tenemos un procedimiento estricto para contratar escritores. Solo aquellos escritores que tienen un t\u00edtulo en su campo de especialidad y experiencia en escritura suficiente pueden pasar nuestras pruebas y entrevistas. La mayor\u00eda de nuestros escritores tienen licenciaturas y maestr\u00edas, mientras que algunos incluso tienen doctorado.<\/p>\n<\/div>\n                        <\/div> <div class=\"list-item item-3513\">\n                            <div class=\"item-header\">\u00bfSon leg\u00edtimos los servicios de redacci\u00f3n de ensayos personalizados?<\/div>\n                            <div class=\"item-body\"><p>Nuestros servicios de redacci\u00f3n de ensayos personalizados son leg\u00edtimos, ya que alentamos a los estudiantes a utilizar los trabajos que proporcionamos como recursos educativos adicionales en sus estudios. Tal uso de nuestros papeles no est\u00e1 prohibido por ninguna escuela, colegio o universidad.<\/p>\r\n<\/div>\n                        <\/div> <div class=\"list-item item-3514\">\n                            <div class=\"item-header\">\u00bfQu\u00e9 es la redacci\u00f3n de ensayos personalizados?<\/div>\n                            <div class=\"item-body\"><p>La redacci\u00f3n de ensayos personalizados es investigar un tema, desarrollar ideas y preparar un art\u00edculo de acuerdo con instrucciones espec\u00edficas. Los estudiantes hacen su redacci\u00f3n de ensayos personalizados cuando preparan sus tareas, pero puede hacer que un escritor experto haga el mismo trabajo en lugar de usted. Cuando ordena servicios de redacci\u00f3n de ensayos personalizados de una empresa de redacci\u00f3n de confianza, puede recibir un documento que se escribe desde cero y considera todos sus requisitos individuales.<\/p>\n<\/div>\n                        <\/div> <div class=\"list-item item-3491\">\n                            <div class=\"item-header\">\u00bfPuedo recibir mi pedido antes si mi escritor lo ha completado de antemano?<\/div>\n                            <div class=\"item-body\"><p>Tenemos la regla de que siempre enviamos papeles m\u00e1s cerca de la fecha de vencimiento de la fecha l\u00edmite. De hecho, la opci\u00f3n de entrega anterior es la que cuesta m\u00e1s. Nuestros escritores proporcionan papeles de acuerdo con los plazos establecidos, ya que son decisivos para la urgencia del peri\u00f3dico y el precio general que debe pagar. Cuando acorta la fecha l\u00edmite, debemos pedirle a los escritores y editores que trabajen en su pedido m\u00e1s r\u00e1pido o que lo cambien de inmediato, por lo que requiere un pago adicional.<\/p>\r\n<\/div>\n                        <\/div><\/div><\/div>\n","protected":false},"excerpt":{"rendered":"","protected":false},"author":1,"featured_media":0,"parent":0,"menu_order":0,"comment_status":"closed","ping_status":"closed","template":"","meta":{"_acf_changed":false,"_locale":"es_ES","_original_post":"https:\/\/writology.com\/?page_id=1441","footnotes":""},"class_list":["post-3295","page","type-page","status-publish","hentry","es-ES","entry"],"acf":[],"yoast_head":"<!-- This site is optimized with the Yoast SEO plugin v27.3 - https:\/\/yoast.com\/product\/yoast-seo-wordpress\/ -->\n<title>Secci\u00f3n de preguntas frecuentes relacionada con el servicio de redacci\u00f3n personalizada<\/title>\n<meta name=\"description\" content=\"Consulte las preguntas m\u00e1s frecuentes sobre los principios de c\u00f3mo funciona nuestro servicio de escritura personalizada. Siga leyendo para m\u00e1s detalles.\" \/>\n<meta name=\"robots\" content=\"index, follow, max-snippet:-1, max-image-preview:large, max-video-preview:-1\" \/>\n<link rel=\"canonical\" href=\"https:\/\/writology.com\/es\/faq\" \/>\n<meta property=\"og:locale\" content=\"es_ES\" \/>\n<meta property=\"og:type\" content=\"article\" \/>\n<meta property=\"og:title\" content=\"Secci\u00f3n de preguntas frecuentes relacionada con el servicio de redacci\u00f3n personalizada\" \/>\n<meta property=\"og:description\" content=\"Consulte las preguntas m\u00e1s frecuentes sobre los principios de c\u00f3mo funciona nuestro servicio de escritura personalizada. Siga leyendo para m\u00e1s detalles.\" \/>\n<meta property=\"og:url\" content=\"https:\/\/writology.com\/es\/faq\" \/>\n<meta property=\"og:site_name\" content=\"Writology\" \/>\n<meta property=\"article:publisher\" content=\"https:\/\/www.facebook.com\/writologyofficial\" \/>\n<meta property=\"og:image\" content=\"https:\/\/writology.com\/wp-content\/uploads\/2023\/05\/writology-home.png\" \/>\n\t<meta property=\"og:image:width\" content=\"1200\" \/>\n\t<meta property=\"og:image:height\" content=\"675\" \/>\n\t<meta property=\"og:image:type\" content=\"image\/png\" \/>\n<meta name=\"twitter:card\" content=\"summary_large_image\" \/>\n<meta name=\"twitter:site\" content=\"@FWritings\" \/>\n<!-- \/ Yoast SEO plugin. -->","yoast_head_json":{"title":"Secci\u00f3n de preguntas frecuentes relacionada con el servicio de redacci\u00f3n personalizada","description":"Consulte las preguntas m\u00e1s frecuentes sobre los principios de c\u00f3mo funciona nuestro servicio de escritura personalizada. Siga leyendo para m\u00e1s detalles.","robots":{"index":"index","follow":"follow","max-snippet":"max-snippet:-1","max-image-preview":"max-image-preview:large","max-video-preview":"max-video-preview:-1"},"canonical":"https:\/\/writology.com\/es\/faq","og_locale":"es_ES","og_type":"article","og_title":"Secci\u00f3n de preguntas frecuentes relacionada con el servicio de redacci\u00f3n personalizada","og_description":"Consulte las preguntas m\u00e1s frecuentes sobre los principios de c\u00f3mo funciona nuestro servicio de escritura personalizada. Siga leyendo para m\u00e1s detalles.","og_url":"https:\/\/writology.com\/es\/faq","og_site_name":"Writology","article_publisher":"https:\/\/www.facebook.com\/writologyofficial","og_image":[{"width":1200,"height":675,"url":"https:\/\/writology.com\/wp-content\/uploads\/2023\/05\/writology-home.png","type":"image\/png"}],"twitter_card":"summary_large_image","twitter_site":"@FWritings","schema":{"@context":"https:\/\/schema.org","@graph":[{"@type":"WebPage","@id":"https:\/\/writology.com\/es\/faq","url":"https:\/\/writology.com\/es\/faq","name":"Secci\u00f3n de preguntas frecuentes relacionada con el servicio de redacci\u00f3n personalizada","isPartOf":{"@id":"https:\/\/writology.com\/#website"},"datePublished":"2026-03-03T14:32:48+00:00","description":"Consulte las preguntas m\u00e1s frecuentes sobre los principios de c\u00f3mo funciona nuestro servicio de escritura personalizada. Siga leyendo para m\u00e1s detalles.","breadcrumb":{"@id":"https:\/\/writology.com\/es\/faq#breadcrumb"},"inLanguage":"es","potentialAction":[{"@type":"ReadAction","target":["https:\/\/writology.com\/es\/faq"]}]},{"@type":"BreadcrumbList","@id":"https:\/\/writology.com\/es\/faq#breadcrumb","itemListElement":[{"@type":"ListItem","position":1,"name":"Home","item":"https:\/\/writology.com\/es\/"},{"@type":"ListItem","position":2,"name":"PF"}]},{"@type":"WebSite","@id":"https:\/\/writology.com\/#website","url":"https:\/\/writology.com\/","name":"Writology","description":"Order writing and editing services from Writology professionals","publisher":{"@id":"https:\/\/writology.com\/#organization"},"potentialAction":[{"@type":"SearchAction","target":{"@type":"EntryPoint","urlTemplate":"https:\/\/writology.com\/?s={search_term_string}"},"query-input":{"@type":"PropertyValueSpecification","valueRequired":true,"valueName":"search_term_string"}}],"inLanguage":"es"},{"@type":"Organization","@id":"https:\/\/writology.com\/#organization","name":"Writology.com","url":"https:\/\/writology.com\/","logo":{"@type":"ImageObject","inLanguage":"es","@id":"https:\/\/writology.com\/#\/schema\/logo\/image\/","url":"https:\/\/writology.com\/wp-content\/uploads\/2021\/12\/header-logo.svg","contentUrl":"https:\/\/writology.com\/wp-content\/uploads\/2021\/12\/header-logo.svg","width":1,"height":1,"caption":"Writology.com"},"image":{"@id":"https:\/\/writology.com\/#\/schema\/logo\/image\/"},"sameAs":["https:\/\/www.facebook.com\/writologyofficial","https:\/\/x.com\/FWritings"]}]}},"_links":{"self":[{"href":"https:\/\/writology.com\/wp-json\/wp\/v2\/pages\/3295","targetHints":{"allow":["GET"]}}],"collection":[{"href":"https:\/\/writology.com\/wp-json\/wp\/v2\/pages"}],"about":[{"href":"https:\/\/writology.com\/wp-json\/wp\/v2\/types\/page"}],"author":[{"embeddable":true,"href":"https:\/\/writology.com\/wp-json\/wp\/v2\/users\/1"}],"replies":[{"embeddable":true,"href":"https:\/\/writology.com\/wp-json\/wp\/v2\/comments?post=3295"}],"version-history":[{"count":1,"href":"https:\/\/writology.com\/wp-json\/wp\/v2\/pages\/3295\/revisions"}],"predecessor-version":[{"id":3448,"href":"https:\/\/writology.com\/wp-json\/wp\/v2\/pages\/3295\/revisions\/3448"}],"wp:attachment":[{"href":"https:\/\/writology.com\/wp-json\/wp\/v2\/media?parent=3295"}],"curies":[{"name":"wp","href":"https:\/\/api.w.org\/{rel}","templated":true}]}}