{"id":3515,"date":"2026-03-06T13:32:28","date_gmt":"2026-03-06T13:32:28","guid":{"rendered":"https:\/\/writology.com\/?page_id=3515"},"modified":"2026-03-06T13:32:28","modified_gmt":"2026-03-06T13:32:28","slug":"contact-us","status":"publish","type":"page","link":"https:\/\/writology.com\/es\/contact-us","title":{"rendered":"Apoyo"},"content":{"rendered":"<div data-ng-controller=\"LiveChat\" id=\"page_wrap\">\n<div id=\"content_wrap\">\n<div class=\"overwrap\">\n<div class=\"fullwrap\">\n<div class=\"block\">\n\t\t\t\t\t<img decoding=\"async\" alt=\"devoluci\u00f3n de llamada\" src=\"\/wp-content\/uploads\/2021\/07\/callback-icon-1.png\" title=\"devoluci\u00f3n de llamada\"><\/p>\n<div class=\"text-wrap\">\n<div class=\"title\">Solicitar una devoluci\u00f3n de llamada<\/div>\n<div class=\"description\">\u00a1Danos tu informaci\u00f3n de contacto y te llamamos!<\/div>\n<div class=\"ae-contacts\"><\/div>\n<div class=\"uber-banner-wrapper\">\n        <div class=\"uber-banner\">\n        <div>\n        <div class=\"banner-header\">Order newsletter\/email writing from Writology.com<\/div>\n\n        <ul>\n            <li>Have everything done by a professional<\/li>\n            <li>Pricing from $19.00\/page<\/li>\n            <li>Comprehensive support service<\/li>\n            <li>Receive the most accurate plagiarism reports<\/li>\n        <\/ul>\n        <a class=\"banner-btn\" href=\"\/buy?form=form-writology\" rel=\"nofollow\">Place an Order<\/a> <img decoding=\"async\" class=\"guarantee-image\" src=\"https:\/\/writology.com\/wp-content\/themes\/main\/images\/service-landing\/orderForm\/quality-guarantee-image.png\"><\/div>\n\n        <div class=\"banner-right\"><img decoding=\"async\" alt=\"banner background\" src=\"https:\/\/writology.com\/wp-content\/themes\/main\/images\/service-landing\/uber-banner-right-background.png\">\n        <div class=\"banner-top-text\">Get<\/div>\n        <img decoding=\"async\" class=\"banner-off-image\" src=\"https:\/\/writology.com\/wp-content\/themes\/main\/images\/service-landing\/15off-text.png\">\n        <div class=\"banner-bottom-text\"><a class=\"banner-right-button\" href=\"\/buy?form=form-writology&amp;discount=15%OFF\" rel=\"nofollow\">Order with discount<\/a>\n        <div>your first order with Writology<\/div>\n        <\/div>\n\n        <div class=\"writology-logo\"><img decoding=\"async\" src=\"https:\/\/writology.com\/wp-content\/themes\/main\/images\/service-landing\/writology-logo.png\"><\/div>\n        <\/div>\n        <\/div>\n        <\/div>\n<button class=\"button button-primary\" onclick=\"document.querySelector('.feedback-point').click()\">Call me back<\/button>\n<\/div>\n<\/div>\n<div class=\"block\" style=\"margin-top: 55px\">\n<img decoding=\"async\" alt=\"Blog\" src=\"\/wp-content\/uploads\/2021\/07\/blog-1.png\" title=\"Blog\"><\/p>\n<div class=\"text-wrap\">\n<div class=\"title\"><a data-ft-id=\"1\">blog<\/a><\/div>\n<div class=\"text\">Aborda una amplia gama de temas, art\u00edculos y noticias del equipo de Wrilogy.<\/div>\n<\/div>\n<\/div>\n<div class=\"block\" style=\"margin-top: 46px\">\n<img decoding=\"async\" alt=\"Preguntas Frecuentes\" src=\"\/wp-content\/uploads\/2021\/07\/faqs-1.png\" title=\"Preguntas Frecuentes\" style=\"margin-top: 8px;margin-left: 5px\"><\/p>\n<div class=\"text-wrap\">\n<div class=\"title\"><a data-ft-id=\"1\">FAQs<\/a><\/div>\n<div class=\"text\">La secci\u00f3n de preguntas frecuentes puede responder a las preguntas m\u00e1s comunes que pueda tener.<\/div>\n<div class=\"links\"><a data-ft-id=\"1\">para escritores \u00bb<\/a><a data-ft-id=\"2\">para clientes \u00bb<\/a><\/div>\n<\/div>\n<\/div>\n<\/div>\n<div class=\"fullwrap\">\n<div class=\"block\">\n\t\t\t\t\t<img decoding=\"async\" alt=\"charla\" src=\"\/wp-content\/uploads\/2021\/07\/chat-1.png\" title=\"charla\"><\/p>\n<div class=\"text-wrap\">\n<div class=\"title\">Formulario de contacto<\/div>\n<div class=\"description\" style=\"margin-top: 20px\"><strong>Estimado usuario!<\/strong> No dude en ponerse en contacto con nuestro equipo de soporte en cualquier momento en que surja la necesidad. Abordaremos instant\u00e1neamente sus consultas, solicitudes y quejas: nuestro personal de soporte est\u00e1 listo para brindarle asistencia oportuna para su m\u00e1xima comodidad.<\/div>\n<div id=\"cutstt\" class=\"contact-wrapper\">&nbsp;<\/div>\n<\/div>\n<\/div>\n<p>[sc_contact-us-social]<\/p>\n<\/div>\n<\/div>\n<div class=\"overwrap\" style=\"border-bottom: none\">\n<!--a href=\"\/blog\/\" style=\"float: right; margin-right: 52px;\"&gt;Read more&lt;\/a--><\/p>\n<div class=\"overtitle\">Publicaciones de blog recientes<\/div>\n<p>[sc_contact-us-blog]<\/p>\n<\/div>\n<\/div>\n<\/div>\n","protected":false},"excerpt":{"rendered":"<p>Solicitar una devoluci\u00f3n de llamada \u00a1Danos tu informaci\u00f3n de contacto y te llamamos! blog Aborda una amplia gama de temas, art\u00edculos y noticias del equipo de Wrilogy. FAQs La secci\u00f3n de preguntas frecuentes puede responder a las preguntas m\u00e1s comunes&#8230;<\/p>\n","protected":false},"author":1,"featured_media":0,"parent":0,"menu_order":0,"comment_status":"closed","ping_status":"closed","template":"","meta":{"_acf_changed":false,"_locale":"es_ES","_original_post":"http:\/\/writology.com\/contact-us\/","footnotes":""},"class_list":["post-3515","page","type-page","status-publish","hentry","es-ES","entry"],"acf":[],"yoast_head":"<!-- This site is optimized with the Yoast SEO plugin v27.3 - https:\/\/yoast.com\/product\/yoast-seo-wordpress\/ -->\n<title>El equipo de soporte profesional de Wrilogy est\u00e1 disponible las 24 horas del d\u00eda, los 7 d\u00edas de la semana para nuestros valiosos clientes<\/title>\n<meta name=\"description\" content=\"Puede comunicarse con nosotros a trav\u00e9s de los contactos v\u00e1lidos de Writolog\u00eda proporcionados en el sitio, hay direcci\u00f3n f\u00edsica, n\u00fameros de tel\u00e9fono y correo electr\u00f3nico del equipo de soporte.\" \/>\n<meta name=\"robots\" content=\"index, follow, max-snippet:-1, max-image-preview:large, max-video-preview:-1\" \/>\n<link rel=\"canonical\" href=\"https:\/\/writology.com\/es\/contact-us\" \/>\n<meta property=\"og:locale\" content=\"es_ES\" \/>\n<meta property=\"og:type\" content=\"article\" \/>\n<meta property=\"og:title\" content=\"El equipo de soporte profesional de Wrilogy est\u00e1 disponible las 24 horas del d\u00eda, los 7 d\u00edas de la semana para nuestros valiosos clientes\" \/>\n<meta property=\"og:description\" content=\"Puede comunicarse con nosotros a trav\u00e9s de los contactos v\u00e1lidos de Writolog\u00eda proporcionados en el sitio, hay direcci\u00f3n f\u00edsica, n\u00fameros de tel\u00e9fono y correo electr\u00f3nico del equipo de soporte.\" \/>\n<meta property=\"og:url\" content=\"https:\/\/writology.com\/es\/contact-us\" \/>\n<meta property=\"og:site_name\" content=\"Writology\" \/>\n<meta property=\"article:publisher\" content=\"https:\/\/www.facebook.com\/writologyofficial\" \/>\n<meta property=\"og:image\" content=\"https:\/\/writology.com\/wp-content\/uploads\/2023\/05\/writology-home.png\" \/>\n\t<meta property=\"og:image:width\" content=\"1200\" \/>\n\t<meta property=\"og:image:height\" content=\"675\" \/>\n\t<meta property=\"og:image:type\" content=\"image\/png\" \/>\n<meta name=\"twitter:card\" content=\"summary_large_image\" \/>\n<meta name=\"twitter:site\" content=\"@FWritings\" \/>\n<meta name=\"twitter:label1\" content=\"Tiempo de lectura\" \/>\n\t<meta name=\"twitter:data1\" content=\"1 minuto\" \/>\n<!-- \/ Yoast SEO plugin. -->","yoast_head_json":{"title":"El equipo de soporte profesional de Wrilogy est\u00e1 disponible las 24 horas del d\u00eda, los 7 d\u00edas de la semana para nuestros valiosos clientes","description":"Puede comunicarse con nosotros a trav\u00e9s de los contactos v\u00e1lidos de Writolog\u00eda proporcionados en el sitio, hay direcci\u00f3n f\u00edsica, n\u00fameros de tel\u00e9fono y correo electr\u00f3nico del equipo de soporte.","robots":{"index":"index","follow":"follow","max-snippet":"max-snippet:-1","max-image-preview":"max-image-preview:large","max-video-preview":"max-video-preview:-1"},"canonical":"https:\/\/writology.com\/es\/contact-us","og_locale":"es_ES","og_type":"article","og_title":"El equipo de soporte profesional de Wrilogy est\u00e1 disponible las 24 horas del d\u00eda, los 7 d\u00edas de la semana para nuestros valiosos clientes","og_description":"Puede comunicarse con nosotros a trav\u00e9s de los contactos v\u00e1lidos de Writolog\u00eda proporcionados en el sitio, hay direcci\u00f3n f\u00edsica, n\u00fameros de tel\u00e9fono y correo electr\u00f3nico del equipo de soporte.","og_url":"https:\/\/writology.com\/es\/contact-us","og_site_name":"Writology","article_publisher":"https:\/\/www.facebook.com\/writologyofficial","og_image":[{"width":1200,"height":675,"url":"https:\/\/writology.com\/wp-content\/uploads\/2023\/05\/writology-home.png","type":"image\/png"}],"twitter_card":"summary_large_image","twitter_site":"@FWritings","twitter_misc":{"Tiempo de lectura":"1 minuto"},"schema":{"@context":"https:\/\/schema.org","@graph":[{"@type":"WebPage","@id":"https:\/\/writology.com\/es\/contact-us","url":"https:\/\/writology.com\/es\/contact-us","name":"El equipo de soporte profesional de Wrilogy est\u00e1 disponible las 24 horas del d\u00eda, los 7 d\u00edas de la semana para nuestros valiosos clientes","isPartOf":{"@id":"https:\/\/writology.com\/#website"},"datePublished":"2026-03-06T13:32:28+00:00","description":"Puede comunicarse con nosotros a trav\u00e9s de los contactos v\u00e1lidos de Writolog\u00eda proporcionados en el sitio, hay direcci\u00f3n f\u00edsica, n\u00fameros de tel\u00e9fono y correo electr\u00f3nico del equipo de soporte.","breadcrumb":{"@id":"https:\/\/writology.com\/es\/contact-us#breadcrumb"},"inLanguage":"es","potentialAction":[{"@type":"ReadAction","target":["https:\/\/writology.com\/es\/contact-us"]}]},{"@type":"BreadcrumbList","@id":"https:\/\/writology.com\/es\/contact-us#breadcrumb","itemListElement":[{"@type":"ListItem","position":1,"name":"Home","item":"https:\/\/writology.com\/es\/"},{"@type":"ListItem","position":2,"name":"Apoyo"}]},{"@type":"WebSite","@id":"https:\/\/writology.com\/#website","url":"https:\/\/writology.com\/","name":"Writology","description":"Order writing and editing services from Writology professionals","publisher":{"@id":"https:\/\/writology.com\/#organization"},"potentialAction":[{"@type":"SearchAction","target":{"@type":"EntryPoint","urlTemplate":"https:\/\/writology.com\/?s={search_term_string}"},"query-input":{"@type":"PropertyValueSpecification","valueRequired":true,"valueName":"search_term_string"}}],"inLanguage":"es"},{"@type":"Organization","@id":"https:\/\/writology.com\/#organization","name":"Writology.com","url":"https:\/\/writology.com\/","logo":{"@type":"ImageObject","inLanguage":"es","@id":"https:\/\/writology.com\/#\/schema\/logo\/image\/","url":"https:\/\/writology.com\/wp-content\/uploads\/2021\/12\/header-logo.svg","contentUrl":"https:\/\/writology.com\/wp-content\/uploads\/2021\/12\/header-logo.svg","width":1,"height":1,"caption":"Writology.com"},"image":{"@id":"https:\/\/writology.com\/#\/schema\/logo\/image\/"},"sameAs":["https:\/\/www.facebook.com\/writologyofficial","https:\/\/x.com\/FWritings"]}]}},"_links":{"self":[{"href":"https:\/\/writology.com\/wp-json\/wp\/v2\/pages\/3515","targetHints":{"allow":["GET"]}}],"collection":[{"href":"https:\/\/writology.com\/wp-json\/wp\/v2\/pages"}],"about":[{"href":"https:\/\/writology.com\/wp-json\/wp\/v2\/types\/page"}],"author":[{"embeddable":true,"href":"https:\/\/writology.com\/wp-json\/wp\/v2\/users\/1"}],"replies":[{"embeddable":true,"href":"https:\/\/writology.com\/wp-json\/wp\/v2\/comments?post=3515"}],"version-history":[{"count":1,"href":"https:\/\/writology.com\/wp-json\/wp\/v2\/pages\/3515\/revisions"}],"predecessor-version":[{"id":3516,"href":"https:\/\/writology.com\/wp-json\/wp\/v2\/pages\/3515\/revisions\/3516"}],"wp:attachment":[{"href":"https:\/\/writology.com\/wp-json\/wp\/v2\/media?parent=3515"}],"curies":[{"name":"wp","href":"https:\/\/api.w.org\/{rel}","templated":true}]}}