{"id":4236,"date":"2026-03-11T18:44:39","date_gmt":"2026-03-11T18:44:39","guid":{"rendered":"https:\/\/writology.com\/?page_id=4236"},"modified":"2026-03-11T18:44:39","modified_gmt":"2026-03-11T18:44:39","slug":"discounts","status":"publish","type":"page","link":"https:\/\/writology.com\/es\/discounts","title":{"rendered":"Descuentos atractivos en wrilogy.com"},"content":{"rendered":"<div class=\"ae-lifetime-discount\"><\/div>\n<p>Descuentos atractivos en wrilogy.com Si est\u00e1 buscando una asistencia de escritura personalizada de primera clase en l\u00ednea, definitivamente debe intentar dirigirse a wrilogy.com para obtener ayuda. Nuestra empresa ofrece muchos descuentos y ofertas especiales, por lo que definitivamente podr\u00e1 obtener ayuda de escritura personalizada asequible. Nuestra empresa ha estado ofreciendo durante mucho tiempo una amplia variedad de servicios de redacci\u00f3n.<\/p>\n<div class=\"service-actions\">\n<a class=\"button button-orange button-large\" href=\"\/prices\" title=\"Our prices\">Our prices<\/a>\n<a class=\"button button-orange-inv button-large\" href=\"\/buy?pk_campaign=order&amp;pk_source=internal&amp;pk_medium=text+page&amp;pk_url=%2Fbanners&amp;pk_term=service_action_buttons\" title=\"Order now\">Order now<\/a>\n<\/div>\n<div class=\"service-page-hr\">\n<hr>\n<\/div>\n<div class=\"service-page-body\">\n<div class=\"two-plates-text-bg\">\n<div class=\"plate-text\">\n<h2>Nuestros descuentos<\/h2>\n<p class=\"plate-subtitle\">Si duda sobre sus habilidades o conocimientos para tratar su tipo de pedido, aseg\u00farese de que puede confiar en nuestro servicio de escritura personalizada de calidad premium para obtener ayuda. Nuestra empresa definitivamente puede presumir de su amplia base de clientes de clientes leales. Adem\u00e1s, definitivamente podemos afirmar que la satisfacci\u00f3n de los clientes es nuestra principal prioridad, por lo que nos aseguramos de que todos los papeles sean de una calidad notable. Siempre que elija nuestra empresa para comprar papeles escritos personalizados, aseg\u00farese de que se cumplan los m\u00e1s estrictos requisitos. Nuestros escritores se aseguran de que se mantenga el estilo de escritura individual y de que cada tema se desarrolle adecuadamente. Adem\u00e1s, con los programas de descuento que ofrecemos de vez en cuando nuestros clientes tienen la oportunidad de ahorrar dinero y as\u00ed realizar m\u00e1s pedidos.<\/p>\n<\/div>\n<\/div>\n<div class=\"sc sc-first-discount\">\n    <div class=\"sc-content\">\n        <div class=\"sc-first-discount-header\"><b>SAVE 15% off<\/b> your first order<\/div>\n        <div class=\"sc-first-discount-text\">Please note, 1 page is <span>300 words on our site<\/span>, while most of the services write 270 words only. <b>Save 10% off your order<\/b><\/div>\n\n        <div class=\"sc-first-discount-box\">\n            <div class=\"sc-first-box-header\">With ONE ORDER you receive<\/div>\n            <ul>\n                <li>Top quality custom paper<\/li>\n                <li>Plagiarism report (on request)<\/li>\n                <li>Affiliate program<\/li>\n                <li>Private account<\/li>\n                <li>Discounts<\/li>\n            <\/ul>\n        <\/div>\n        <div class=\"sc-first-discount-order\">\n            <div class=\"sc-first-discount-box-2\">\n                <div class=\"sc-first-discount-order-1\">Get your<\/div>\n                <div class=\"sc-first-discount-order-2\">15% OFF<\/div>\n                <div class=\"sc-first-discount-order-3\">Discount for your<\/div>\n                <div class=\"sc-first-discount-order-4\">first order<\/div>\n                <a href=\"\/ws\/discount-code\/writology15?pk_campaign=first&amp;pk_source=internal&amp;pk_medium=text+page&amp;pk_url=%2Fbanners\">Order now<\/a>\n\n                <img decoding=\"async\" src=\"https:\/\/writology.com\/wp-content\/themes\/main\/images\/first-discount-girl.png\" alt=\"\">\n            <\/div>\n        <\/div>\n    <\/div>\n<\/div><\/div>\n<div class=\"service-page-hr\">\n<hr>\n<\/div>\n<div class=\"service-page-body\">\n<h2>Nuestro programa de descuento<\/h2>\n<div class=\"four-plates-text-discount\">\n<div class=\"plate\" style=\"align-items: center\">\n<p>En wrilogy.com, nuestra administraci\u00f3n de la empresa tiene como objetivo asegurarse de que nuestros clientes se mantengan leales y no se sientan sobrecargados en lo que respecta al precio de los servicios. Nuestro sistema de descuento es una de las mejores formas en que podemos expresar nuestra gratitud por el cliente que nos elige entre muchas otras agencias de redacci\u00f3n personalizadas. De tal manera, proporcionamos a\u00fan m\u00e1s beneficios a nuestros clientes potenciales y regulares.<\/p>\n<\/div>\n<div class=\"plate\">\n<div class=\"discount-block discount-block-1\">\n<div class=\"discount-block__offer\">\n<div>\n<p>5%<\/p>\n<div>De<\/div>\n<\/div>\n<\/div>\n<div class=\"discount-block__condition\">\n<div class=\"discount-block__condition__text\">por m\u00e1s de<\/div>\n<div class=\"discount-block__condition__ammount\">30+ p\u00e1ginas<\/div>\n<\/div>\n<\/div>\n<\/div>\n<div class=\"plate\">\n<div class=\"discount-block discount-block-2\">\n<div class=\"discount-block__offer\">\n<div>\n<p>10%<\/p>\n<div>De<\/div>\n<\/div>\n<\/div>\n<div class=\"discount-block__condition\">\n<div class=\"discount-block__condition__text\">por m\u00e1s de<\/div>\n<div class=\"discount-block__condition__ammount\">50+ p\u00e1ginas<\/div>\n<\/div>\n<\/div>\n<\/div>\n<div class=\"plate\">\n<div class=\"discount-block discount-block-3\">\n<div class=\"discount-block__offer\">\n<div>\n<p>15%<\/p>\n<div>De<\/div>\n<\/div>\n<\/div>\n<div class=\"discount-block__condition\">\n<div class=\"discount-block__condition__text\">por m\u00e1s de<\/div>\n<div class=\"discount-block__condition__ammount\">M\u00e1s de 100 p\u00e1ginas<\/div>\n<\/div>\n<\/div>\n<\/div>\n<\/div>\n<\/div>\n<div class=\"service-page-hr\">\n<hr>\n<\/div>\n<div class=\"try-vip-wrapper\"><div class=\"try-vip\">\n    Try VIP services or become a Writology\n    <a href=\"\/vip-account\" title=\"Become a Writology VIP client\">VIP client<\/a>\n    , benefit from the incredible opportunity at a very reasonable price. Limited time offer - order a cool\n    <a href=\"\/buy?pk_campaign=vip&amp;pk_source=internal&amp;pk_medium=text+page&amp;pk_url=%2Fbanners&amp;pk_term=try_vip&amp;goto=order\/order\/essay&amp;options[vip_services]=services_package\" title=\"VIP package with a 20% discount online!\">VIP package<\/a>\n    with a 30% discount online!\n<\/div><\/div>\n<p>Adem\u00e1s de apelar ofertas especiales y descuentos, nuestra empresa est\u00e1 trabajando actualmente para aumentar la calidad de los servicios prestados. Como tal, cuando elija nuestra empresa para cooperar, aseg\u00farese de obtener contenido de excelente calidad que corresponda a todos los requisitos e instrucciones. Adem\u00e1s, nos preocupamos no solo por la calidad del contenido, sino tambi\u00e9n por los servicios generales proporcionados por wrilogy.com. Como tal, nos hemos asegurado de que nuestro servicio de atenci\u00f3n al cliente pueda ayudar a quienes deseen hacer pedidos con nosotros para obtener ayuda impecable con sus consultas. Como tal, puede ponerse en contacto con el soporte de chat en vivo por tel\u00e9fono, correo electr\u00f3nico o correo electr\u00f3nico y obtener respuestas a las preguntas que le interesan.<\/p>\n<a class=\"get-fod\" title=\"Place your first order NOW and get 15% DISCOUNT\" href=\"\/ws\/discount-code\/writology15?pk_campaign=first&amp;pk_source=internal&amp;pk_medium=text+page&amp;pk_url=%2Fbanners&amp;pk_term=first-discount-slim\">\n    <div class=\"get-fod__place\">\n        <div>\n            Place your first order NOW\n        <\/div>\n    <\/div>\n    <div class=\"get-fod__and\">\n        and get\n    <\/div>\n    <div class=\"get-fod__offer\">\n        <div>\n            15% Discount\n        <\/div>\n    <\/div>\n<\/a>\n","protected":false},"excerpt":{"rendered":"<p>Descuentos atractivos en wrilogy.com Si est\u00e1 buscando una asistencia de escritura personalizada de primera clase en l\u00ednea, definitivamente debe intentar dirigirse a wrilogy.com para obtener ayuda. Nuestra empresa ofrece muchos descuentos y ofertas especiales, por lo que definitivamente podr\u00e1 obtener&#8230;<\/p>\n","protected":false},"author":1,"featured_media":0,"parent":0,"menu_order":0,"comment_status":"closed","ping_status":"closed","template":"","meta":{"_acf_changed":false,"_locale":"es_ES","_original_post":"https:\/\/writology.com\/?page_id=1421","footnotes":""},"class_list":["post-4236","page","type-page","status-publish","hentry","es-ES","entry"],"acf":[],"yoast_head":"<!-- This site is optimized with the Yoast SEO plugin v27.3 - https:\/\/yoast.com\/product\/yoast-seo-wordpress\/ -->\n<title>Descuentos atractivos en wrilogy.com - Writology<\/title>\n<meta name=\"robots\" content=\"index, follow, max-snippet:-1, max-image-preview:large, max-video-preview:-1\" \/>\n<link rel=\"canonical\" href=\"https:\/\/writology.com\/es\/discounts\" \/>\n<meta property=\"og:locale\" content=\"es_ES\" \/>\n<meta property=\"og:type\" content=\"article\" \/>\n<meta property=\"og:title\" content=\"Descuentos atractivos en wrilogy.com - Writology\" \/>\n<meta property=\"og:description\" content=\"Descuentos atractivos en wrilogy.com Si est\u00e1 buscando una asistencia de escritura personalizada de primera clase en l\u00ednea, definitivamente debe intentar dirigirse a wrilogy.com para obtener ayuda. Nuestra empresa ofrece muchos descuentos y ofertas especiales, por lo que definitivamente podr\u00e1 obtener...\" \/>\n<meta property=\"og:url\" content=\"https:\/\/writology.com\/es\/discounts\" \/>\n<meta property=\"og:site_name\" content=\"Writology\" \/>\n<meta property=\"article:publisher\" content=\"https:\/\/www.facebook.com\/writologyofficial\" \/>\n<meta property=\"og:image\" content=\"https:\/\/writology.com\/wp-content\/uploads\/2023\/05\/writology-home.png\" \/>\n\t<meta property=\"og:image:width\" content=\"1200\" \/>\n\t<meta property=\"og:image:height\" content=\"675\" \/>\n\t<meta property=\"og:image:type\" content=\"image\/png\" \/>\n<meta name=\"twitter:card\" content=\"summary_large_image\" \/>\n<meta name=\"twitter:site\" content=\"@FWritings\" \/>\n<meta name=\"twitter:label1\" content=\"Tiempo de lectura\" \/>\n\t<meta name=\"twitter:data1\" content=\"2 minutos\" \/>\n<!-- \/ Yoast SEO plugin. -->","yoast_head_json":{"title":"Descuentos atractivos en wrilogy.com - Writology","robots":{"index":"index","follow":"follow","max-snippet":"max-snippet:-1","max-image-preview":"max-image-preview:large","max-video-preview":"max-video-preview:-1"},"canonical":"https:\/\/writology.com\/es\/discounts","og_locale":"es_ES","og_type":"article","og_title":"Descuentos atractivos en wrilogy.com - Writology","og_description":"Descuentos atractivos en wrilogy.com Si est\u00e1 buscando una asistencia de escritura personalizada de primera clase en l\u00ednea, definitivamente debe intentar dirigirse a wrilogy.com para obtener ayuda. Nuestra empresa ofrece muchos descuentos y ofertas especiales, por lo que definitivamente podr\u00e1 obtener...","og_url":"https:\/\/writology.com\/es\/discounts","og_site_name":"Writology","article_publisher":"https:\/\/www.facebook.com\/writologyofficial","og_image":[{"width":1200,"height":675,"url":"https:\/\/writology.com\/wp-content\/uploads\/2023\/05\/writology-home.png","type":"image\/png"}],"twitter_card":"summary_large_image","twitter_site":"@FWritings","twitter_misc":{"Tiempo de lectura":"2 minutos"},"schema":{"@context":"https:\/\/schema.org","@graph":[{"@type":"WebPage","@id":"https:\/\/writology.com\/es\/discounts","url":"https:\/\/writology.com\/es\/discounts","name":"Descuentos atractivos en wrilogy.com - Writology","isPartOf":{"@id":"https:\/\/writology.com\/#website"},"datePublished":"2026-03-11T18:44:39+00:00","breadcrumb":{"@id":"https:\/\/writology.com\/es\/discounts#breadcrumb"},"inLanguage":"es","potentialAction":[{"@type":"ReadAction","target":["https:\/\/writology.com\/es\/discounts"]}]},{"@type":"BreadcrumbList","@id":"https:\/\/writology.com\/es\/discounts#breadcrumb","itemListElement":[{"@type":"ListItem","position":1,"name":"Home","item":"https:\/\/writology.com\/es\/"},{"@type":"ListItem","position":2,"name":"Descuentos atractivos en wrilogy.com"}]},{"@type":"WebSite","@id":"https:\/\/writology.com\/#website","url":"https:\/\/writology.com\/","name":"Writology","description":"Order writing and editing services from Writology professionals","publisher":{"@id":"https:\/\/writology.com\/#organization"},"potentialAction":[{"@type":"SearchAction","target":{"@type":"EntryPoint","urlTemplate":"https:\/\/writology.com\/?s={search_term_string}"},"query-input":{"@type":"PropertyValueSpecification","valueRequired":true,"valueName":"search_term_string"}}],"inLanguage":"es"},{"@type":"Organization","@id":"https:\/\/writology.com\/#organization","name":"Writology.com","url":"https:\/\/writology.com\/","logo":{"@type":"ImageObject","inLanguage":"es","@id":"https:\/\/writology.com\/#\/schema\/logo\/image\/","url":"https:\/\/writology.com\/wp-content\/uploads\/2021\/12\/header-logo.svg","contentUrl":"https:\/\/writology.com\/wp-content\/uploads\/2021\/12\/header-logo.svg","width":1,"height":1,"caption":"Writology.com"},"image":{"@id":"https:\/\/writology.com\/#\/schema\/logo\/image\/"},"sameAs":["https:\/\/www.facebook.com\/writologyofficial","https:\/\/x.com\/FWritings"]}]}},"_links":{"self":[{"href":"https:\/\/writology.com\/wp-json\/wp\/v2\/pages\/4236","targetHints":{"allow":["GET"]}}],"collection":[{"href":"https:\/\/writology.com\/wp-json\/wp\/v2\/pages"}],"about":[{"href":"https:\/\/writology.com\/wp-json\/wp\/v2\/types\/page"}],"author":[{"embeddable":true,"href":"https:\/\/writology.com\/wp-json\/wp\/v2\/users\/1"}],"replies":[{"embeddable":true,"href":"https:\/\/writology.com\/wp-json\/wp\/v2\/comments?post=4236"}],"version-history":[{"count":1,"href":"https:\/\/writology.com\/wp-json\/wp\/v2\/pages\/4236\/revisions"}],"predecessor-version":[{"id":4251,"href":"https:\/\/writology.com\/wp-json\/wp\/v2\/pages\/4236\/revisions\/4251"}],"wp:attachment":[{"href":"https:\/\/writology.com\/wp-json\/wp\/v2\/media?parent=4236"}],"curies":[{"name":"wp","href":"https:\/\/api.w.org\/{rel}","templated":true}]}}