{"id":4245,"date":"2026-03-11T19:42:35","date_gmt":"2026-03-11T19:42:35","guid":{"rendered":"https:\/\/writology.com\/?page_id=4245"},"modified":"2026-03-11T19:42:35","modified_gmt":"2026-03-11T19:42:35","slug":"vip-services","status":"publish","type":"page","link":"https:\/\/writology.com\/es\/vip-services","title":{"rendered":"Servicios de escritura VIP para su conveniencia"},"content":{"rendered":"<div class=\"service-page-body\">\n<p>Nuestro servicio de escritura personalizado es popular entre las personas de todo el mundo, ya que es realmente conveniente para ellos realizar pedidos en l\u00ednea sin la necesidad de salir de casa. Nuestra empresa puede proporcionar asistencia de escritura de alta calidad de diferentes niveles de escritura, independientemente de su especialidad. Si a\u00fan duda si es seguro cooperar con nosotros, visite el sitio web de la empresa y eche un vistazo a la secci\u00f3n de comentarios de los clientes. Los testimonios de nuestros clientes son una prueba v\u00e1lida de lo bien que podemos brindar ayuda de alta calidad para la redacci\u00f3n a medida. Un activo invaluable de nuestra empresa es que podemos escribir su tarea independientemente de su urgencia y complejidad de pedido. M\u00e1s a\u00fan, eres libre de ordenar textos sobre cualquier tema y en cualquier disciplina. Los escritores de nuestra empresa garantizan que los art\u00edculos que nos pida ser\u00e1n escaneados cuidadosamente en busca de plagio, as\u00ed como editados y revisados a fondo.<\/p>\n<div class=\"service-actions\"><a data-ft-id=\"1\">nuestros precios <\/a> <a data-ft-id=\"2\"> ordenar ahora <\/a><\/div>\n<div>\n    <div class=\"vsl vip-services-list\">\n    <div class=\"vsl__content\">\n        <div class=\"vsl__row vsl__row-top\">\n            <a href=\"\/buy?pk_campaign=order&amp;pk_source=internal&amp;pk_medium=text+page&amp;pk_url=%2Fbanners&amp;pk_term=top_writers&amp;goto=order\/order\/essay&amp;options[vip_services]=top_writers\" class=\"vsl__item vsl__item-top-left\" title=\"Get order prepared by Top 10 writers\">\n                <div class=\"vsl__item__text\">\n                    Get order prepared by Top 10 writers\n                <\/div>\n                <div class=\"vsl__item__price\">\n                    4.40 USD\n                <\/div>\n            <\/a>\n            <a href=\"\/buy?pk_campaign=order&amp;pk_source=internal&amp;pk_medium=text+page&amp;pk_url=%2Fbanners&amp;pk_term=vip_support&amp;goto=order\/order\/essay&amp;options[vip_services]=vip_support\" class=\"vsl__item vsl__item-top-center\" title=\"Get order prepared by Top 10 writers\">\n                <div class=\"vsl__item__text\">\n                    Get VIP Support\n                <\/div>\n                <div class=\"vsl__item__price\">\n                    11.55 USD\n                <\/div>\n            <\/a>\n            <a href=\"\/buy?pk_campaign=order&amp;pk_source=internal&amp;pk_medium=text+page&amp;pk_url=%2Fbanners&amp;pk_term=proofread&amp;goto=order\/order\/essay&amp;options[vip_services]=proofread_by_editor\" class=\"vsl__item vsl__item-top-right\" title=\"Get order prepared by Top 10 writers\">\n                <div class=\"vsl__item__text\">\n                    Get order Proofread by editor\n                <\/div>\n                <div class=\"vsl__item__price\">\n                    3.66 USD\n                <\/div>\n            <\/a>\n        <\/div>\n        <div class=\"vsl__row vsl__row-package\">\n            <a href=\"\/buy?pk_campaign=order&amp;pk_source=internal&amp;pk_medium=text+page&amp;pk_url=%2Fbanners&amp;pk_term=package&amp;goto=order\/order\/essay&amp;options[vip_services]=services_package\" class=\"vsl__item-package\" title=\"Get order prepared by Top 10 writers\">\n                <div class=\"vsl__item-package__text\">\n                    <span class=\"vsl__item-package__text__highlighted\">20% OFF<\/span>\n                    Save up to VIP Services package\n                    <div class=\"vsl__item-package__text__highlighted vsl__item-package__text__price\">\n                        24.48 USD\n                    <\/div>\n                <\/div>\n            <\/a>\n        <\/div>\n        <div class=\"vsl__row vsl__row-bottom\">\n            <a href=\"\/buy?pk_campaign=order&amp;pk_source=internal&amp;pk_medium=text+page&amp;pk_url=%2Fbanners&amp;pk_term=revision&amp;goto=order\/order\/essay&amp;options[vip_services]=vip_service_revision\" class=\"vsl__item vsl__item-bottom-left\" title=\"Get order prepared by Top 10 writers\">\n                <div class=\"vsl__item__text\">\n                    Get extended REVISION\n                <\/div>\n                <div class=\"vsl__item__price\">\n                    2.00 USD\n                <\/div>\n            <\/a>\n            <a href=\"\/buy?pk_campaign=order&amp;pk_source=internal&amp;pk_medium=text+page&amp;pk_url=%2Fbanners&amp;pk_term=sms&amp;goto=order\/order\/essay&amp;options[vip_services]=vip_service_sms\" class=\"vsl__item vsl__item-bottom-center\" title=\"Get order prepared by Top 10 writers\">\n                <div class=\"vsl__item__text\">\n                    Get SMS NOTIFICATIONS\n                <\/div>\n                <div class=\"vsl__item__price\">\n                    3.00 USD\n                <\/div>\n            <\/a>\n            <a href=\"\/buy?pk_campaign=order&amp;pk_source=internal&amp;pk_medium=text+page&amp;pk_url=%2Fbanners&amp;pk_term=plagiarism&amp;goto=order\/order\/essay&amp;options[vip_services]=vip_service_plagiarism\" class=\"vsl__item vsl__item-bottom-right\" title=\"Get order prepared by Top 10 writers\">\n                <div class=\"vsl__item__text\">\n                    Get additional PLAGIARISM CHECK\n                <\/div>\n                <div class=\"vsl__item__price\">\n                    5.99 USD\n                <\/div>\n            <\/a>\n        <\/div>\n    <\/div>\n<\/div>\n    <\/div>\n<div class=\"service-page-hr\">\n<hr>\n<\/div>\n<div class=\"service-page-body\">\n<p>Adem\u00e1s de los servicios de escritura de calidad premium, tambi\u00e9n podemos presumir de un equipo de atenci\u00f3n al cliente amigable y receptivo que opera las 24 horas del d\u00eda, los 7 d\u00edas de la semana. Como tal, puede realizar su pedido en cualquier momento del d\u00eda o de la noche que sea conveniente para usted. Por lo tanto, si tiene una tarea urgente, incluso puede recibirla durante la noche o dentro de unas pocas horas si es necesario. Ponerse en contacto con el equipo de atenci\u00f3n al cliente tambi\u00e9n le permite obtener respuestas a sus consultas o respuestas a sus preguntas o problemas que surjan. Aseg\u00farese de que nuestros representantes de atenci\u00f3n al cliente est\u00e9n siempre en l\u00ednea sin importar la hora del d\u00eda o de la noche.<\/p>\n<p>Otra caracter\u00edstica que hace que nuestra empresa sea realmente valorada por los clientes son los precios razonables que son asequibles. Dado que la mayor parte de la base de clientes se compone de clientes, era importante para nosotros establecer precios justos que no hicieran sentir a nuestros clientes de m\u00e1s. Con tal enfoque, podemos estar seguros de que los clientes pueden confiar en nosotros para obtener ayuda profesional.<\/p>\n<p>Cada vez que realice un pedido con nosotros, aseg\u00farese de que obtendr\u00e1 un papel escrito estrictamente de acuerdo con sus instrucciones. Garantizamos que cada papel que entregamos se escribir\u00e1 desde cero de acuerdo con sus requisitos individuales. Se garantiza la autenticidad y originalidad del contenido.<\/p>\n<p class=\"list-title\">Si est\u00e1 interesado en qu\u00e9 servicios VIP espec\u00edficos puede elegir entre nosotros, consulte lo siguiente:<\/p>\n<ul class=\"list-girl-bg\">\n<li>Cooperando con el mejor escritor.<\/li>\n<li>Edici\u00f3n y correcci\u00f3n adicionales.<\/li>\n<li>Opciones de revisi\u00f3n y revisi\u00f3n extendida.<\/li>\n<li>Servicio de atenci\u00f3n al cliente.<\/li>\n<li>Notificaciones por SMS sobre cualquier actualizaci\u00f3n.<\/li>\n<li>Comprobaci\u00f3n minuciosa de plagio.<\/li>\n<\/ul>\n<p>No obstante, la variedad de los servicios de nuestra empresa no se limita a los antes mencionados. Puede dirigirse a los expertos de nuestra empresa para obtener ayuda, independientemente del tipo de pedido que necesite. Lo que tienes que hacer es ponerte en contacto con nuestra empresa y proporcionarnos instrucciones espec\u00edficas. Nuestros representantes de atenci\u00f3n al cliente pronto se comunicar\u00e1n con usted y lo ayudar\u00e1n a comunicarse con usted sobre el tipo de servicio que est\u00e1 buscando. Adem\u00e1s, al asignar a un escritor para que trabaje en su art\u00edculo, la administraci\u00f3n de nuestra empresa se asegurar\u00e1 de que el escritor se especialice en su curso o \u00e1rea tem\u00e1tica. Nuestros servicios de escritura personalizada VIP tambi\u00e9n garantizan que toda la informaci\u00f3n personal y de contacto que nos proporcione se mantenga en confidencialidad. Por lo tanto, aseg\u00farese de que ninguno de sus profesores, colegas o compa\u00f1eros de grupo se entere de que ha estado cooperando con nosotros. Cuando buscas ayuda de nuestra empresa, no tienes que preocuparte por nada.<\/p>\n<\/div>\n<div class=\"service-page-hr\">\n<hr>\n<\/div>\n<div class=\"service-page-body\">\n<h2>Calidad VIP de la escritura personalizada<\/h2>\n<p>Para garantizar a todos nuestros clientes una excelente calidad de escritura, tenemos que contratar solo a los escritores m\u00e1s talentosos y experimentados. De esa manera, podemos asegurarnos de que nuestros escritores puedan hacer frente incluso a los tipos de pedidos m\u00e1s complicados. Cuando una persona solicita el puesto de escritor en nuestra empresa, nos aseguramos de que tenga todas las calificaciones necesarias para cumplir con los est\u00e1ndares y requisitos de nuestra empresa. Como tal, la administraci\u00f3n de la empresa pone a prueba las habilidades blandas y duras de los solicitantes, as\u00ed como su competencia en disciplinas espec\u00edficas. Adem\u00e1s, nuestra empresa prefiere contratar escritores con maestr\u00eda y doctorado, as\u00ed como hablantes nativos de ingl\u00e9s. Todos estos criterios nos ayudan a garantizar que cooperemos solo con verdaderos expertos en el campo de la escritura.<\/p>\n<p>Cuando utilice nuestros servicios de escritura VIP, puede estar seguro de que su tarea se manejar\u00e1 con el cuidado adecuado y la atenci\u00f3n escrupulosa. Nuestros escritores no solo prestan atenci\u00f3n al contenido en general, sino tambi\u00e9n a aspectos como la elecci\u00f3n del vocabulario, la estructura de la oraci\u00f3n, la puntuaci\u00f3n, la ortograf\u00eda y la gram\u00e1tica. Aseg\u00farese de que los escritores de nuestra empresa nunca usen plantillas o muestras en l\u00ednea: cada papel est\u00e1 escrito estrictamente seg\u00fan sus requisitos individuales. Si tiene algunas instrucciones o plantillas espec\u00edficas de su profesor, que se deben seguir, entonces seguramente puede subirlas.<\/p>\n<\/div>\n<div class=\"service-page-hr\">\n<hr>\n<\/div>\n<div class=\"service-page-body\">\n<h2>Atenci\u00f3n al cliente de alta calidad<\/h2>\n<p>Cuando realice un pedido desde nuestro sitio web, no solo obtendr\u00e1 un trabajo perfectamente escrito, sino que podr\u00e1 disfrutar de la asistencia de atenci\u00f3n al cliente. Aseg\u00farese de que nunca se quedar\u00e1 solo si necesita ayuda con su pedido. Nuestros amables representantes de atenci\u00f3n al cliente lo ayudar\u00e1n con cualquier pregunta que tenga. Nuestra empresa ofrece algunas opciones con la ayuda de las cuales puede ponerse en contacto con nuestros representantes de atenci\u00f3n al cliente. Por ejemplo, puede hacerlo por correo electr\u00f3nico, tel\u00e9fono o soporte de caracteres en vivo. Nuestros agentes lo ayudar\u00e1n a lidiar incluso con las tareas m\u00e1s urgentes y urgentes. Por lo tanto, nunca dude en pedirnos ayuda: estamos disponibles las 24 horas.<\/p>\n<div class=\"a-class-essay\">\n    <div class=\"a-class-essay__percent\">\n        <span>100%<\/span>\n    <\/div>\n    <div class=\"a-class-essay__text\">\n        Best Custom Writing Help. <b>Satisfaction Guarantee<\/b>\n    <\/div>\n<\/div>\n<h2>Equipo editorial impecable<\/h2>\n<p>Adem\u00e1s de la excelente asistencia de nuestros agentes de atenci\u00f3n al cliente, ofrecemos una excelente ayuda de edici\u00f3n y revisi\u00f3n. A veces, el proceso de escritura personalizado por s\u00ed solo no siempre puede garantizar un contenido impecable, por lo tanto, la necesidad de alentar a los editores a unirse al proceso. Si utiliza nuestros servicios VIP, puede estar seguro de que su documento tambi\u00e9n ser\u00e1 editado y revisado detenidamente despu\u00e9s de su finalizaci\u00f3n. Adem\u00e1s, puede confiar en ofertas y descuentos especiales a lo largo de este proceso.<\/p>\n<h2>Obtenga el pedido en partes<\/h2>\n<p>Al pedir papeles largos, puede disfrutar de la opci\u00f3n de recibir su pedido en piezas. Como tal, podr\u00e1 monitorear el proceso de escritura y asegurarse de que su escritor asignado trabaje de manera completa y consistente en \u00e9l. Adem\u00e1s, podr\u00e1 seguir la direcci\u00f3n de la escritura y la investigaci\u00f3n, por lo tanto, podr\u00e1 cooperar con su escritor y enviarle algunos comentarios o recomendaciones sobre el contenido y el desarrollo de las ideas.<\/p>\n<p>En general, comprar paquete de escritura personalizada VIP es una excelente opci\u00f3n si desea asegurarse de que su papel sea tratado con sumo cuidado. Estamos aqu\u00ed para brindarle asistencia de primer nivel de nuestros escritores competentes, editores profesionales y representantes de atenci\u00f3n al cliente receptivos.<\/p>\n<\/div>\n<\/div>\n<a href=\"\/affiliate-program\" target=\"_blank\" title=\"Invite your friends  to use our service and receive 10% from every their order\" class=\"invite-friends\">\n    <div class=\"invite-friends__content\">\n        <div class=\"invite-friends__content__text\">\n            <div class=\"invite-friends__content__text__top\">\n                Invite your friends\n            <\/div>\n            <div class=\"invite-friends__content__text__bottom\">\n                to use our service and receive from every their order\n            <\/div>\n        <\/div>\n        <div class=\"invite-friends__content__percent\">\n            10%\n        <\/div>\n    <\/div>\n<\/a>\n","protected":false},"excerpt":{"rendered":"<p>Nuestro servicio de escritura personalizado es popular entre las personas de todo el mundo, ya que es realmente conveniente para ellos realizar pedidos en l\u00ednea sin la necesidad de salir de casa. Nuestra empresa puede proporcionar asistencia de escritura de&#8230;<\/p>\n","protected":false},"author":1,"featured_media":0,"parent":0,"menu_order":0,"comment_status":"closed","ping_status":"closed","template":"","meta":{"_acf_changed":false,"_locale":"es_ES","_original_post":"http:\/\/old.writology.com\/?page_id=2029","footnotes":""},"class_list":["post-4245","page","type-page","status-publish","hentry","es-ES","entry"],"acf":[],"yoast_head":"<!-- This site is optimized with the Yoast SEO plugin v27.3 - https:\/\/yoast.com\/product\/yoast-seo-wordpress\/ -->\n<title>Solicite servicios de escritura personalizada VIP para su comodidad<\/title>\n<meta name=\"description\" content=\"Los servicios de escritura personalizada VIP de nuestra empresa est\u00e1n destinados a usted si desea asegurarse de que su pedido se maneja perfectamente. Siga leyendo y compre servicios VIP de nosotros.\" \/>\n<meta name=\"robots\" content=\"index, follow, max-snippet:-1, max-image-preview:large, max-video-preview:-1\" \/>\n<link rel=\"canonical\" href=\"https:\/\/writology.com\/es\/vip-services\" \/>\n<meta property=\"og:locale\" content=\"es_ES\" \/>\n<meta property=\"og:type\" content=\"article\" \/>\n<meta property=\"og:title\" content=\"Solicite servicios de escritura personalizada VIP para su comodidad\" \/>\n<meta property=\"og:description\" content=\"Los servicios de escritura personalizada VIP de nuestra empresa est\u00e1n destinados a usted si desea asegurarse de que su pedido se maneja perfectamente. Siga leyendo y compre servicios VIP de nosotros.\" \/>\n<meta property=\"og:url\" content=\"https:\/\/writology.com\/es\/vip-services\" \/>\n<meta property=\"og:site_name\" content=\"Writology\" \/>\n<meta property=\"article:publisher\" content=\"https:\/\/www.facebook.com\/writologyofficial\" \/>\n<meta property=\"og:image\" content=\"https:\/\/writology.com\/wp-content\/uploads\/2023\/05\/writology-home.png\" \/>\n\t<meta property=\"og:image:width\" content=\"1200\" \/>\n\t<meta property=\"og:image:height\" content=\"675\" \/>\n\t<meta property=\"og:image:type\" content=\"image\/png\" \/>\n<meta name=\"twitter:card\" content=\"summary_large_image\" \/>\n<meta name=\"twitter:site\" content=\"@FWritings\" \/>\n<meta name=\"twitter:label1\" content=\"Tiempo de lectura\" \/>\n\t<meta name=\"twitter:data1\" content=\"6 minutos\" \/>\n<!-- \/ Yoast SEO plugin. -->","yoast_head_json":{"title":"Solicite servicios de escritura personalizada VIP para su comodidad","description":"Los servicios de escritura personalizada VIP de nuestra empresa est\u00e1n destinados a usted si desea asegurarse de que su pedido se maneja perfectamente. Siga leyendo y compre servicios VIP de nosotros.","robots":{"index":"index","follow":"follow","max-snippet":"max-snippet:-1","max-image-preview":"max-image-preview:large","max-video-preview":"max-video-preview:-1"},"canonical":"https:\/\/writology.com\/es\/vip-services","og_locale":"es_ES","og_type":"article","og_title":"Solicite servicios de escritura personalizada VIP para su comodidad","og_description":"Los servicios de escritura personalizada VIP de nuestra empresa est\u00e1n destinados a usted si desea asegurarse de que su pedido se maneja perfectamente. Siga leyendo y compre servicios VIP de nosotros.","og_url":"https:\/\/writology.com\/es\/vip-services","og_site_name":"Writology","article_publisher":"https:\/\/www.facebook.com\/writologyofficial","og_image":[{"width":1200,"height":675,"url":"https:\/\/writology.com\/wp-content\/uploads\/2023\/05\/writology-home.png","type":"image\/png"}],"twitter_card":"summary_large_image","twitter_site":"@FWritings","twitter_misc":{"Tiempo de lectura":"6 minutos"},"schema":{"@context":"https:\/\/schema.org","@graph":[{"@type":"WebPage","@id":"https:\/\/writology.com\/es\/vip-services","url":"https:\/\/writology.com\/es\/vip-services","name":"Solicite servicios de escritura personalizada VIP para su comodidad","isPartOf":{"@id":"https:\/\/writology.com\/#website"},"datePublished":"2026-03-11T19:42:35+00:00","description":"Los servicios de escritura personalizada VIP de nuestra empresa est\u00e1n destinados a usted si desea asegurarse de que su pedido se maneja perfectamente. Siga leyendo y compre servicios VIP de nosotros.","breadcrumb":{"@id":"https:\/\/writology.com\/es\/vip-services#breadcrumb"},"inLanguage":"es","potentialAction":[{"@type":"ReadAction","target":["https:\/\/writology.com\/es\/vip-services"]}]},{"@type":"BreadcrumbList","@id":"https:\/\/writology.com\/es\/vip-services#breadcrumb","itemListElement":[{"@type":"ListItem","position":1,"name":"Home","item":"https:\/\/writology.com\/es\/"},{"@type":"ListItem","position":2,"name":"Servicios de escritura VIP para su conveniencia"}]},{"@type":"WebSite","@id":"https:\/\/writology.com\/#website","url":"https:\/\/writology.com\/","name":"Writology","description":"Order writing and editing services from Writology professionals","publisher":{"@id":"https:\/\/writology.com\/#organization"},"potentialAction":[{"@type":"SearchAction","target":{"@type":"EntryPoint","urlTemplate":"https:\/\/writology.com\/?s={search_term_string}"},"query-input":{"@type":"PropertyValueSpecification","valueRequired":true,"valueName":"search_term_string"}}],"inLanguage":"es"},{"@type":"Organization","@id":"https:\/\/writology.com\/#organization","name":"Writology.com","url":"https:\/\/writology.com\/","logo":{"@type":"ImageObject","inLanguage":"es","@id":"https:\/\/writology.com\/#\/schema\/logo\/image\/","url":"https:\/\/writology.com\/wp-content\/uploads\/2021\/12\/header-logo.svg","contentUrl":"https:\/\/writology.com\/wp-content\/uploads\/2021\/12\/header-logo.svg","width":1,"height":1,"caption":"Writology.com"},"image":{"@id":"https:\/\/writology.com\/#\/schema\/logo\/image\/"},"sameAs":["https:\/\/www.facebook.com\/writologyofficial","https:\/\/x.com\/FWritings"]}]}},"_links":{"self":[{"href":"https:\/\/writology.com\/wp-json\/wp\/v2\/pages\/4245","targetHints":{"allow":["GET"]}}],"collection":[{"href":"https:\/\/writology.com\/wp-json\/wp\/v2\/pages"}],"about":[{"href":"https:\/\/writology.com\/wp-json\/wp\/v2\/types\/page"}],"author":[{"embeddable":true,"href":"https:\/\/writology.com\/wp-json\/wp\/v2\/users\/1"}],"replies":[{"embeddable":true,"href":"https:\/\/writology.com\/wp-json\/wp\/v2\/comments?post=4245"}],"version-history":[{"count":1,"href":"https:\/\/writology.com\/wp-json\/wp\/v2\/pages\/4245\/revisions"}],"predecessor-version":[{"id":4255,"href":"https:\/\/writology.com\/wp-json\/wp\/v2\/pages\/4245\/revisions\/4255"}],"wp:attachment":[{"href":"https:\/\/writology.com\/wp-json\/wp\/v2\/media?parent=4245"}],"curies":[{"name":"wp","href":"https:\/\/api.w.org\/{rel}","templated":true}]}}